{"id":401,"date":"2019-10-09T09:59:25","date_gmt":"2019-10-09T09:59:25","guid":{"rendered":"https:\/\/id.letras.up.pt\/citcem-fontes-documentais\/?page_id=401"},"modified":"2022-04-19T10:04:09","modified_gmt":"2022-04-19T10:04:09","slug":"publicacoes","status":"publish","type":"page","link":"https:\/\/id.letras.up.pt\/citcem-fontes-documentais\/publicacoes\/","title":{"rendered":"Publica\u00e7\u00f5es"},"content":{"rendered":"\n<h1 class=\"wp-block-heading\">Pergaminhos de uma colec\u00e7\u00e3o particular<\/h1>\n\n\n\n<div class=\"wp-block-columns has-2-columns is-layout-flex wp-container-core-columns-is-layout-28f84493 wp-block-columns-is-layout-flex\">\n<div class=\"wp-block-column is-layout-flow wp-block-column-is-layout-flow\">\n<p class=\"has-normal-font-size\"><em>Pergaminhos de uma colec\u00e7\u00e3o particular<\/em>  \/ org.,  apresenta\u00e7\u00e3o, leitura e transcri\u00e7\u00e3o paleogr\u00e1fica Lu\u00eds Carlos  Amaral,  Maria Jo\u00e3o Oliveira e Silva. &#8211; Porto : CITCEM &#8211; Centro de  Investiga\u00e7\u00e3o  Transdisciplinar \u00abCultura, Espa\u00e7o e Mem\u00f3ria\u00bb <\/p>\n\n\n\n<p><a href=\"http:\/\/id.bnportugal.gov.pt\/bib\/bibnacional\/1961613\">http:\/\/id.bnportugal.gov.pt\/bib\/bibnacional\/1961613<\/a><\/p>\n<\/div>\n\n\n\n<div class=\"wp-block-column is-layout-flow wp-block-column-is-layout-flow\">\n<div class=\"wp-block-image\"><figure class=\"aligncenter is-resized\"><img loading=\"lazy\" decoding=\"async\" src=\"https:\/\/id.letras.up.pt\/citcem-fontes-documentais\/wp-content\/uploads\/2019\/10\/livro-pergaminhos.jpg\" alt=\"capa-pergaminhos\" class=\"wp-image-431\" width=\"173\" height=\"245\" srcset=\"https:\/\/id.letras.up.pt\/citcem-fontes-documentais\/wp-content\/uploads\/2019\/10\/livro-pergaminhos.jpg 230w, https:\/\/id.letras.up.pt\/citcem-fontes-documentais\/wp-content\/uploads\/2019\/10\/livro-pergaminhos-212x300.jpg 212w, https:\/\/id.letras.up.pt\/citcem-fontes-documentais\/wp-content\/uploads\/2019\/10\/livro-pergaminhos-205x291.jpg 205w\" sizes=\"auto, (max-width: 173px) 100vw, 173px\" \/><\/figure><\/div>\n<\/div>\n<\/div>\n\n\n\n<div class=\"wp-block-columns has-2-columns is-layout-flex wp-container-core-columns-is-layout-28f84493 wp-block-columns-is-layout-flex\">\n<div class=\"wp-block-column is-layout-flow wp-block-column-is-layout-flow\">\n<h2 class=\"wp-block-heading\">Coordena\u00e7\u00e3o<\/h2>\n\n\n\n<p>Lu\u00eds Carlos Amaral<\/p>\n\n\n\n<p>Maria Jo\u00e3o Oliveira e Silva<\/p>\n<\/div>\n\n\n\n<div class=\"wp-block-column is-layout-flow wp-block-column-is-layout-flow\">\n<h2 class=\"wp-block-heading\">Edi\u00e7\u00e3o e Revis\u00e3o<\/h2>\n\n\n\n<p>Maria Jo\u00e3o Oliveira e Silva<\/p>\n<\/div>\n<\/div>\n\n\n\n<div class=\"wp-block-columns has-2-columns is-layout-flex wp-container-core-columns-is-layout-28f84493 wp-block-columns-is-layout-flex\">\n<div class=\"wp-block-column is-layout-flow wp-block-column-is-layout-flow\">\n<h2 class=\"wp-block-heading\">Colaboradores<\/h2>\n\n\n\n<p>Maria Jo\u00e3o Oliveira e Silva<\/p>\n<\/div>\n\n\n\n<div class=\"wp-block-column is-layout-flow wp-block-column-is-layout-flow\">\n<h2 class=\"wp-block-heading\">ISBN<\/h2>\n\n\n\n<p>ISBN 978-972-36-1460-2  (Afrontamento) &#8211; ISBN 978-989-8351-50-0 (CITCEM)<\/p>\n<\/div>\n<\/div>\n","protected":false},"excerpt":{"rendered":"<p>Pergaminhos de uma colec\u00e7\u00e3o particular Pergaminhos de uma colec\u00e7\u00e3o particular \/ org., apresenta\u00e7\u00e3o, leitura e transcri\u00e7\u00e3o paleogr\u00e1fica Lu\u00eds Carlos Amaral, Maria Jo\u00e3o Oliveira e Silva. &#8211; Porto : CITCEM &#8211; Centro de Investiga\u00e7\u00e3o Transdisciplinar \u00abCultura, Espa\u00e7o e Mem\u00f3ria\u00bb http:\/\/id.bnportugal.gov.pt\/bib\/bibnacional\/1961613 Coordena\u00e7\u00e3o Lu\u00eds Carlos Amaral Maria Jo\u00e3o Oliveira e Silva Edi\u00e7\u00e3o e Revis\u00e3o Maria Jo\u00e3o Oliveira e [&hellip;]<\/p>\n","protected":false},"author":1,"featured_media":4072,"parent":0,"menu_order":0,"comment_status":"closed","ping_status":"closed","template":"","meta":{"footnotes":""},"class_list":["post-401","page","type-page","status-publish","has-post-thumbnail","hentry"],"_links":{"self":[{"href":"https:\/\/id.letras.up.pt\/citcem-fontes-documentais\/wp-json\/wp\/v2\/pages\/401","targetHints":{"allow":["GET"]}}],"collection":[{"href":"https:\/\/id.letras.up.pt\/citcem-fontes-documentais\/wp-json\/wp\/v2\/pages"}],"about":[{"href":"https:\/\/id.letras.up.pt\/citcem-fontes-documentais\/wp-json\/wp\/v2\/types\/page"}],"author":[{"embeddable":true,"href":"https:\/\/id.letras.up.pt\/citcem-fontes-documentais\/wp-json\/wp\/v2\/users\/1"}],"replies":[{"embeddable":true,"href":"https:\/\/id.letras.up.pt\/citcem-fontes-documentais\/wp-json\/wp\/v2\/comments?post=401"}],"version-history":[{"count":0,"href":"https:\/\/id.letras.up.pt\/citcem-fontes-documentais\/wp-json\/wp\/v2\/pages\/401\/revisions"}],"wp:featuredmedia":[{"embeddable":true,"href":"https:\/\/id.letras.up.pt\/citcem-fontes-documentais\/wp-json\/wp\/v2\/media\/4072"}],"wp:attachment":[{"href":"https:\/\/id.letras.up.pt\/citcem-fontes-documentais\/wp-json\/wp\/v2\/media?parent=401"}],"curies":[{"name":"wp","href":"https:\/\/api.w.org\/{rel}","templated":true}]}}