








{"id":4018,"date":"2023-10-21T20:04:59","date_gmt":"2023-10-21T20:04:59","guid":{"rendered":"https:\/\/clup.pt\/?page_id=4018"},"modified":"2026-04-02T11:56:14","modified_gmt":"2026-04-02T11:56:14","slug":"manuel-celio-conceicao","status":"publish","type":"page","link":"https:\/\/id.letras.up.pt\/clup\/?page_id=4018","title":{"rendered":"Manuel C\u00e9lio Concei\u00e7\u00e3o"},"content":{"rendered":"\n<figure class=\"wp-block-image size-full\"><img decoding=\"async\" src=\"\/clup\/wp-content\/uploads\/2023\/10\/transferir-1.jpeg\" alt=\"\" class=\"wp-image-4020\" \/><\/figure>\n\n\n\n<p><strong>NOTA BIOGR\u00c1FICA<\/strong><\/p>\n\n\n\n<div class=\"wp-block-group\"><div class=\"wp-block-group__inner-container is-layout-constrained wp-block-group-is-layout-constrained\">\n<p>Professor associado de Ci\u00eancias da Linguagem na Universidade do Algarve (UAlg).<\/p>\n\n\n\n<p>Coordenador na \u00e1rea das l\u00ednguas e culturas na Faculdade de Ci\u00eancias Humanas e Sociais da UAlg.<\/p>\n\n\n\n<p>Vice-Presidente do Conselho Geral da Universidade do Algarve.<\/p>\n\n\n\n<p>Investigador do Centro de Investiga\u00e7\u00e3o em Artes e Comunica\u00e7\u00e3o (CIAC).<\/p>\n\n\n\n<p>Membro da Comiss\u00e3o Cient\u00edfica da Rede Panlatina de Terminologia e membro da dire\u00e7\u00e3o do Observat\u00f3rio de Terminologia e Pol\u00edticas Lingu\u00edsticas da Universidade Cat\u00f3lica do Sagrado Cora\u00e7\u00e3o (Mil\u00e3o).<\/p>\n\n\n\n<p>Coordenador do Grupo de Comunica\u00e7\u00e3o e Ci\u00eancia da Universidade Europeia dos Mares (SEA-UE) e representante desta Alian\u00e7a para o Multilinguismo na Associa\u00e7\u00e3o das Alian\u00e7as Europeias de Universidades.<\/p>\n\n\n\n<p>\u00c1reas de ensino e investiga\u00e7\u00e3o: ci\u00eancias da linguagem; lexicologia, terminologia e comunica\u00e7\u00e3o de ci\u00eancia; multilinguismo e pol\u00edticas lingu\u00edsticas; did\u00e1tica das l\u00ednguas.<\/p>\n\n\n\n<p>Exerceu fun\u00e7\u00f5es de diretor da Faculdade de Ci\u00eancias Humanas e Sociais, pr\u00f3-reitor da Universidade do Algarve; presidente do Conselho Europeu das L\u00ednguas; presidente da Rede de Lexicologia, Terminologia e Tradu\u00e7\u00e3o (rede membro da Ag\u00eancia International da Francofonia).<\/p>\n\n\n\n<p>V\u00e1rios projetos de investiga\u00e7\u00e3o em curso financiados internacionalmente sobre a gest\u00e3o da diversidade lingu\u00edstica no ensino superior e sobre a comunica\u00e7\u00e3o na ci\u00eanciaEditor do European Journal of Language Policy\/ Revue Europ\u00e9enne de Politique Linguistique\u2013 (a partir de janeiro de 2024).<\/p>\n\n\n\n<p>\u201cChevalier\u201d da Ordem das Artes e das Letras da Rep\u00fablica Francesa.<\/p>\n<\/div><\/div>\n\n\n\n<p><\/p>\n\n\n\n<p><\/p>\n\n\n\n<div class=\"wp-block-group\"><div class=\"wp-block-group__inner-container is-layout-constrained wp-block-group-is-layout-constrained\">\n<p><strong>RESUMO<\/strong><\/p>\n\n\n\n<p><strong>Portugu\u00eas, terminologias e comunica\u00e7\u00e3o de ci\u00eancia<\/strong><\/p>\n\n\n\n<p>Manuel C\u00e9lio Concei\u00e7\u00e3o<\/p>\n\n\n\n<p>Universidade do Algarve<\/p>\n\n\n\n<p><\/p>\n\n\n\n<p>No quadro de um multilinguismo societal que as comunidades cient\u00edficas por vezes tendem a reduzira um monolinguismo de linga franca, pretendemos com esta apresenta\u00e7\u00e3o refletir acerca da imperiosa necessidade da diversidade lingu\u00edstica em ci\u00eancia. Tal n\u00e3o se pode alcan\u00e7ar sem, entre outros, investiga\u00e7\u00e3o em terminologia (mono e multilingue). Enfatizaremos a necessidade de evitar perdas de dom\u00ednio em portugu\u00eas para que n\u00e3o haja perda de l\u00edngua. Real\u00e7aremos a relev\u00e2ncia das variedades e das variantes terminol\u00f3gicas da l\u00edngua portuguesa, nas suas diferentes geografias, f\u00edsicas e n\u00e3o s\u00f3, como garantes da multidimensionalidade conceptual, denominativa e comunicativa dos saberes institu\u00eddos ou a criar. O portugu\u00eas, na sua express\u00e3o quase global, feita de muitos locais e de rela\u00e7\u00f5es com in\u00fameras outras l\u00ednguas, \u00e9 concebido como l\u00edngua de ci\u00eancia, promotora de equidade cognitiva e comunicativa e de potencial sustentabilidade e afirma\u00e7\u00e3o do conhecimento, mantendo patrim\u00f3nios, respeitando heran\u00e7as e inventando futuros.<\/p>\n<\/div><\/div>\n","protected":false},"excerpt":{"rendered":"NOTA BIOGR\u00c1FICA Professor associado de Ci\u00eancias da Linguagem na Universidade do Algarve (UAlg). Coordenador na \u00e1rea das l\u00ednguas e culturas na Faculdade de Ci\u00eancias Humanas e Sociais da UAlg. Vice-Presidente do Conselho Geral da Universidade do Algarve. Investigador do Centro de Investiga\u00e7\u00e3o em Artes e Comunica\u00e7\u00e3o (CIAC). Membro da Comiss\u00e3o Cient\u00edfica da Rede Panlatina de [&hellip;]","protected":false},"author":1,"featured_media":0,"parent":3931,"menu_order":0,"comment_status":"closed","ping_status":"closed","template":"","meta":{"footnotes":""},"class_list":["post-4018","page","type-page","status-publish","hentry"],"_links":{"self":[{"href":"https:\/\/id.letras.up.pt\/clup\/index.php?rest_route=\/wp\/v2\/pages\/4018","targetHints":{"allow":["GET"]}}],"collection":[{"href":"https:\/\/id.letras.up.pt\/clup\/index.php?rest_route=\/wp\/v2\/pages"}],"about":[{"href":"https:\/\/id.letras.up.pt\/clup\/index.php?rest_route=\/wp\/v2\/types\/page"}],"author":[{"embeddable":true,"href":"https:\/\/id.letras.up.pt\/clup\/index.php?rest_route=\/wp\/v2\/users\/1"}],"replies":[{"embeddable":true,"href":"https:\/\/id.letras.up.pt\/clup\/index.php?rest_route=%2Fwp%2Fv2%2Fcomments&post=4018"}],"version-history":[{"count":1,"href":"https:\/\/id.letras.up.pt\/clup\/index.php?rest_route=\/wp\/v2\/pages\/4018\/revisions"}],"predecessor-version":[{"id":6906,"href":"https:\/\/id.letras.up.pt\/clup\/index.php?rest_route=\/wp\/v2\/pages\/4018\/revisions\/6906"}],"up":[{"embeddable":true,"href":"https:\/\/id.letras.up.pt\/clup\/index.php?rest_route=\/wp\/v2\/pages\/3931"}],"wp:attachment":[{"href":"https:\/\/id.letras.up.pt\/clup\/index.php?rest_route=%2Fwp%2Fv2%2Fmedia&parent=4018"}],"curies":[{"name":"wp","href":"https:\/\/api.w.org\/{rel}","templated":true}]}}