








{"id":4604,"date":"2024-01-08T15:45:47","date_gmt":"2024-01-08T15:45:47","guid":{"rendered":"https:\/\/clup.pt\/?page_id=4604"},"modified":"2026-04-02T10:45:07","modified_gmt":"2026-04-02T10:45:07","slug":"arquivodialetal-amostra92","status":"publish","type":"page","link":"https:\/\/id.letras.up.pt\/clup\/?page_id=4604","title":{"rendered":"Amostra 92"},"content":{"rendered":"\n<p><a href=\"https:\/\/id.letras.up.pt\/clup\/wp-content\/uploads\/2024\/04\/92.mp3\">Grava\u00e7\u00e3o<\/a><\/p>\n\n\n\n<p><a href=\"\/clup\/wp-content\/uploads\/2024\/01\/92.jpg\" target=\"_blank\" rel=\"noreferrer noopener\">Descri\u00e7\u00e3o<\/a><\/p>\n\n\n\n<p><a href=\"\/clup\/wp-content\/uploads\/2024\/01\/92-1.pdf\" target=\"_blank\" rel=\"noreferrer noopener\">Transcri\u00e7\u00e3o Fon\u00e9tica<\/a><\/p>\n\n\n\n<p><a href=\"\/clup\/wp-content\/uploads\/2024\/01\/92-2.pdf\" target=\"_blank\" rel=\"noreferrer noopener\">Transcri\u00e7\u00e3o Ortogr\u00e1fica<\/a><\/p>\n\n\n\n<p><a href=\"\/clup\/wp-content\/uploads\/2024\/01\/92.pdf\" target=\"_blank\" rel=\"noreferrer noopener\">Transcri\u00e7\u00e3o Ortogr\u00e1fica e Fon\u00e9tica<\/a><\/p>\n\n\n\n<p><\/p>\n\n\n\n<figure class=\"wp-block-image\"><a href=\"https:\/\/creativecommons.org\/licenses\/by-sa\/4.0\/\"><img decoding=\"async\" src=\"https:\/\/cl.up.pt\/arquivo\/imagens\/cc.jpg\" alt=\"\"\/><\/a><\/figure>\n\n\n\n<p>Esta&nbsp;obra&nbsp;est\u00e1 licenciada sob uma&nbsp;<a href=\"https:\/\/creativecommons.org\/licenses\/by-sa\/4.0\/\" target=\"_blank\" rel=\"noreferrer noopener\">Licen\u00e7a Creative Commons<\/a>.<br>This work is licenced under a&nbsp;<a href=\"https:\/\/creativecommons.org\/licenses\/by-sa\/4.0\/\" target=\"_blank\" rel=\"noreferrer noopener\">Creative Commons Licence<\/a>.<\/p>\n\n\n\n<p>DOI:\u00a0<a href=\"https:\/\/doi.org\/10.21747\/arquivoDialetal\">https:\/\/doi.org\/10.21747\/arquivoDialetal<\/a><\/p>\n","protected":false},"excerpt":{"rendered":"Grava\u00e7\u00e3o Descri\u00e7\u00e3o Transcri\u00e7\u00e3o Fon\u00e9tica Transcri\u00e7\u00e3o Ortogr\u00e1fica Transcri\u00e7\u00e3o Ortogr\u00e1fica e Fon\u00e9tica Esta&nbsp;obra&nbsp;est\u00e1 licenciada sob uma&nbsp;Licen\u00e7a Creative Commons.This work is licenced under a&nbsp;Creative Commons Licence. DOI:\u00a0https:\/\/doi.org\/10.21747\/arquivoDialetal","protected":false},"author":1,"featured_media":0,"parent":3977,"menu_order":0,"comment_status":"closed","ping_status":"closed","template":"","meta":{"footnotes":""},"class_list":["post-4604","page","type-page","status-publish","hentry"],"_links":{"self":[{"href":"https:\/\/id.letras.up.pt\/clup\/index.php?rest_route=\/wp\/v2\/pages\/4604","targetHints":{"allow":["GET"]}}],"collection":[{"href":"https:\/\/id.letras.up.pt\/clup\/index.php?rest_route=\/wp\/v2\/pages"}],"about":[{"href":"https:\/\/id.letras.up.pt\/clup\/index.php?rest_route=\/wp\/v2\/types\/page"}],"author":[{"embeddable":true,"href":"https:\/\/id.letras.up.pt\/clup\/index.php?rest_route=\/wp\/v2\/users\/1"}],"replies":[{"embeddable":true,"href":"https:\/\/id.letras.up.pt\/clup\/index.php?rest_route=%2Fwp%2Fv2%2Fcomments&post=4604"}],"version-history":[{"count":3,"href":"https:\/\/id.letras.up.pt\/clup\/index.php?rest_route=\/wp\/v2\/pages\/4604\/revisions"}],"predecessor-version":[{"id":6030,"href":"https:\/\/id.letras.up.pt\/clup\/index.php?rest_route=\/wp\/v2\/pages\/4604\/revisions\/6030"}],"up":[{"embeddable":true,"href":"https:\/\/id.letras.up.pt\/clup\/index.php?rest_route=\/wp\/v2\/pages\/3977"}],"wp:attachment":[{"href":"https:\/\/id.letras.up.pt\/clup\/index.php?rest_route=%2Fwp%2Fv2%2Fmedia&parent=4604"}],"curies":[{"name":"wp","href":"https:\/\/api.w.org\/{rel}","templated":true}]}}