








{"id":4905,"date":"2024-01-11T14:51:13","date_gmt":"2024-01-11T14:51:13","guid":{"rendered":"https:\/\/clup.pt\/?page_id=4905"},"modified":"2026-04-02T11:45:42","modified_gmt":"2026-04-02T11:45:42","slug":"arquivodialetal-levantamentodefenomenos","status":"publish","type":"page","link":"https:\/\/id.letras.up.pt\/clup\/?page_id=4905","title":{"rendered":"Levantamento de fen\u00f3menos"},"content":{"rendered":"\n<p><strong>Levantamento dos fen\u00f3menos de varia\u00e7\u00e3o atestados<\/strong><\/p>\n\n\n\n<p>A partir das transcri\u00e7\u00f5es fon\u00e9ticas, procedeu-se a um levantamento exaustivo dos fen\u00f3menos de varia\u00e7\u00e3o atestados nas amostras.<\/p>\n\n\n\n<p>Estes fen\u00f3menos n\u00e3o se restringem de forma fechada aos fen\u00f3menos de varia\u00e7\u00e3o dialetal ou socioletal, j\u00e1 que neles foram inclu\u00eddos fen\u00f3menos de varia\u00e7\u00e3o fon\u00e9tica que poder\u00e3o ser condicionados por outros fatores.<\/p>\n\n\n\n<p>Tais fen\u00f3menos foram registados numa base de dados, com base no seguinte crit\u00e9rio principal: qualquer amostra em que se verificasse pelo menos uma s\u00f3 ocorr\u00eancia de um dado fen\u00f3meno fon\u00e9tico seria registada como um caso de verifica\u00e7\u00e3o do fen\u00f3meno. Esta categoriza\u00e7\u00e3o \u00e9 justamente a que preside \u00e0 elabora\u00e7\u00e3o dos mapas que se encontram nesta p\u00e1gina.<\/p>\n\n\n\n<p>Os fen\u00f3menos que, neste levantamento, foram tidos em considera\u00e7\u00e3o, assim como os crit\u00e9rios para a sua identifica\u00e7\u00e3o, podem ser consultados&nbsp;<a href=\"\/clup\/wp-content\/uploads\/2024\/01\/tabela_fenomenos.pdf\" target=\"_blank\" rel=\"noreferrer noopener\">AQUI<\/a>.<\/p>\n\n\n\n<p><\/p>\n\n\n\n<p>Sobre<\/p>\n\n\n\n<p>\u2013&nbsp;<a href=\"https:\/\/id.letras.up.pt\/clup\/?page_id=4859\" target=\"_blank\" rel=\"noreferrer noopener\">Apresenta\u00e7\u00e3o<\/a><br>\u2013&nbsp;<a href=\"https:\/\/id.letras.up.pt\/clup\/?page_id=4862\" target=\"_blank\" rel=\"noreferrer noopener\">Hist\u00f3ria<\/a><br>\u2013&nbsp;<a href=\"https:\/\/id.letras.up.pt\/clup\/?page_id=4868\" target=\"_blank\" rel=\"noreferrer noopener\">Equipa<\/a><br>\u2013&nbsp;<a href=\"https:\/\/id.letras.up.pt\/clup\/?page_id=4872\" target=\"_blank\" rel=\"noreferrer noopener\">Autores das Recolhas<\/a><br>\u2013&nbsp;<a href=\"https:\/\/id.letras.up.pt\/clup\/?page_id=4875\" target=\"_blank\" rel=\"noreferrer noopener\">Agradecimentos<\/a><br>\u2013&nbsp;<a href=\"https:\/\/id.letras.up.pt\/clup\/?page_id=4878\" target=\"_blank\" rel=\"noreferrer noopener\">Futuro<\/a><br>\u2013&nbsp;<a href=\"https:\/\/id.letras.up.pt\/clup\/?page_id=4881\" target=\"_blank\" rel=\"noreferrer noopener\">Como&nbsp;citar<\/a><\/p>\n\n\n\n<p>Metodologia&nbsp;e&nbsp;Conven\u00e7\u00f5es<\/p>\n\n\n\n<p>\u2013&nbsp;<a href=\"https:\/\/id.letras.up.pt\/clup\/?page_id=4897\" target=\"_blank\" rel=\"noreferrer noopener\">Recolhas<\/a><br>\u2013&nbsp;<a href=\"https:\/\/id.letras.up.pt\/clup\/?page_id=4899\" target=\"_blank\" rel=\"noreferrer noopener\">Transcri\u00e7\u00f5es<\/a><br>\u2013&nbsp;<a href=\"https:\/\/id.letras.up.pt\/clup\/?page_id=4905\" target=\"_blank\" rel=\"noreferrer noopener\">Levantamento&nbsp;de&nbsp;fen\u00f3menos<\/a><\/p>\n\n\n\n<p>Acervo<\/p>\n\n\n\n<p>\u2013&nbsp;<a href=\"https:\/\/id.letras.up.pt\/clup\/?page_id=4918\" target=\"_blank\" rel=\"noreferrer noopener\">Informantes<\/a><br>\u2013&nbsp;<a href=\"https:\/\/id.letras.up.pt\/clup\/?page_id=3977\" target=\"_blank\" rel=\"noreferrer noopener\">Amostras<\/a><br>\u2013&nbsp;<a href=\"https:\/\/id.letras.up.pt\/clup\/?page_id=4923\" target=\"_blank\" rel=\"noreferrer noopener\">Fen\u00f3menos de varia\u00e7\u00e3o atestados<\/a><br>\u2013&nbsp;<a href=\"https:\/\/id.letras.up.pt\/clup\/?page_id=4927\" target=\"_blank\" rel=\"noreferrer noopener\">Tratamento&nbsp;cartogr\u00e1fico<\/a><\/p>\n\n\n\n<p><a href=\"https:\/\/id.letras.up.pt\/clup\/?page_id=4838\" target=\"_blank\" rel=\"noreferrer noopener\">Resultados&nbsp;de&nbsp;pesquisa<\/a><\/p>\n\n\n<\/div>\n<p><!-- \/wp:group --><\/p>\n<p><!-- wp:paragraph --><\/p>\n<p><!-- \/wp:paragraph --><\/p>\n<p><!-- wp:image {\"lightbox\":{\"enabled\":false},\"linkDestination\":\"custom\"} --><\/p>\n<figure class=\"wp-block-image\"><a href=\"https:\/\/creativecommons.org\/licenses\/by-sa\/4.0\/\"><img decoding=\"async\" src=\"https:\/\/cl.up.pt\/arquivo\/imagens\/cc.jpg\" alt=\"\"\/><\/a><\/figure>\n<p><!-- \/wp:image --><\/p>\n<p><!-- wp:paragraph --><\/p>\n<p>Esta&nbsp;obra&nbsp;est\u00e1 licenciada sob uma&nbsp;<a href=\"https:\/\/creativecommons.org\/licenses\/by-sa\/4.0\/\" target=\"_blank\" rel=\"noreferrer noopener\">Licen\u00e7a Creative Commons<\/a>.<br \/>This work is licenced under a&nbsp;<a href=\"https:\/\/creativecommons.org\/licenses\/by-sa\/4.0\/\" target=\"_blank\" rel=\"noreferrer noopener\">Creative Commons Licence<\/a>.<\/p>\n<p><!-- \/wp:paragraph --><\/p>\n<p><!-- wp:paragraph --><\/p>\n<p>DOI:\u00a0<a href=\"https:\/\/doi.org\/10.21747\/arquivoDialetal\">https:\/\/doi.org\/10.21747\/arquivoDialetal<\/a><\/p>\n<p><!-- \/wp:paragraph --><\/p>","protected":false},"excerpt":{"rendered":"Levantamento dos fen\u00f3menos de varia\u00e7\u00e3o atestados A partir das transcri\u00e7\u00f5es fon\u00e9ticas, procedeu-se a um levantamento exaustivo dos fen\u00f3menos de varia\u00e7\u00e3o atestados nas amostras. Estes fen\u00f3menos n\u00e3o se restringem de forma fechada aos fen\u00f3menos de varia\u00e7\u00e3o dialetal ou socioletal, j\u00e1 que neles foram inclu\u00eddos fen\u00f3menos de varia\u00e7\u00e3o fon\u00e9tica que poder\u00e3o ser condicionados por outros fatores. Tais [&hellip;]","protected":false},"author":1,"featured_media":0,"parent":4820,"menu_order":0,"comment_status":"closed","ping_status":"closed","template":"","meta":{"footnotes":""},"class_list":["post-4905","page","type-page","status-publish","hentry"],"_links":{"self":[{"href":"https:\/\/id.letras.up.pt\/clup\/index.php?rest_route=\/wp\/v2\/pages\/4905","targetHints":{"allow":["GET"]}}],"collection":[{"href":"https:\/\/id.letras.up.pt\/clup\/index.php?rest_route=\/wp\/v2\/pages"}],"about":[{"href":"https:\/\/id.letras.up.pt\/clup\/index.php?rest_route=\/wp\/v2\/types\/page"}],"author":[{"embeddable":true,"href":"https:\/\/id.letras.up.pt\/clup\/index.php?rest_route=\/wp\/v2\/users\/1"}],"replies":[{"embeddable":true,"href":"https:\/\/id.letras.up.pt\/clup\/index.php?rest_route=%2Fwp%2Fv2%2Fcomments&post=4905"}],"version-history":[{"count":4,"href":"https:\/\/id.letras.up.pt\/clup\/index.php?rest_route=\/wp\/v2\/pages\/4905\/revisions"}],"predecessor-version":[{"id":6890,"href":"https:\/\/id.letras.up.pt\/clup\/index.php?rest_route=\/wp\/v2\/pages\/4905\/revisions\/6890"}],"up":[{"embeddable":true,"href":"https:\/\/id.letras.up.pt\/clup\/index.php?rest_route=\/wp\/v2\/pages\/4820"}],"wp:attachment":[{"href":"https:\/\/id.letras.up.pt\/clup\/index.php?rest_route=%2Fwp%2Fv2%2Fmedia&parent=4905"}],"curies":[{"name":"wp","href":"https:\/\/api.w.org\/{rel}","templated":true}]}}