








{"id":4923,"date":"2024-01-11T15:38:22","date_gmt":"2024-01-11T15:38:22","guid":{"rendered":"https:\/\/clup.pt\/?page_id=4923"},"modified":"2026-04-02T11:44:08","modified_gmt":"2026-04-02T11:44:08","slug":"arquivodialetal-fenomenosdevariacaoatestados","status":"publish","type":"page","link":"https:\/\/id.letras.up.pt\/clup\/?page_id=4923","title":{"rendered":"Fen\u00f3menos de varia\u00e7\u00e3o atestados"},"content":{"rendered":"\n<p>Nesta sec\u00e7\u00e3o, s\u00e3o apresentados em maior detalhe os principais fen\u00f3menos de varia\u00e7\u00e3o lingu\u00edstica identificados nas transcri\u00e7\u00f5es fon\u00e9ticas das amostras disponibilizadas nesta p\u00e1gina. Poder\u00e1 ainda encontrar a distribui\u00e7\u00e3o geogr\u00e1fica desses fen\u00f3menos no total das amostras aqui consideradas.<\/p>\n\n\n\n<p>Uma descri\u00e7\u00e3o mais pormenorizada dos principais fen\u00f3menos, agrupados por categorias, encontra-se&nbsp;<a href=\"\/clup\/wp-content\/uploads\/2024\/01\/fenomenostexto.pdf\" target=\"_blank\" rel=\"noreferrer noopener\">AQUI<\/a>. A distribui\u00e7\u00e3o geogr\u00e1fica dos mesmos encontra-se&nbsp;<a href=\"https:\/\/id.letras.up.pt\/clup\/?page_id=4927\" target=\"_blank\" rel=\"noreferrer noopener\">AQUI.<\/a><\/p>\n\n\n\n<p>Sobre<\/p>\n\n\n\n<p>\u2013&nbsp;<a href=\"https:\/\/id.letras.up.pt\/clup\/?page_id=4859\" target=\"_blank\" rel=\"noreferrer noopener\">Apresenta\u00e7\u00e3o<\/a><br>\u2013&nbsp;<a href=\"https:\/\/id.letras.up.pt\/clup\/?page_id=4862\" target=\"_blank\" rel=\"noreferrer noopener\">Hist\u00f3ria<\/a><br>\u2013&nbsp;<a href=\"https:\/\/id.letras.up.pt\/clup\/?page_id=4868\" target=\"_blank\" rel=\"noreferrer noopener\">Equipa<\/a><br>\u2013&nbsp;<a href=\"https:\/\/id.letras.up.pt\/clup\/?page_id=4872\" target=\"_blank\" rel=\"noreferrer noopener\">Autores das Recolhas<\/a><br>\u2013&nbsp;<a href=\"https:\/\/id.letras.up.pt\/clup\/?page_id=4875\" target=\"_blank\" rel=\"noreferrer noopener\">Agradecimentos<\/a><br>\u2013&nbsp;<a href=\"https:\/\/id.letras.up.pt\/clup\/?page_id=4878\" target=\"_blank\" rel=\"noreferrer noopener\">Futuro<\/a><br>\u2013&nbsp;<a href=\"https:\/\/id.letras.up.pt\/clup\/?page_id=4881\" target=\"_blank\" rel=\"noreferrer noopener\">Como&nbsp;citar<\/a><\/p>\n\n\n\n<p>Metodologia&nbsp;e&nbsp;Conven\u00e7\u00f5es<\/p>\n\n\n\n<p>\u2013&nbsp;<a href=\"https:\/\/id.letras.up.pt\/clup\/?page_id=4897\" target=\"_blank\" rel=\"noreferrer noopener\">Recolhas<\/a><br>\u2013&nbsp;<a href=\"https:\/\/id.letras.up.pt\/clup\/?page_id=4899\" target=\"_blank\" rel=\"noreferrer noopener\">Transcri\u00e7\u00f5es<\/a><br>\u2013&nbsp;<a href=\"https:\/\/id.letras.up.pt\/clup\/?page_id=4905\" target=\"_blank\" rel=\"noreferrer noopener\">Levantamento&nbsp;de&nbsp;fen\u00f3menos<\/a><\/p>\n\n\n\n<p>Acervo<\/p>\n\n\n\n<p>\u2013&nbsp;<a href=\"https:\/\/id.letras.up.pt\/clup\/?page_id=4918\" target=\"_blank\" rel=\"noreferrer noopener\">Informantes<\/a><br>\u2013&nbsp;<a href=\"https:\/\/id.letras.up.pt\/clup\/?page_id=3977\" target=\"_blank\" rel=\"noreferrer noopener\">Amostras<\/a><br>\u2013&nbsp;<a href=\"https:\/\/id.letras.up.pt\/clup\/?page_id=4923\" target=\"_blank\" rel=\"noreferrer noopener\">Fen\u00f3menos de varia\u00e7\u00e3o atestados<\/a><br>\u2013&nbsp;<a href=\"https:\/\/id.letras.up.pt\/clup\/?page_id=4927\" target=\"_blank\" rel=\"noreferrer noopener\">Tratamento&nbsp;cartogr\u00e1fico<\/a><\/p>\n\n\n\n<p><a href=\"https:\/\/id.letras.up.pt\/clup\/?page_id=4838\" target=\"_blank\" rel=\"noreferrer noopener\">Resultados&nbsp;de&nbsp;pesquisa<\/a><\/p>\n\n\n<\/div>\n<p><!-- \/wp:group --><\/p>\n<p><!-- wp:image {\"lightbox\":{\"enabled\":false},\"linkDestination\":\"custom\"} --><\/p>\n<figure class=\"wp-block-image\"><a href=\"https:\/\/creativecommons.org\/licenses\/by-sa\/4.0\/\"><img decoding=\"async\" src=\"https:\/\/cl.up.pt\/arquivo\/imagens\/cc.jpg\" alt=\"\"\/><\/a><\/figure>\n<p><!-- \/wp:image --><\/p>\n<p><!-- wp:paragraph --><\/p>\n<p>Esta&nbsp;obra&nbsp;est\u00e1 licenciada sob uma&nbsp;<a href=\"https:\/\/creativecommons.org\/licenses\/by-sa\/4.0\/\" target=\"_blank\" rel=\"noreferrer noopener\">Licen\u00e7a Creative Commons<\/a>.<br \/>This work is licenced under a&nbsp;<a href=\"https:\/\/creativecommons.org\/licenses\/by-sa\/4.0\/\" target=\"_blank\" rel=\"noreferrer noopener\">Creative Commons Licence<\/a>.<\/p>\n<p><!-- \/wp:paragraph --><\/p>\n<p><!-- wp:paragraph --><\/p>\n<p>DOI:\u00a0<a href=\"https:\/\/doi.org\/10.21747\/arquivoDialetal\">https:\/\/doi.org\/10.21747\/arquivoDialetal<\/a><\/p>\n<p><!-- \/wp:paragraph --><\/p>","protected":false},"excerpt":{"rendered":"Nesta sec\u00e7\u00e3o, s\u00e3o apresentados em maior detalhe os principais fen\u00f3menos de varia\u00e7\u00e3o lingu\u00edstica identificados nas transcri\u00e7\u00f5es fon\u00e9ticas das amostras disponibilizadas nesta p\u00e1gina. Poder\u00e1 ainda encontrar a distribui\u00e7\u00e3o geogr\u00e1fica desses fen\u00f3menos no total das amostras aqui consideradas. Uma descri\u00e7\u00e3o mais pormenorizada dos principais fen\u00f3menos, agrupados por categorias, encontra-se&nbsp;AQUI. A distribui\u00e7\u00e3o geogr\u00e1fica dos mesmos encontra-se&nbsp;AQUI. Sobre \u2013&nbsp;Apresenta\u00e7\u00e3o\u2013&nbsp;Hist\u00f3ria\u2013&nbsp;Equipa\u2013&nbsp;Autores [&hellip;]","protected":false},"author":1,"featured_media":0,"parent":4820,"menu_order":0,"comment_status":"closed","ping_status":"closed","template":"","meta":{"footnotes":""},"class_list":["post-4923","page","type-page","status-publish","hentry"],"_links":{"self":[{"href":"https:\/\/id.letras.up.pt\/clup\/index.php?rest_route=\/wp\/v2\/pages\/4923","targetHints":{"allow":["GET"]}}],"collection":[{"href":"https:\/\/id.letras.up.pt\/clup\/index.php?rest_route=\/wp\/v2\/pages"}],"about":[{"href":"https:\/\/id.letras.up.pt\/clup\/index.php?rest_route=\/wp\/v2\/types\/page"}],"author":[{"embeddable":true,"href":"https:\/\/id.letras.up.pt\/clup\/index.php?rest_route=\/wp\/v2\/users\/1"}],"replies":[{"embeddable":true,"href":"https:\/\/id.letras.up.pt\/clup\/index.php?rest_route=%2Fwp%2Fv2%2Fcomments&post=4923"}],"version-history":[{"count":6,"href":"https:\/\/id.letras.up.pt\/clup\/index.php?rest_route=\/wp\/v2\/pages\/4923\/revisions"}],"predecessor-version":[{"id":6885,"href":"https:\/\/id.letras.up.pt\/clup\/index.php?rest_route=\/wp\/v2\/pages\/4923\/revisions\/6885"}],"up":[{"embeddable":true,"href":"https:\/\/id.letras.up.pt\/clup\/index.php?rest_route=\/wp\/v2\/pages\/4820"}],"wp:attachment":[{"href":"https:\/\/id.letras.up.pt\/clup\/index.php?rest_route=%2Fwp%2Fv2%2Fmedia&parent=4923"}],"curies":[{"name":"wp","href":"https:\/\/api.w.org\/{rel}","templated":true}]}}