








{"id":5923,"date":"2024-12-05T16:13:47","date_gmt":"2024-12-05T16:13:47","guid":{"rendered":"https:\/\/id.letras.up.pt\/clup\/?page_id=5923"},"modified":"2026-04-13T15:34:33","modified_gmt":"2026-04-13T15:34:33","slug":"congressos-e-conferencias","status":"publish","type":"page","link":"https:\/\/id.letras.up.pt\/clup\/?page_id=5923","title":{"rendered":"Comunica\u00e7\u00e3o"},"content":{"rendered":"\n<p>Veja ou reveja a alguns dos eventos cient\u00edficos organizados pelo CLUP no nosso canal de Youtube: Centro de Lingu\u00edstica da Universidade do Porto (<a href=\"https:\/\/www.youtube.com\/@clupflup\" target=\"_blank\" rel=\"noreferrer noopener\">@clupflup<\/a>):<\/p>\n\n\n\n<p><\/p>\n\n\n\n<p class=\"has-large-font-size\"><strong>2025<\/strong><\/p>\n\n\n\n<ul class=\"wp-block-list\">\n<li><strong>7 de mar\u00e7o de 2025<\/strong> | Entrevista \u00e0 Professora Doutora Maria Aldina Marques: <a href=\"https:\/\/www.youtube.com\/watch?v=Rif6JCcp7Pc\" target=\"_blank\" rel=\"noreferrer noopener\">https:\/\/www.youtube.com\/watch?v=WNIXq1kDHIs<\/a><\/li>\n\n\n\n<li><strong>7 de maio de 2025<\/strong> | Semin\u00e1rio &#8220;Seeds of Inclusion: Developing guidelines for creating ELT resources for Neurodivergent Learners in Vocational courses within Portuguese Secondary Education&#8221; (Sandra Luna): <a href=\"https:\/\/www.youtube.com\/watch?v=ZYqQlEBbLqw\" target=\"_blank\" rel=\"noreferrer noopener\">https:\/\/www.youtube.com\/watch?v=ZYqQlEBbLqw<\/a><\/li>\n\n\n\n<li><strong>16 de junho de 2025 <\/strong>| Recentes desenvolvimentos em intelig\u00eancia artificial generativa (Arlindo Oliveira), sess\u00e3o apresentada na Jornada Online &#8220;IA e Ensino Superior: Inova\u00e7\u00e3o, \u00c9tica e Transforma\u00e7\u00e3o Pedag\u00f3gica&#8221;: <a href=\"https:\/\/youtu.be\/x54FsU7WL-0\" target=\"_blank\" rel=\"noreferrer noopener\">https:\/\/youtu.be\/x54FsU7WL-0<\/a><\/li>\n\n\n\n<li><strong>16 de junho de 2025 <\/strong>| Beyond the AI hype: Balancing Innovation and Social Responsability (Virg\u00ednia Dignum), sess\u00e3o apresentada na Jornada Online &#8220;IA e Ensino Superior: Inova\u00e7\u00e3o, \u00c9tica e Transforma\u00e7\u00e3o Pedag\u00f3gica&#8221;: <a href=\"https:\/\/youtu.be\/GyJF9SFEbOE\" target=\"_blank\" rel=\"noreferrer noopener\">https:\/\/youtu.be\/GyJF9SFEbOE<\/a><\/li>\n\n\n\n<li><strong>16 de junho de 2025 <\/strong>| A utiliza\u00e7\u00e3o da IA no ensino superior (Gra\u00e7a Enes), sess\u00e3o apresentada na Jornada Online &#8220;IA e Ensino Superior: Inova\u00e7\u00e3o, \u00c9tica e Transforma\u00e7\u00e3o Pedag\u00f3gica&#8221;: <a href=\"https:\/\/youtu.be\/BH9F2r_BNqE\" target=\"_blank\" rel=\"noreferrer noopener\">https:\/\/youtu.be\/BH9F2r_BNqE<\/a><\/li>\n\n\n\n<li><strong>16 de junho de 2025 <\/strong>| O seu a seu dono: Prevenir e detetar pl\u00e1gio na era da intelig\u00eancia artificial (Rui Sousa Silva), sess\u00e3o apresentada na Jornada Online &#8220;IA e Ensino Superior: Inova\u00e7\u00e3o, \u00c9tica e Transforma\u00e7\u00e3o Pedag\u00f3gica&#8221;: <a href=\"https:\/\/youtu.be\/XMuNycHAxg0\" target=\"_blank\" rel=\"noreferrer noopener\">https:\/\/youtu.be\/XMuNycHAxg0<\/a><\/li>\n<\/ul>\n\n\n\n<p class=\"has-large-font-size\"><strong>2024<\/strong><\/p>\n\n\n\n<div class=\"wp-block-group\"><div class=\"wp-block-group__inner-container is-layout-constrained wp-block-group-is-layout-constrained\">\n<ul class=\"wp-block-list\">\n<li><strong>11 de outubro de 2024 <\/strong>| Jornada Online &#8220;Explorando fronteiras: novas abordagens de ensino de l\u00ednguas estrangeiras&#8221;: <a href=\"https:\/\/www.youtube.com\/watch?v=4IAYVcMkxdM\" target=\"_blank\" rel=\"noreferrer noopener\">https:\/\/www.youtube.com\/watch?v=4IAYVcMkxdM<\/a><\/li>\n\n\n\n<li><strong>18 de outubro<\/strong> <strong>de 2024<\/strong> | Sess\u00e3o Online &#8220;Ao Encontro do Portugu\u00eas L\u00edngua N\u00e3o Materna&#8221;: <a href=\"https:\/\/www.youtube.com\/watch?v=Q0cLNruB4os\" target=\"_blank\" rel=\"noreferrer noopener\">https:\/\/www.youtube.com\/watch?v=Q0cLNruB4os<\/a><\/li>\n\n\n\n<li><strong>21 de novembro de 2024<\/strong> | Confer\u00eancia &#8220;Modo (verbal) em ora\u00e7\u00f5es concessivas e adversativas do portugu\u00eas&#8221;: <a href=\"https:\/\/www.youtube.com\/watch?v=4_7w-Vp6-hM\" target=\"_blank\" rel=\"noreferrer noopener\">https:\/\/www.youtube.com\/watch?v=4_7w-Vp6-hM<\/a><\/li>\n\n\n\n<li><\/li>\n\n\n\n<li><strong>16 de dezembro de 2024<\/strong> | Sess\u00e3o &#8220;Usando o AC\/DC com o corpo DisPR&#8221;: <a href=\"https:\/\/www.youtube.com\/watch?v=WuQt02JaktY\" target=\"_blank\" rel=\"noreferrer noopener\">https:\/\/www.youtube.com\/watch?v=WuQt02JaktY<\/a><\/li>\n\n\n\n<li><strong>5 de dezembro de 2024<\/strong> | Confer\u00eancia &#8220;Tipos de conexi\u00f3n y de conectores: un enfoque categorial&#8221;: <a href=\"https:\/\/www.youtube.com\/watch?v=R4mNnAFuooo\" target=\"_blank\" rel=\"noreferrer noopener\">https:\/\/www.youtube.com\/watch?v=R4mNnAFuooo<\/a><\/li>\n<\/ul>\n\n\n\n<p class=\"has-large-font-size\"><strong>2023<\/strong><\/p>\n\n\n\n<ul class=\"wp-block-list\">\n<li><strong>22 de fevereiro de 2023<\/strong> | Semin\u00e1rio &#8220;Produ\u00e7\u00e3o do livro escolar de\/em l\u00ednguas africanas em contextos p\u00f3s-coloniais: o caso de Emakhuwa e Elomwe em Mo\u00e7ambique&#8221;: <a href=\"https:\/\/www.youtube.com\/watch?v=C4AhPqlxC6k\" target=\"_blank\" rel=\"noreferrer noopener\">https:\/\/www.youtube.com\/watch?v=C4AhPqlxC6k<\/a><\/li>\n\n\n\n<li><strong>22 de fevereiro de 2023<\/strong> | Semin\u00e1rio &#8220;Ter a Palavra: a l\u00edngua na integra\u00e7\u00e3o e inclus\u00e3o de pessoas migrantes e refugiadas, segundo a perspetiva de professores\/as da l\u00edngua de acolhimento&#8221;: <a href=\"https:\/\/www.youtube.com\/watch?v=GWZ_kj_gySY\" target=\"_blank\" rel=\"noreferrer noopener\">https:\/\/www.youtube.com\/watch?v=GWZ_kj_gySY<\/a><\/li>\n\n\n\n<li><strong>29 de mar\u00e7o de 2023<\/strong>&nbsp;| Semin\u00e1rio &#8220;Sobre&nbsp;<em>V\u00f3s<\/em>&nbsp;em Portugu\u00eas Europeu Contempor\u00e2neo \u2014 um retrato baseado em produ\u00e7\u00f5es e ju\u00edzos da comunidade estudantil&#8221;:&nbsp;<a href=\"https:\/\/www.youtube.com\/watch?v=6S5gFgu3PyI\" target=\"_blank\" rel=\"noreferrer noopener\">https:\/\/www.youtube.com\/watch?v=6S5gFgu3PyI<\/a><\/li>\n\n\n\n<li><strong>29 de mar\u00e7o de 2023<\/strong> | Semin\u00e1rio &#8220;Marcadores conversacionais utilizados em produ\u00e7\u00f5es orais informais de estudantes hispanofalantes de Portugu\u00eas L\u00edngua Estrangeira: an\u00e1lise e implica\u00e7\u00f5es pedag\u00f3gicas&#8221;: <a href=\"https:\/\/www.youtube.com\/watch?v=fX9J2FXZnII\" target=\"_blank\" rel=\"noreferrer noopener\">https:\/\/www.youtube.com\/watch?v=fX9J2FXZnII<\/a><\/li>\n\n\n\n<li><strong>16 de maio de 2023<\/strong> | Semin\u00e1rio &#8220;Contributos da An\u00e1lise do Discurso Digital para investiga\u00e7\u00e3o acerca de campanhas presidenciais brasileiras e portuguesas no Twitter e Facebook&#8221;: <a href=\"https:\/\/www.youtube.com\/watch?v=cXXqdo5RoUY\" target=\"_blank\" rel=\"noreferrer noopener\">https:\/\/www.youtube.com\/watch?v=cXXqdo5RoUY<\/a><\/li>\n\n\n\n<li><strong>16 de maio de 2023<\/strong> | Semin\u00e1rio &#8220;A categoria MODALIDADE nos manuais de L\u00edngua Portuguesa: uma an\u00e1lise comparativa entre os manuais brasileiros e portugueses&#8221;: <a href=\"https:\/\/www.youtube.com\/watch?v=cdQQfRzFeJ4\" target=\"_blank\" rel=\"noreferrer noopener\">https:\/\/www.youtube.com\/watch?v=cdQQfRzFeJ4<\/a><\/li>\n\n\n\n<li><strong>6 de junho de 2023<\/strong> | Semin\u00e1rio &#8220;Mind The Gap &#8211; a vacuidade na Tradu\u00e7\u00e3o evidenciada em quest\u00f5es Lingu\u00edsticas&#8221;: <a href=\"https:\/\/www.youtube.com\/watch?v=JqYc2B4LVGg\" target=\"_blank\" rel=\"noreferrer noopener\">https:\/\/www.youtube.com\/watch?v=JqYc2B4LVGg<\/a><\/li>\n\n\n\n<li><strong>6 de junho de 2023<\/strong> | Semin\u00e1rio &#8220;A Rece\u00e7\u00e3o da Literatura Portuguesa na China, um caso de estudo <em>O Crime do Padre Amaro<\/em> de E\u00e7a de Queir\u00f3s&#8221;: <a href=\"https:\/\/www.youtube.com\/watch?v=WBLakdEkIcI\" target=\"_blank\" rel=\"noreferrer noopener\">https:\/\/www.youtube.com\/watch?v=WBLakdEkIcI<\/a><\/li>\n<\/ul>\n<\/div><\/div>\n\n\n\n<p class=\"has-large-font-size\"><strong>2022<\/strong><\/p>\n\n\n\n<ul class=\"wp-block-list\">\n<li><strong>20 de janeiro de 2022<\/strong> | Forensic Linguistics Seminar Series &#8220;A forensic linguistics analysis of the Jack the Rippers letters&#8221;: <a href=\"https:\/\/www.youtube.com\/watch?v=WNIXq1kDHIs\" target=\"_blank\" rel=\"noreferrer noopener\">https:\/\/www.youtube.com\/watch?v=WNIXq1kDHIs<\/a><\/li>\n<\/ul>\n\n\n\n<p><\/p>\n\n\n\n<p><\/p>\n","protected":false},"excerpt":{"rendered":"Veja ou reveja a alguns dos eventos cient\u00edficos organizados pelo CLUP no nosso canal de Youtube: Centro de Lingu\u00edstica da Universidade do Porto (@clupflup): 2025 2024 2023 2022","protected":false},"author":1,"featured_media":0,"parent":2757,"menu_order":10,"comment_status":"closed","ping_status":"closed","template":"","meta":{"footnotes":""},"class_list":["post-5923","page","type-page","status-publish","hentry"],"_links":{"self":[{"href":"https:\/\/id.letras.up.pt\/clup\/index.php?rest_route=\/wp\/v2\/pages\/5923","targetHints":{"allow":["GET"]}}],"collection":[{"href":"https:\/\/id.letras.up.pt\/clup\/index.php?rest_route=\/wp\/v2\/pages"}],"about":[{"href":"https:\/\/id.letras.up.pt\/clup\/index.php?rest_route=\/wp\/v2\/types\/page"}],"author":[{"embeddable":true,"href":"https:\/\/id.letras.up.pt\/clup\/index.php?rest_route=\/wp\/v2\/users\/1"}],"replies":[{"embeddable":true,"href":"https:\/\/id.letras.up.pt\/clup\/index.php?rest_route=%2Fwp%2Fv2%2Fcomments&post=5923"}],"version-history":[{"count":43,"href":"https:\/\/id.letras.up.pt\/clup\/index.php?rest_route=\/wp\/v2\/pages\/5923\/revisions"}],"predecessor-version":[{"id":6549,"href":"https:\/\/id.letras.up.pt\/clup\/index.php?rest_route=\/wp\/v2\/pages\/5923\/revisions\/6549"}],"up":[{"embeddable":true,"href":"https:\/\/id.letras.up.pt\/clup\/index.php?rest_route=\/wp\/v2\/pages\/2757"}],"wp:attachment":[{"href":"https:\/\/id.letras.up.pt\/clup\/index.php?rest_route=%2Fwp%2Fv2%2Fmedia&parent=5923"}],"curies":[{"name":"wp","href":"https:\/\/api.w.org\/{rel}","templated":true}]}}