{"id":400,"date":"2024-11-24T22:43:15","date_gmt":"2024-11-24T22:43:15","guid":{"rendered":"https:\/\/id.letras.up.pt\/encc2426\/?page_id=400"},"modified":"2025-05-08T10:44:37","modified_gmt":"2025-05-08T10:44:37","slug":"publicacoes","status":"publish","type":"page","link":"https:\/\/id.letras.up.pt\/encc2426\/publicacoes\/","title":{"rendered":"PODCAST Dos outros ningu\u00e9m sabe"},"content":{"rendered":"\n<div id=\"wp-block-themeisle-blocks-advanced-columns-857e990b\" class=\"wp-block-themeisle-blocks-advanced-columns alignfull has-1-columns has-desktop-equal-layout has-tablet-equal-layout has-mobile-equal-layout has-vertical-unset\"><div class=\"wp-block-themeisle-blocks-advanced-columns-overlay\"><\/div><div class=\"innerblocks-wrap\">\n<div id=\"wp-block-themeisle-blocks-advanced-column-3f55563b\" class=\"wp-block-themeisle-blocks-advanced-column\">\n<h1 id=\"wp-block-themeisle-blocks-advanced-heading-973d3206\" class=\"wp-block-themeisle-blocks-advanced-heading wp-block-themeisle-blocks-advanced-heading-973d3206\">PODCAST <em>Dos outros ningu\u00e9m sabe<\/em><\/h1>\n<\/div>\n<\/div><\/div>\n\n\n\n<section id=\"wp-block-themeisle-blocks-advanced-columns-6eadaec9\" class=\"wp-block-themeisle-blocks-advanced-columns alignfull has-1-columns has-desktop-equal-layout has-tablet-equal-layout has-mobile-equal-layout has-vertical-flex-start consultores-do-projeto has-light-bg\"><div class=\"wp-block-themeisle-blocks-advanced-columns-overlay\"><\/div><div class=\"innerblocks-wrap\">\n<div id=\"wp-block-themeisle-blocks-advanced-column-e62b7da2\" class=\"wp-block-themeisle-blocks-advanced-column\">\n<h3 class=\"wp-block-heading\">Podcast <em>Dos outros ningu\u00e9m sabe<\/em><\/h3>\n\n\n\n<div class=\"wp-block-group\"><div class=\"wp-block-group__inner-container is-layout-constrained wp-block-group-is-layout-constrained\">\n<div class=\"wp-block-group is-nowrap is-layout-flex wp-container-core-group-is-layout-1 wp-block-group-is-layout-flex\">\n<p class=\"has-medium-font-size\">2.\u00ba Epis\u00f3dio: Os\/as ciganos\/as n\u00e3o se querem integrar?<\/p>\n\n\n\n<div id=\"wp-block-themeisle-blocks-font-awesome-icons-5858616b\" class=\"wp-block-themeisle-blocks-font-awesome-icons\"><span class=\"wp-block-themeisle-blocks-font-awesome-icons-container\"><a href=\"https:\/\/open.spotify.com\/episode\/2HOUrBRPXif4j4as2WM1rO\" target=\"_self\" rel=\"noopener noreferrer\"><i class=\"fab fa-spotify\"><\/i><\/a><\/span><\/div>\n<\/div>\n\n\n\n<p>O segundo epis\u00f3dio explora, junto com S\u00f3nia Matos, mediadora intercultural e fundadora da AMUCIP (Associa\u00e7\u00e3o de Mulheres Ciganas Portuguesas), a quest\u00e3o da inclus\u00e3o das comunidades ciganas em Portugal. Faz-se uma viagem pelo tempo at\u00e9 \u00e0s primeiras leis repressivas oficialmente definidas em 1526, ano em que se incentivava o impedimento da entrada de pessoas ciganas nas fronteiras. Seguidamente, reflete-se sobre as flutua\u00e7\u00f5es desse texto legislativo que embora permitam, numa fase posterior, a entrada e perman\u00eancia de pessoas ciganas em territ\u00f3rio portugu\u00eas, as despem dos seus costumes, identidades e pr\u00e1ticas culturais. Finalmente, analisa-se o impacto prolongado destas pol\u00edticas de assimila\u00e7\u00e3o for\u00e7ada e os seus efeitos persistentes nos processos de integra\u00e7\u00e3o e reconhecimento pleno das pessoas ciganas na sociedade portuguesa contempor\u00e2nea.<\/p>\n<\/div><\/div>\n\n\n\n<div class=\"wp-block-group is-nowrap is-layout-flex wp-container-core-group-is-layout-3 wp-block-group-is-layout-flex\">\n<p class=\"has-medium-font-size\">1.\u00ba Epis\u00f3dio: Como chegaram os\/as ciganas a Portugal?<\/p>\n\n\n\n<div id=\"wp-block-themeisle-blocks-font-awesome-icons-259bc2df\" class=\"wp-block-themeisle-blocks-font-awesome-icons\"><span class=\"wp-block-themeisle-blocks-font-awesome-icons-container\"><a href=\"https:\/\/open.spotify.com\/episode\/54RTpZJ49SGWJJw8817A61\" target=\"_blank\" rel=\"noopener noreferrer\"><i class=\"fab fa-spotify\"><\/i><\/a><\/span><\/div>\n<\/div>\n\n\n\n<p>O primeiro epis\u00f3dio do podcast &#8220;Dos Outros Ningu\u00e9m Sabe&#8221; conta com a participa\u00e7\u00e3o de Rui Soares, estudante cigano da licenciatura em Sociologia da FLUP, que se junta a Francisco Manhas, investigador do CITCEM e historiados especializado na hist\u00f3ria dos ciganos portugueses na \u00c9poca Moderna. O epis\u00f3dio explora a longa di\u00e1spora cigana, desde a \u00cdndia at\u00e9 \u00e0 Europa, a sua chegada \u00e0 Pen\u00ednsula Iberica e a associa\u00e7\u00e3o difusa com o Egito. Reflete ainda sobre as dificuldades na data\u00e7\u00e3o da sua presen\u00e7a em Portugal e marginaliza\u00e7\u00e3o desta hist\u00f3ria nos espa\u00e7os escolares, acad\u00e9micos e medi\u00e1ticos. <\/p>\n\n\n\n<div class=\"wp-block-group\"><div class=\"wp-block-group__inner-container is-layout-constrained wp-block-group-is-layout-constrained\"><\/div><\/div>\n<\/div>\n<\/div><\/section>\n","protected":false},"excerpt":{"rendered":"","protected":false},"author":1,"featured_media":0,"parent":0,"menu_order":0,"comment_status":"closed","ping_status":"closed","template":"page-templates\/template-pagebuilder-full-width.php","meta":{"neve_meta_sidebar":"full-width","neve_meta_container":"contained","neve_meta_enable_content_width":"on","neve_meta_content_width":100,"neve_meta_title_alignment":"","neve_meta_author_avatar":"","neve_post_elements_order":"","neve_meta_disable_header":"","neve_meta_disable_footer":"","neve_meta_disable_title":"","_themeisle_gutenberg_block_has_review":false,"_ti_tpc_template_sync":false,"_ti_tpc_template_id":"jnlaacsysoowkg8s0u8e","footnotes":""},"class_list":["post-400","page","type-page","status-publish","hentry"],"_links":{"self":[{"href":"https:\/\/id.letras.up.pt\/encc2426\/wp-json\/wp\/v2\/pages\/400","targetHints":{"allow":["GET"]}}],"collection":[{"href":"https:\/\/id.letras.up.pt\/encc2426\/wp-json\/wp\/v2\/pages"}],"about":[{"href":"https:\/\/id.letras.up.pt\/encc2426\/wp-json\/wp\/v2\/types\/page"}],"author":[{"embeddable":true,"href":"https:\/\/id.letras.up.pt\/encc2426\/wp-json\/wp\/v2\/users\/1"}],"replies":[{"embeddable":true,"href":"https:\/\/id.letras.up.pt\/encc2426\/wp-json\/wp\/v2\/comments?post=400"}],"version-history":[{"count":12,"href":"https:\/\/id.letras.up.pt\/encc2426\/wp-json\/wp\/v2\/pages\/400\/revisions"}],"predecessor-version":[{"id":825,"href":"https:\/\/id.letras.up.pt\/encc2426\/wp-json\/wp\/v2\/pages\/400\/revisions\/825"}],"wp:attachment":[{"href":"https:\/\/id.letras.up.pt\/encc2426\/wp-json\/wp\/v2\/media?parent=400"}],"curies":[{"name":"wp","href":"https:\/\/api.w.org\/{rel}","templated":true}]}}