{"id":451,"date":"2025-03-08T00:36:02","date_gmt":"2025-03-08T00:36:02","guid":{"rendered":"https:\/\/id.letras.up.pt\/encc2426\/?page_id=451"},"modified":"2025-11-04T19:38:39","modified_gmt":"2025-11-04T19:38:39","slug":"inicio","status":"publish","type":"page","link":"https:\/\/id.letras.up.pt\/encc2426\/","title":{"rendered":"In\u00edcio"},"content":{"rendered":"\n<section id=\"wp-block-themeisle-blocks-advanced-columns-9f8848a6\" class=\"wp-block-themeisle-blocks-advanced-columns alignfull has-1-columns has-desktop-equal-layout has-tablet-equal-layout has-mobile-equal-layout has-vertical-top has-dark-bg\"><div class=\"wp-block-themeisle-blocks-advanced-columns-overlay\"><\/div><div class=\"innerblocks-wrap\">\n<div id=\"wp-block-themeisle-blocks-advanced-column-cedf80ca\" class=\"wp-block-themeisle-blocks-advanced-column\">\n<h2 id=\"wp-block-themeisle-blocks-advanced-heading-d3babe17\" class=\"wp-block-themeisle-blocks-advanced-heading wp-block-themeisle-blocks-advanced-heading-d3babe17\"><br>CONHECER, MAPEAR, INCLUIR<\/h2>\n\n\n\n<h1 id=\"wp-block-themeisle-blocks-advanced-heading-ddc7a054\" class=\"wp-block-themeisle-blocks-advanced-heading wp-block-themeisle-blocks-advanced-heading-ddc7a054\">POPULA\u00c7\u00c3O ROMA \/ CIGANA <br>EM pORTUGAL<\/h1>\n\n\n\n<div style=\"height:10px\" aria-hidden=\"true\" class=\"wp-block-spacer\"><\/div>\n\n\n\n<p class=\"has-text-align-left ticss-3d5093b2 has-text-color has-medium-font-size\"> Estudo Nacional das Comunidades Ciganas (2024-2026)<\/p>\n\n\n\n<div id=\"wp-block-themeisle-blocks-button-group-c6556822\" class=\"wp-block-themeisle-blocks-button-group wp-block-buttons\">\n<div id=\"wp-block-themeisle-blocks-button-06b24a9f\" class=\"wp-block-themeisle-blocks-button wp-block-button\"><a href=\"https:\/\/id.letras.up.pt\/encc2426\/98ee9-project-details\/\" target=\"_self\" rel=\"noopener noreferrer\" class=\"wp-block-button__link\"><span>SAIBA MAIS<\/span><\/a><\/div>\n<\/div>\n<\/div>\n<\/div><\/section>\n\n\n\n<section id=\"wp-block-themeisle-blocks-advanced-columns-ccfdd483\" class=\"wp-block-themeisle-blocks-advanced-columns alignfull has-2-columns has-desktop-equal-layout has-tablet-collapsedRows-layout hide-in-mobile has-vertical-center has-light-bg\"><div class=\"wp-block-themeisle-blocks-advanced-columns-overlay\"><\/div><div class=\"innerblocks-wrap\">\n<div id=\"wp-block-themeisle-blocks-advanced-column-5e80d468\" class=\"wp-block-themeisle-blocks-advanced-column\">\n<div id=\"wp-block-themeisle-blocks-advanced-heading-32e5a6a4\" class=\"wp-block-themeisle-blocks-advanced-heading wp-block-themeisle-blocks-advanced-heading-32e5a6a4\"><strong>SOBRE O ESTUDO<\/strong><\/div>\n\n\n\n<h2 class=\"wp-block-heading has-text-align-left has-text-color has-link-color wp-elements-514bab3ceeab951591003dee64fbb8e0\" style=\"color:#080808;margin-top:25px;font-size:50px;line-height:1.2\">ESTUDO NACIONAL DAS COMUNIDADES CIGANAS<\/h2>\n\n\n\n<p class=\"has-text-align-left has-text-color has-link-color wp-elements-5303fc9fcf9d6e78b50dd6ce4b7409d4\" style=\"color:#080808\">Em Portugal, h\u00e1 uma falta de conhecimento atualizado sobre as condi\u00e7\u00f5es de vida das comunidades ciganas, o que compromete a efic\u00e1cia das pol\u00edticas p\u00fablicas de inclus\u00e3o social. Este estudo visa preencher essas lacunas, utilizando uma abordagem metodol\u00f3gica pluralista e interdisciplinar. <\/p>\n\n\n\n<p class=\"has-text-align-left has-text-color has-link-color wp-elements-51ff306fae222bf56d115979332bb625\" style=\"color:#080808\">O Estudo Nacional das Comunidades Ciganas (ENCC) desenvolve-se \u201ccom\u201d e n\u00e3o \u201csobre\u201d as comunidades ciganas, envolvendo-as em v\u00e1rias escalas (local, regional, nacional) e destacando a sua diversidade social e econ\u00f3mica, a partir de uma perspetiva interseccional.&nbsp;<\/p>\n\n\n\n<p class=\"has-text-align-left has-text-color has-link-color wp-elements-d64826ef634cafa19a0c81096893d0c1\" style=\"color:#080808\"><\/p>\n<\/div>\n\n\n\n<div id=\"wp-block-themeisle-blocks-advanced-column-9355094d\" class=\"wp-block-themeisle-blocks-advanced-column\">\n<figure class=\"wp-block-image size-full\"><img loading=\"lazy\" decoding=\"async\" width=\"1536\" height=\"2048\" src=\"https:\/\/id.letras.up.pt\/encc2426\/wp-content\/uploads\/2025\/05\/Imagem-WhatsApp-2025-02-17-as-11.50.57_fec755d5-2.jpg\" alt=\"\" class=\"wp-image-756\" srcset=\"https:\/\/id.letras.up.pt\/encc2426\/wp-content\/uploads\/2025\/05\/Imagem-WhatsApp-2025-02-17-as-11.50.57_fec755d5-2.jpg 1536w, https:\/\/id.letras.up.pt\/encc2426\/wp-content\/uploads\/2025\/05\/Imagem-WhatsApp-2025-02-17-as-11.50.57_fec755d5-2-225x300.jpg 225w, https:\/\/id.letras.up.pt\/encc2426\/wp-content\/uploads\/2025\/05\/Imagem-WhatsApp-2025-02-17-as-11.50.57_fec755d5-2-768x1024.jpg 768w, https:\/\/id.letras.up.pt\/encc2426\/wp-content\/uploads\/2025\/05\/Imagem-WhatsApp-2025-02-17-as-11.50.57_fec755d5-2-1152x1536.jpg 1152w\" sizes=\"auto, (max-width: 1536px) 100vw, 1536px\" \/><\/figure>\n<\/div>\n<\/div><\/section>\n\n\n\n<section id=\"wp-block-themeisle-blocks-advanced-columns-a5663609\" class=\"wp-block-themeisle-blocks-advanced-columns alignfull has-1-columns has-desktop-equal-layout has-tablet-equal-layout has-mobile-equal-layout has-vertical-flex-start has-light-bg\"><div class=\"wp-block-themeisle-blocks-advanced-columns-overlay\"><\/div><div class=\"innerblocks-wrap\">\n<div id=\"wp-block-themeisle-blocks-advanced-column-4c4fd106\" class=\"wp-block-themeisle-blocks-advanced-column\">\n<section id=\"wp-block-themeisle-blocks-advanced-columns-fd016a8d\" class=\"wp-block-themeisle-blocks-advanced-columns has-1-columns has-desktop-equal-layout has-tablet-equal-layout has-mobile-equal-layout has-vertical-flex-start\"><div class=\"wp-block-themeisle-blocks-advanced-columns-overlay\"><\/div><div class=\"innerblocks-wrap\">\n<div id=\"wp-block-themeisle-blocks-advanced-column-ab033daa\" class=\"wp-block-themeisle-blocks-advanced-column\">\n<h2 class=\"wp-block-heading has-text-align-center\">novidades<\/h2>\n\n\n\n<p><strong>CHAMADA PARA<\/strong> <strong>APLICA\u00c7\u00c3O DE INQU\u00c9RITO POR QUESTION\u00c1RIO AT\u00c9 DIA 16 DE MAIO<\/strong><\/p>\n\n\n\n<p>At\u00e9 ao dia&nbsp;<strong>16 de maio<\/strong>&nbsp;est\u00e1 dispon\u00edvel o inqu\u00e9rito por question\u00e1rio \u00e0s Institui\u00e7\u00f5es, aplicado a diretores\/as, coordenadores\/as, t\u00e9cnicos\/as, dirigentes associativos\/as, ou outros\/as profissionais das \u00e1reas da a\u00e7\u00e3o social, habita\u00e7\u00e3o, educa\u00e7\u00e3o, etc., que interajam e trabalhem de forma pr\u00f3xima com pessoas, fam\u00edlias e comunidades ciganas. Trata-se de um inqu\u00e9rito breve, que tem como objetivo apoiar o estudo no conhecimento, de forma estimada, da localiza\u00e7\u00e3o geogr\u00e1fica e caracter\u00edsticas sociodemogr\u00e1ficas das pessoas e fam\u00edlias ciganas residentes no territ\u00f3rio de atua\u00e7\u00e3o da sua institui\u00e7\u00e3o\/servi\u00e7o. Solicitamos que as respostas sejam submetidas no seguinte link at\u00e9 ao dia solicitado:&nbsp;<a href=\"https:\/\/iscteiul.co1.qualtrics.com\/jfe\/form\/SV_01bQjznNF0rlKku\">https:\/\/iscteiul.co1.qualtrics.com\/jfe\/form\/SV_01bQjznNF0rlKku<\/a>.<\/p>\n<\/div>\n<\/div><\/section>\n<\/div>\n<\/div><\/section>\n\n\n\n<div id=\"wp-block-themeisle-blocks-advanced-columns-b6901ffc\" class=\"wp-block-themeisle-blocks-advanced-columns has-2-columns has-desktop-equal-layout has-tablet-equal-layout has-mobile-collapsedRows-layout has-vertical-unset has-light-bg\"><div class=\"wp-block-themeisle-blocks-advanced-columns-overlay\"><\/div><div class=\"innerblocks-wrap\">\n<div id=\"wp-block-themeisle-blocks-advanced-column-2a4409f3\" class=\"wp-block-themeisle-blocks-advanced-column\">\n<h5 class=\"wp-block-heading has-nv-dark-bg-color has-text-color has-link-color wp-elements-ab989bd7d082a680bf173b6d73db49fe\">contacto<\/h5>\n\n\n\n<div class=\"wp-block-group\"><div class=\"wp-block-group__inner-container is-layout-constrained wp-block-group-is-layout-constrained\">\n<div class=\"wp-block-columns is-layout-flex wp-container-core-columns-is-layout-1 wp-block-columns-is-layout-flex\">\n<div class=\"wp-block-column is-layout-flow wp-block-column-is-layout-flow\" style=\"flex-basis:100%\">\n<div class=\"wp-block-group is-content-justification-left is-nowrap is-layout-flex wp-container-core-group-is-layout-1 wp-block-group-is-layout-flex\">\n<div id=\"wp-block-themeisle-blocks-font-awesome-icons-379ef048\" class=\"wp-block-themeisle-blocks-font-awesome-icons\"><span class=\"wp-block-themeisle-blocks-font-awesome-icons-container\"><i class=\"fas fa-phone\"><\/i><\/span><\/div>\n\n\n\n<p class=\"has-nv-dark-bg-color has-text-color has-link-color has-medium-font-size wp-elements-3ea573eea61ca919533187ae57e7e6a4\">+351 226 077 100<\/p>\n<\/div>\n\n\n\n<div class=\"wp-block-group is-content-justification-left is-nowrap is-layout-flex wp-container-core-group-is-layout-2 wp-block-group-is-layout-flex\">\n<div id=\"wp-block-themeisle-blocks-font-awesome-icons-686ec512\" class=\"wp-block-themeisle-blocks-font-awesome-icons\"><span class=\"wp-block-themeisle-blocks-font-awesome-icons-container\"><i class=\"fas fa-mail-bulk\"><\/i><\/span><\/div>\n\n\n\n<p class=\"has-nv-dark-bg-color has-text-color has-link-color has-medium-font-size wp-elements-0d735b8b851b35714d0433e58294dd4d\">encc2426@gmail.com<\/p>\n<\/div>\n\n\n\n<div style=\"height:20px\" aria-hidden=\"true\" class=\"wp-block-spacer\"><\/div>\n\n\n\n<p class=\"has-nv-dark-bg-color has-text-color has-link-color wp-elements-7c9226f85f8c5092fb22c11ba2b9807c\">Instituto de Sociologia da Universidade do Porto<br>Faculdade de Letras da Universidade do Porto<br>Via Panor\u00e2mica Edgar Cardoso s \/ n<br>4150-564 Porto<\/p>\n\n\n\n<div style=\"height:50px\" aria-hidden=\"true\" class=\"wp-block-spacer\"><\/div>\n\n\n\n<ul class=\"wp-block-social-links has-large-icon-size has-icon-color is-style-logos-only is-content-justification-left is-layout-flex wp-container-core-social-links-is-layout-1 wp-block-social-links-is-layout-flex\"><li style=\"color: var(--nv-dark-bg); \" class=\"wp-social-link wp-social-link-instagram has-nv-dark-bg-color wp-block-social-link\"><a rel=\"noopener nofollow\" target=\"_blank\" href=\"https:\/\/INSTAGRAM.COM\" class=\"wp-block-social-link-anchor\"><svg width=\"24\" height=\"24\" viewBox=\"0 0 24 24\" version=\"1.1\" xmlns=\"http:\/\/www.w3.org\/2000\/svg\" aria-hidden=\"true\" focusable=\"false\"><path d=\"M12,4.622c2.403,0,2.688,0.009,3.637,0.052c0.877,0.04,1.354,0.187,1.671,0.31c0.42,0.163,0.72,0.358,1.035,0.673 c0.315,0.315,0.51,0.615,0.673,1.035c0.123,0.317,0.27,0.794,0.31,1.671c0.043,0.949,0.052,1.234,0.052,3.637 s-0.009,2.688-0.052,3.637c-0.04,0.877-0.187,1.354-0.31,1.671c-0.163,0.42-0.358,0.72-0.673,1.035 c-0.315,0.315-0.615,0.51-1.035,0.673c-0.317,0.123-0.794,0.27-1.671,0.31c-0.949,0.043-1.233,0.052-3.637,0.052 s-2.688-0.009-3.637-0.052c-0.877-0.04-1.354-0.187-1.671-0.31c-0.42-0.163-0.72-0.358-1.035-0.673 c-0.315-0.315-0.51-0.615-0.673-1.035c-0.123-0.317-0.27-0.794-0.31-1.671C4.631,14.688,4.622,14.403,4.622,12 s0.009-2.688,0.052-3.637c0.04-0.877,0.187-1.354,0.31-1.671c0.163-0.42,0.358-0.72,0.673-1.035 c0.315-0.315,0.615-0.51,1.035-0.673c0.317-0.123,0.794-0.27,1.671-0.31C9.312,4.631,9.597,4.622,12,4.622 M12,3 C9.556,3,9.249,3.01,8.289,3.054C7.331,3.098,6.677,3.25,6.105,3.472C5.513,3.702,5.011,4.01,4.511,4.511 c-0.5,0.5-0.808,1.002-1.038,1.594C3.25,6.677,3.098,7.331,3.054,8.289C3.01,9.249,3,9.556,3,12c0,2.444,0.01,2.751,0.054,3.711 c0.044,0.958,0.196,1.612,0.418,2.185c0.23,0.592,0.538,1.094,1.038,1.594c0.5,0.5,1.002,0.808,1.594,1.038 c0.572,0.222,1.227,0.375,2.185,0.418C9.249,20.99,9.556,21,12,21s2.751-0.01,3.711-0.054c0.958-0.044,1.612-0.196,2.185-0.418 c0.592-0.23,1.094-0.538,1.594-1.038c0.5-0.5,0.808-1.002,1.038-1.594c0.222-0.572,0.375-1.227,0.418-2.185 C20.99,14.751,21,14.444,21,12s-0.01-2.751-0.054-3.711c-0.044-0.958-0.196-1.612-0.418-2.185c-0.23-0.592-0.538-1.094-1.038-1.594 c-0.5-0.5-1.002-0.808-1.594-1.038c-0.572-0.222-1.227-0.375-2.185-0.418C14.751,3.01,14.444,3,12,3L12,3z M12,7.378 c-2.552,0-4.622,2.069-4.622,4.622S9.448,16.622,12,16.622s4.622-2.069,4.622-4.622S14.552,7.378,12,7.378z M12,15 c-1.657,0-3-1.343-3-3s1.343-3,3-3s3,1.343,3,3S13.657,15,12,15z M16.804,6.116c-0.596,0-1.08,0.484-1.08,1.08 s0.484,1.08,1.08,1.08c0.596,0,1.08-0.484,1.08-1.08S17.401,6.116,16.804,6.116z\"><\/path><\/svg><span class=\"wp-block-social-link-label screen-reader-text\">Instagram<\/span><\/a><\/li>\n\n<li style=\"color: var(--nv-dark-bg); \" class=\"wp-social-link wp-social-link-facebook has-nv-dark-bg-color wp-block-social-link\"><a rel=\"noopener nofollow\" target=\"_blank\" href=\"https:\/\/FACEBOOK.COM\" class=\"wp-block-social-link-anchor\"><svg width=\"24\" height=\"24\" viewBox=\"0 0 24 24\" version=\"1.1\" xmlns=\"http:\/\/www.w3.org\/2000\/svg\" aria-hidden=\"true\" focusable=\"false\"><path d=\"M12 2C6.5 2 2 6.5 2 12c0 5 3.7 9.1 8.4 9.9v-7H7.9V12h2.5V9.8c0-2.5 1.5-3.9 3.8-3.9 1.1 0 2.2.2 2.2.2v2.5h-1.3c-1.2 0-1.6.8-1.6 1.6V12h2.8l-.4 2.9h-2.3v7C18.3 21.1 22 17 22 12c0-5.5-4.5-10-10-10z\"><\/path><\/svg><span class=\"wp-block-social-link-label screen-reader-text\">Facebook<\/span><\/a><\/li>\n\n<li style=\"color: var(--nv-dark-bg); \" class=\"wp-social-link wp-social-link-linkedin has-nv-dark-bg-color wp-block-social-link\"><a rel=\"noopener nofollow\" target=\"_blank\" href=\"https:\/\/LINKEDIN.COM\" class=\"wp-block-social-link-anchor\"><svg width=\"24\" height=\"24\" viewBox=\"0 0 24 24\" version=\"1.1\" xmlns=\"http:\/\/www.w3.org\/2000\/svg\" aria-hidden=\"true\" focusable=\"false\"><path d=\"M19.7,3H4.3C3.582,3,3,3.582,3,4.3v15.4C3,20.418,3.582,21,4.3,21h15.4c0.718,0,1.3-0.582,1.3-1.3V4.3 C21,3.582,20.418,3,19.7,3z M8.339,18.338H5.667v-8.59h2.672V18.338z M7.004,8.574c-0.857,0-1.549-0.694-1.549-1.548 c0-0.855,0.691-1.548,1.549-1.548c0.854,0,1.547,0.694,1.547,1.548C8.551,7.881,7.858,8.574,7.004,8.574z M18.339,18.338h-2.669 v-4.177c0-0.996-0.017-2.278-1.387-2.278c-1.389,0-1.601,1.086-1.601,2.206v4.249h-2.667v-8.59h2.559v1.174h0.037 c0.356-0.675,1.227-1.387,2.526-1.387c2.703,0,3.203,1.779,3.203,4.092V18.338z\"><\/path><\/svg><span class=\"wp-block-social-link-label screen-reader-text\">LinkedIn<\/span><\/a><\/li><\/ul>\n\n\n\n<div style=\"height:50px\" aria-hidden=\"true\" class=\"wp-block-spacer\"><\/div>\n<\/div>\n<\/div>\n<\/div><\/div>\n<\/div>\n\n\n\n<div id=\"wp-block-themeisle-blocks-advanced-column-03f4c9d9\" class=\"wp-block-themeisle-blocks-advanced-column has-dark-bg\">\n<div id=\"wp-block-themeisle-blocks-form-2eb7c851\" class=\"wp-block-themeisle-blocks-form\" data-option-name=\"eec644dedc9b7c582867ae4aa057ecba6fb6642d_2eb7c851\"><form class=\"otter-form__container\">\n<div id=\"wp-block-themeisle-blocks-form-input-524bbf39\" class=\"wp-block-themeisle-blocks-form-input\"><label for=\"wp-block-themeisle-blocks-form-input-524bbf39-input\" class=\"otter-form-input-label\"><span class=\"otter-form-input-label__label\">Nome<\/span><\/label><input type=\"text\" id=\"wp-block-themeisle-blocks-form-input-524bbf39-input\" class=\"otter-form-input\"\/><\/div>\n\n\n\n<div id=\"wp-block-themeisle-blocks-form-input-a8190f52\" class=\"wp-block-themeisle-blocks-form-input\"><label for=\"wp-block-themeisle-blocks-form-input-a8190f52-input\" class=\"otter-form-input-label\"><span class=\"otter-form-input-label__label\">Endere\u00e7o de mail<\/span><span class=\"required\">*<\/span><\/label><input type=\"email\" id=\"wp-block-themeisle-blocks-form-input-a8190f52-input\" required class=\"otter-form-input\"\/><\/div>\n\n\n\n<div id=\"wp-block-themeisle-blocks-form-textarea-e61baed4\" class=\"wp-block-themeisle-blocks-form-textarea\"><label for=\"wp-block-themeisle-blocks-form-textarea-e61baed4-input\" class=\"otter-form-textarea-label\"><span class=\"otter-form-textarea-label__label\">Mensagem<\/span><\/label><textarea id=\"wp-block-themeisle-blocks-form-textarea-e61baed4-input\" rows=\"10\" class=\"otter-form-textarea-input\"><\/textarea><\/div>\n\n\n<div class=\"protection\" aria-hidden=\"true\"><input type=\"hidden\" id=\"wp-block-themeisle-blocks-form-2eb7c851_nonce_field\" name=\"wp-block-themeisle-blocks-form-2eb7c851_nonce_field\" value=\"64b5647fa2\" \/><input type=\"hidden\" name=\"_wp_http_referer\" value=\"\/encc2426\/wp-json\/wp\/v2\/pages\/451\" \/><input class=\"o-anti-bot\" type=\"checkbox\"><\/div><div class=\"wp-block-button\"><button class=\"wp-block-button__link\" type=\"submit\">Enviar<\/button><\/div><\/form><\/div>\n<\/div>\n<\/div><\/div>\n\n\n\n<p><\/p>\n","protected":false},"excerpt":{"rendered":"","protected":false},"author":1,"featured_media":0,"parent":0,"menu_order":0,"comment_status":"closed","ping_status":"closed","template":"page-templates\/template-pagebuilder-full-width.php","meta":{"neve_meta_sidebar":"full-width","neve_meta_container":"default","neve_meta_enable_content_width":"on","neve_meta_content_width":100,"neve_meta_title_alignment":"left","neve_meta_author_avatar":"","neve_post_elements_order":"","neve_meta_disable_header":"off","neve_meta_disable_footer":"","neve_meta_disable_title":"","_themeisle_gutenberg_block_has_review":false,"_ti_tpc_template_sync":true,"_ti_tpc_template_id":"td9kxtrvh5ft79amh21s","footnotes":""},"class_list":["post-451","page","type-page","status-publish","hentry"],"_links":{"self":[{"href":"https:\/\/id.letras.up.pt\/encc2426\/wp-json\/wp\/v2\/pages\/451","targetHints":{"allow":["GET"]}}],"collection":[{"href":"https:\/\/id.letras.up.pt\/encc2426\/wp-json\/wp\/v2\/pages"}],"about":[{"href":"https:\/\/id.letras.up.pt\/encc2426\/wp-json\/wp\/v2\/types\/page"}],"author":[{"embeddable":true,"href":"https:\/\/id.letras.up.pt\/encc2426\/wp-json\/wp\/v2\/users\/1"}],"replies":[{"embeddable":true,"href":"https:\/\/id.letras.up.pt\/encc2426\/wp-json\/wp\/v2\/comments?post=451"}],"version-history":[{"count":48,"href":"https:\/\/id.letras.up.pt\/encc2426\/wp-json\/wp\/v2\/pages\/451\/revisions"}],"predecessor-version":[{"id":865,"href":"https:\/\/id.letras.up.pt\/encc2426\/wp-json\/wp\/v2\/pages\/451\/revisions\/865"}],"wp:attachment":[{"href":"https:\/\/id.letras.up.pt\/encc2426\/wp-json\/wp\/v2\/media?parent=451"}],"curies":[{"name":"wp","href":"https:\/\/api.w.org\/{rel}","templated":true}]}}