{"id":118,"date":"2026-01-26T09:20:20","date_gmt":"2026-01-26T09:20:20","guid":{"rendered":"https:\/\/id.letras.up.pt\/geniusloci\/?page_id=118"},"modified":"2026-02-04T14:49:38","modified_gmt":"2026-02-04T14:49:38","slug":"espacos_sacros","status":"publish","type":"page","link":"https:\/\/id.letras.up.pt\/geniusloci\/espacos_sacros\/","title":{"rendered":"Espa\u00e7os Sacros"},"content":{"rendered":"<div class=\"et_pb_section_0 et_pb_section et_section_regular et_block_section\">\n<div class=\"et_pb_row_0 et_pb_row et_block_row\">\n<div class=\"et_pb_column_0 et_pb_column et_pb_column_1_2 et_block_column et_pb_css_mix_blend_mode_passthrough\">\n<div class=\"et_pb_text_0 et_pb_text et_pb_bg_layout_light et_animated et_pb_module et_block_module\"><div class=\"et_pb_text_inner\"><h1>Espa\u00e7os Sacros<\/h1>\n<\/div><\/div>\n\n<div class=\"et_pb_divider_0 et_pb_divider et_pb_space et_pb_divider_position_center et_animated et_pb_module\"><div class=\"et_pb_divider_internal\"><\/div><\/div>\n\n<div class=\"et_pb_text_1 et_pb_text et_pb_bg_layout_light et_animated et_pb_module et_block_module\"><div class=\"et_pb_text_inner\"><p>Os Espa\u00e7os Sacros s\u00e3o realidades vivas e mut\u00e1veis, sujeitas ao devir. Estes lugares naturais e\/ou constru\u00eddos, que recebem rituais programados, conferem significado a uma comunidade e materializam a liga\u00e7\u00e3o entre o tempo terreno e o tempo da transcend\u00eancia.<\/p>\n<p>A reflex\u00e3o sobre a evolu\u00e7\u00e3o e transforma\u00e7\u00e3o dos espa\u00e7os sacros, a natureza e motiva\u00e7\u00f5es das suas cria\u00e7\u00f5es, a rela\u00e7\u00e3o entre as formas e os seus significados, as din\u00e2micas das transforma\u00e7\u00f5es e a acumula\u00e7\u00e3o de programas art\u00edsticos ocupa atualmente um assinal\u00e1vel interesse nos estudos da arquitetura, das artes aplicadas, da cultura visual e dos ritos devocionais.<\/p>\n<p>Esta sec\u00e7\u00e3o acolhe comunica\u00e7\u00f5es que se centrem na investiga\u00e7\u00e3o dos espa\u00e7o sacros numa longa diacronia e num amplo espectro geogr\u00e1fico, privilegiando uma vis\u00e3o hol\u00edstica e integrada dos seguintes t\u00f3picos:<\/p>\n<p>1) an\u00e1lise e interpreta\u00e7\u00e3o das formas e significados; <br \/>2) articula\u00e7\u00e3o com os rituais; <br \/>3) transforma\u00e7\u00f5es hist\u00f3rico-art\u00edsticas; <br \/>4) usos contempor\u00e2neos; <br \/>5) sacralidade e turismo.<\/p>\n<\/div><\/div>\n\n<div class=\"et_pb_text_2 et_pb_text et_pb_bg_layout_light et_pb_module et_flex_module\"><div class=\"et_pb_text_inner\"><p><strong>Palavras-Chave<\/strong><\/p>\n<p>Materialidades; Ritual; Devo\u00e7\u00e3o; Sacralidade; Mobilidade<\/p>\n<\/div><\/div>\n\n<div class=\"et_pb_text_3 et_pb_text et_pb_bg_layout_light et_pb_module et_flex_module\"><div class=\"et_pb_text_inner\"><p><strong>Coordenadores<\/strong><\/p>\n<p><a href=\"https:\/\/www.cienciavitae.pt\/9017-4C21-70D1\" target=\"_blank\" rel=\"noopener\">Ana Cristina Sousa<\/a> e <a href=\"https:\/\/www.cienciavitae.pt\/en\/6814-9E1A-79CC\" target=\"_blank\" rel=\"noopener\">Marisa Pereira Santos<\/a><\/p>\n<\/div><\/div>\n<\/div>\n\n<div class=\"et_pb_column_1 et_pb_column et_pb_column_1_2 et-last-child et_block_column et_pb_css_mix_blend_mode_passthrough\">\n<div class=\"et_pb_image_0 et_pb_image et_animated et_pb_module et_block_module\"><span class=\"et_pb_image_wrap\"><img loading=\"lazy\" decoding=\"async\" src=\"https:\/\/id.letras.up.pt\/geniusloci\/wp-content\/uploads\/2026\/01\/01_EspacosSacros-scaled.jpg\" title=\"01_EspacosSacros\" width=\"2560\" height=\"1707\" srcset=\"https:\/\/id.letras.up.pt\/geniusloci\/wp-content\/uploads\/2026\/01\/01_EspacosSacros-scaled.jpg 2560w, https:\/\/id.letras.up.pt\/geniusloci\/wp-content\/uploads\/2026\/01\/01_EspacosSacros-1280x854.jpg 1280w, https:\/\/id.letras.up.pt\/geniusloci\/wp-content\/uploads\/2026\/01\/01_EspacosSacros-980x653.jpg 980w, https:\/\/id.letras.up.pt\/geniusloci\/wp-content\/uploads\/2026\/01\/01_EspacosSacros-480x320.jpg 480w\" sizes=\"(min-width: 0px) and (max-width: 480px) 480px, (min-width: 481px) and (max-width: 980px) 980px, (min-width: 981px) and (max-width: 1280px) 1280px, (min-width: 1281px) 2560px, 100vw\" class=\"wp-image-114\" \/><\/span><\/div>\n\n<div class=\"et_pb_image_1 et_pb_image et_animated et_pb_module et_block_module\"><span class=\"et_pb_image_wrap\"><img loading=\"lazy\" decoding=\"async\" src=\"https:\/\/id.letras.up.pt\/geniusloci\/wp-content\/uploads\/2026\/01\/03_EspacosSacros-scaled.jpg\" title=\"03_EspacosSacros\" width=\"2560\" height=\"1442\" srcset=\"https:\/\/id.letras.up.pt\/geniusloci\/wp-content\/uploads\/2026\/01\/03_EspacosSacros-scaled.jpg 2560w, https:\/\/id.letras.up.pt\/geniusloci\/wp-content\/uploads\/2026\/01\/03_EspacosSacros-1280x721.jpg 1280w, https:\/\/id.letras.up.pt\/geniusloci\/wp-content\/uploads\/2026\/01\/03_EspacosSacros-980x552.jpg 980w, https:\/\/id.letras.up.pt\/geniusloci\/wp-content\/uploads\/2026\/01\/03_EspacosSacros-480x270.jpg 480w\" sizes=\"(min-width: 0px) and (max-width: 480px) 480px, (min-width: 481px) and (max-width: 980px) 980px, (min-width: 981px) and (max-width: 1280px) 1280px, (min-width: 1281px) 2560px, 100vw\" class=\"wp-image-116\" \/><\/span><\/div>\n\n<div class=\"et_pb_image_2 et_pb_image et_animated et_pb_module et_block_module\"><span class=\"et_pb_image_wrap\"><img loading=\"lazy\" decoding=\"async\" src=\"https:\/\/id.letras.up.pt\/geniusloci\/wp-content\/uploads\/2026\/01\/02_EspacosSacros-scaled.jpg\" title=\"02_EspacosSacros\" width=\"2560\" height=\"1442\" srcset=\"https:\/\/id.letras.up.pt\/geniusloci\/wp-content\/uploads\/2026\/01\/02_EspacosSacros-scaled.jpg 2560w, https:\/\/id.letras.up.pt\/geniusloci\/wp-content\/uploads\/2026\/01\/02_EspacosSacros-1280x721.jpg 1280w, https:\/\/id.letras.up.pt\/geniusloci\/wp-content\/uploads\/2026\/01\/02_EspacosSacros-980x552.jpg 980w, https:\/\/id.letras.up.pt\/geniusloci\/wp-content\/uploads\/2026\/01\/02_EspacosSacros-480x270.jpg 480w\" sizes=\"(min-width: 0px) and (max-width: 480px) 480px, (min-width: 481px) and (max-width: 980px) 980px, (min-width: 981px) and (max-width: 1280px) 1280px, (min-width: 1281px) 2560px, 100vw\" class=\"wp-image-115\" \/><\/span><\/div>\n<\/div>\n<\/div>\n<\/div>\n\n<div class=\"et_pb_section_1 et_pb_section et_section_regular et_block_section\">\n<div class=\"et_pb_row_1 et_pb_row et-vb-row--no-module et_block_row\">\n<div class=\"et_pb_column_2 et_pb_column et_pb_column_4_4 et-last-child et_block_column et_pb_column_empty et_pb_css_mix_blend_mode_passthrough\"><\/div>\n<\/div>\n<\/div>","protected":false},"excerpt":{"rendered":"","protected":false},"author":1,"featured_media":0,"parent":0,"menu_order":0,"comment_status":"closed","ping_status":"closed","template":"","meta":{"footnotes":""},"class_list":["post-118","page","type-page","status-publish","hentry"],"_links":{"self":[{"href":"https:\/\/id.letras.up.pt\/geniusloci\/wp-json\/wp\/v2\/pages\/118","targetHints":{"allow":["GET"]}}],"collection":[{"href":"https:\/\/id.letras.up.pt\/geniusloci\/wp-json\/wp\/v2\/pages"}],"about":[{"href":"https:\/\/id.letras.up.pt\/geniusloci\/wp-json\/wp\/v2\/types\/page"}],"author":[{"embeddable":true,"href":"https:\/\/id.letras.up.pt\/geniusloci\/wp-json\/wp\/v2\/users\/1"}],"replies":[{"embeddable":true,"href":"https:\/\/id.letras.up.pt\/geniusloci\/wp-json\/wp\/v2\/comments?post=118"}],"version-history":[{"count":9,"href":"https:\/\/id.letras.up.pt\/geniusloci\/wp-json\/wp\/v2\/pages\/118\/revisions"}],"predecessor-version":[{"id":365,"href":"https:\/\/id.letras.up.pt\/geniusloci\/wp-json\/wp\/v2\/pages\/118\/revisions\/365"}],"wp:attachment":[{"href":"https:\/\/id.letras.up.pt\/geniusloci\/wp-json\/wp\/v2\/media?parent=118"}],"curies":[{"name":"wp","href":"https:\/\/api.w.org\/{rel}","templated":true}]}}