{"id":126,"date":"2026-01-26T09:28:17","date_gmt":"2026-01-26T09:28:17","guid":{"rendered":"https:\/\/id.letras.up.pt\/geniusloci\/?page_id=126"},"modified":"2026-02-04T11:48:41","modified_gmt":"2026-02-04T11:48:41","slug":"arquiteturas","status":"publish","type":"page","link":"https:\/\/id.letras.up.pt\/geniusloci\/arquiteturas\/","title":{"rendered":"Arquiteturas"},"content":{"rendered":"<div class=\"et_pb_section_0 et_pb_section et_section_regular et_block_section\">\n<div class=\"et_pb_row_0 et_pb_row et_block_row\">\n<div class=\"et_pb_column_0 et_pb_column et_pb_column_1_2 et_block_column et_pb_css_mix_blend_mode_passthrough\">\n<div class=\"et_pb_text_0 et_pb_text et_pb_bg_layout_light et_animated et_pb_module et_block_module\"><div class=\"et_pb_text_inner\"><h1>Arquiteturas<\/h1>\n<\/div><\/div>\n\n<div class=\"et_pb_divider_0 et_pb_divider et_pb_space et_pb_divider_position_center et_animated et_pb_module\"><div class=\"et_pb_divider_internal\"><\/div><\/div>\n\n<div class=\"et_pb_text_1 et_pb_text et_pb_bg_layout_light et_animated et_pb_module et_block_module\"><div class=\"et_pb_text_inner\"><p>Esta sec\u00e7\u00e3o pretende refletir a pluralidade de materializa\u00e7\u00f5es da Arquitetura desde a Idade M\u00e9dia at\u00e9 \u00e0 \u00c9poca Contempor\u00e2nea, com particular incid\u00eancia no contexto Ib\u00e9rico e Europeu.<\/p>\n<p>Convocam-se, assim, os mais amplos contributos focados em realidades regionais, estudos de s\u00edntese ou os estudos de caso dos mais significativos exemplos de arquiteturas.<\/p>\n<p>Ser\u00e3o tamb\u00e9m acolhidos os trabalhos que incidam sobre os desafios do estudo destas realidades, nomeadamente o estudo das estruturas j\u00e1 desaparecidas ou parcialmente destru\u00eddas; o seu estudo atrav\u00e9s de fontes prim\u00e1rias e das materialidades remanescentes; a cria\u00e7\u00e3o de modelos virtuais de salvaguarda e acessibilidade (<em>Digital Twins <\/em>e Visitas Virtuais). Algumas sugest\u00f5es de temas s\u00e3o:\u00a0<\/p>\n<ol>\n<li style=\"list-style-type: none;\">\n<ol>\n<li>T\u00e9cnicas construtivas;<\/li>\n<li>Arquitetura militar;<\/li>\n<li>Arquitetura religiosa;<\/li>\n<li>Arquitetura do ferro e <em>devantures; <\/em><\/li>\n<li>Tend\u00eancias atuais da arquitetura;<\/li>\n<li>Arquitetura civil<\/li>\n<\/ol>\n<\/li>\n<\/ol>\n<\/div><\/div>\n\n<div class=\"et_pb_text_2 et_pb_text et_pb_bg_layout_light et_pb_module et_flex_module\"><div class=\"et_pb_text_inner\"><p><strong>Palavras-Chave<\/strong><\/p>\n<p>Arquitetura; Arqueologia, T\u00e9cnicas, Fontes, Metodologias<\/p>\n<\/div><\/div>\n\n<div class=\"et_pb_text_3 et_pb_text et_pb_bg_layout_light et_pb_module et_flex_module\"><div class=\"et_pb_text_inner\"><p><strong>Coordenadores<\/strong><\/p>\n<p><a href=\"https:\/\/www.cienciavitae.pt\/portal\/031B-6D32-8082\" target=\"_blank\" rel=\"noopener\">Diana Fel\u00edcia<\/a>, <a href=\"https:\/\/www.cienciavitae.pt\/portal\/4719-0819-54CE\" target=\"_blank\" rel=\"noopener\">Manuel Joaquim Rocha<\/a> e <a href=\"https:\/\/www.cienciavitae.pt\/portal\/411A-5315-5D61\" target=\"_blank\" rel=\"noopener\">M\u00e1rio Barroca<\/a><\/p>\n<\/div><\/div>\n<\/div>\n\n<div class=\"et_pb_column_1 et_pb_column et_pb_column_1_2 et-last-child et_block_column et_pb_css_mix_blend_mode_passthrough\">\n<div class=\"et_pb_image_0 et_pb_image et_animated et_pb_module et_block_module\"><span class=\"et_pb_image_wrap\"><img loading=\"lazy\" decoding=\"async\" src=\"https:\/\/id.letras.up.pt\/geniusloci\/wp-content\/uploads\/2026\/01\/01_arquiteturas.jpg\" alt=\"Perspectiva do castelo de Almourol\" title=\"01_arquiteturas\" width=\"1936\" height=\"1288\" srcset=\"https:\/\/id.letras.up.pt\/geniusloci\/wp-content\/uploads\/2026\/01\/01_arquiteturas.jpg 1936w, https:\/\/id.letras.up.pt\/geniusloci\/wp-content\/uploads\/2026\/01\/01_arquiteturas-1280x852.jpg 1280w, https:\/\/id.letras.up.pt\/geniusloci\/wp-content\/uploads\/2026\/01\/01_arquiteturas-980x652.jpg 980w, https:\/\/id.letras.up.pt\/geniusloci\/wp-content\/uploads\/2026\/01\/01_arquiteturas-480x319.jpg 480w\" sizes=\"(min-width: 0px) and (max-width: 480px) 480px, (min-width: 481px) and (max-width: 980px) 980px, (min-width: 981px) and (max-width: 1280px) 1280px, (min-width: 1281px) 1936px, 100vw\" class=\"wp-image-104\" \/><\/span>\n<div class=\"et_pb_text_4 et_pb_text et_pb_bg_layout_light et_pb_module et_flex_module\"><div class=\"et_pb_text_inner\"><p><span>Castelo de Almourol - \u00a9 M\u00e1rio Barroca<\/span><\/p>\n<\/div><\/div>\n<\/div>\n\n<div class=\"et_pb_image_1 et_pb_image et_animated et_pb_module et_block_module\"><span class=\"et_pb_image_wrap\"><img loading=\"lazy\" decoding=\"async\" src=\"https:\/\/id.letras.up.pt\/geniusloci\/wp-content\/uploads\/2026\/01\/02_arquiteturas-scaled.jpg\" title=\"02_arquiteturas\" width=\"2560\" height=\"1707\" srcset=\"https:\/\/id.letras.up.pt\/geniusloci\/wp-content\/uploads\/2026\/01\/02_arquiteturas-scaled.jpg 2560w, https:\/\/id.letras.up.pt\/geniusloci\/wp-content\/uploads\/2026\/01\/02_arquiteturas-1280x854.jpg 1280w, https:\/\/id.letras.up.pt\/geniusloci\/wp-content\/uploads\/2026\/01\/02_arquiteturas-980x653.jpg 980w, https:\/\/id.letras.up.pt\/geniusloci\/wp-content\/uploads\/2026\/01\/02_arquiteturas-480x320.jpg 480w\" sizes=\"(min-width: 0px) and (max-width: 480px) 480px, (min-width: 481px) and (max-width: 980px) 980px, (min-width: 981px) and (max-width: 1280px) 1280px, (min-width: 1281px) 2560px, 100vw\" class=\"wp-image-105\" \/><\/span>\n<div class=\"et_pb_text_5 et_pb_text et_pb_bg_layout_light et_pb_module et_flex_module\"><div class=\"et_pb_text_inner\"><p><span>Igreja da Miseric\u00f3rdia do Porto e\u00a0<\/span><span>Casa dos Cunha Pimentel - Ruas das Flores\/Largo de S. Domingos, Porto. \u00a9 C\u00e1tia Oliveira<\/span><\/p>\n<\/div><\/div>\n<\/div>\n\n<div class=\"et_pb_image_2 et_pb_image et_animated et_pb_module et_block_module\"><span class=\"et_pb_image_wrap\"><img loading=\"lazy\" decoding=\"async\" src=\"https:\/\/id.letras.up.pt\/geniusloci\/wp-content\/uploads\/2026\/01\/04_arquiteturas.jpg\" title=\"04_arquiteturas\" width=\"1704\" height=\"2272\" srcset=\"https:\/\/id.letras.up.pt\/geniusloci\/wp-content\/uploads\/2026\/01\/04_arquiteturas.jpg 1704w, https:\/\/id.letras.up.pt\/geniusloci\/wp-content\/uploads\/2026\/01\/04_arquiteturas-1280x1707.jpg 1280w, https:\/\/id.letras.up.pt\/geniusloci\/wp-content\/uploads\/2026\/01\/04_arquiteturas-980x1307.jpg 980w, https:\/\/id.letras.up.pt\/geniusloci\/wp-content\/uploads\/2026\/01\/04_arquiteturas-480x640.jpg 480w\" sizes=\"(min-width: 0px) and (max-width: 480px) 480px, (min-width: 481px) and (max-width: 980px) 980px, (min-width: 981px) and (max-width: 1280px) 1280px, (min-width: 1281px) 1704px, 100vw\" class=\"wp-image-107\" \/><\/span>\n<div class=\"et_pb_text_6 et_pb_text et_pb_bg_layout_light et_pb_module et_flex_module\"><div class=\"et_pb_text_inner\"><p><span>Ponte Lu\u00eds I, Porto - \u00a9 M\u00e1rio Barroca<\/span><\/p>\n<\/div><\/div>\n<\/div>\n<\/div>\n<\/div>\n<\/div>\n\n<div class=\"et_pb_section_1 et_pb_section et_section_regular et_block_section\">\n<div class=\"et_pb_row_1 et_pb_row et-vb-row--no-module et_block_row\">\n<div class=\"et_pb_column_2 et_pb_column et_pb_column_4_4 et-last-child et_block_column et_pb_column_empty et_pb_css_mix_blend_mode_passthrough\"><\/div>\n<\/div>\n<\/div>","protected":false},"excerpt":{"rendered":"","protected":false},"author":1,"featured_media":0,"parent":0,"menu_order":0,"comment_status":"closed","ping_status":"closed","template":"","meta":{"footnotes":""},"class_list":["post-126","page","type-page","status-publish","hentry"],"_links":{"self":[{"href":"https:\/\/id.letras.up.pt\/geniusloci\/wp-json\/wp\/v2\/pages\/126","targetHints":{"allow":["GET"]}}],"collection":[{"href":"https:\/\/id.letras.up.pt\/geniusloci\/wp-json\/wp\/v2\/pages"}],"about":[{"href":"https:\/\/id.letras.up.pt\/geniusloci\/wp-json\/wp\/v2\/types\/page"}],"author":[{"embeddable":true,"href":"https:\/\/id.letras.up.pt\/geniusloci\/wp-json\/wp\/v2\/users\/1"}],"replies":[{"embeddable":true,"href":"https:\/\/id.letras.up.pt\/geniusloci\/wp-json\/wp\/v2\/comments?post=126"}],"version-history":[{"count":8,"href":"https:\/\/id.letras.up.pt\/geniusloci\/wp-json\/wp\/v2\/pages\/126\/revisions"}],"predecessor-version":[{"id":350,"href":"https:\/\/id.letras.up.pt\/geniusloci\/wp-json\/wp\/v2\/pages\/126\/revisions\/350"}],"wp:attachment":[{"href":"https:\/\/id.letras.up.pt\/geniusloci\/wp-json\/wp\/v2\/media?parent=126"}],"curies":[{"name":"wp","href":"https:\/\/api.w.org\/{rel}","templated":true}]}}