{"id":154,"date":"2026-01-27T12:57:30","date_gmt":"2026-01-27T12:57:30","guid":{"rendered":"https:\/\/id.letras.up.pt\/geniusloci\/?page_id=154"},"modified":"2026-02-04T14:51:16","modified_gmt":"2026-02-04T14:51:16","slug":"gestao-do-patrimonio","status":"publish","type":"page","link":"https:\/\/id.letras.up.pt\/geniusloci\/gestao-do-patrimonio\/","title":{"rendered":"Gest\u00e3o do patrim\u00f3nio"},"content":{"rendered":"<div class=\"et_pb_section_0 et_pb_section et_section_regular et_block_section\">\n<div class=\"et_pb_row_0 et_pb_row et_block_row\">\n<div class=\"et_pb_column_0 et_pb_column et_pb_column_1_2 et_block_column et_pb_css_mix_blend_mode_passthrough\">\n<div class=\"et_pb_text_0 et_pb_text et_pb_bg_layout_light et_animated et_pb_module et_block_module\"><div class=\"et_pb_text_inner\"><h1>Gest\u00e3o do Patrim\u00f3nio<\/h1>\n<\/div><\/div>\n\n<div class=\"et_pb_divider_0 et_pb_divider et_pb_space et_pb_divider_position_center et_animated et_pb_module\"><div class=\"et_pb_divider_internal\"><\/div><\/div>\n\n<div class=\"et_pb_text_1 et_pb_text et_pb_bg_layout_light et_animated et_pb_module et_block_module\"><div class=\"et_pb_text_inner\"><p>A sec\u00e7\u00e3o Gest\u00e3o do Patrim\u00f3nio acolhe contributos que se enquadrem nos Estudos Cr\u00edticos do Patrim\u00f3nio e proponham uma reflex\u00e3o aprofundada sobre modelos, pr\u00e1ticas e instrumentos contempor\u00e2neos de gest\u00e3o patrimonial, considerando os desafios conceptuais, epistemol\u00f3gicos, sociais e tecnol\u00f3gicos que atravessam as Ci\u00eancias e T\u00e9cnicas do Patrim\u00f3nio na atualidade.<\/p>\n<p>Num contexto de crescente complexidade social, cultural e ambiental, a gest\u00e3o do patrim\u00f3nio \u00e9 entendida como um processo din\u00e2mico e situado, que articula conhecimento cient\u00edfico, enquadramentos institucionais, pol\u00edticas p\u00fablicas e pr\u00e1ticas sociais.<\/p>\n<p>Acolhem-se trabalhos que abordem a gest\u00e3o do patrim\u00f3nio em contextos de mudan\u00e7a, a transforma\u00e7\u00e3o dos modelos de governan\u00e7a, as rela\u00e7\u00f5es entre preserva\u00e7\u00e3o, educa\u00e7\u00e3o e media\u00e7\u00e3o cultural, bem como os desafios colocados pelas tecnologias digitais, sustentabilidade e responsabilidade social. Esperam-se contributos que articulem reflex\u00e3o te\u00f3rica consistente com an\u00e1lise de pr\u00e1ticas, estudos de caso ou processos em curso. S\u00e3o bem-vindas propostas provenientes de diferentes \u00e1reas disciplinares que mobilizem perspetivas cr\u00edticas, interdisciplinares e reflexivas.<\/p>\n<\/div><\/div>\n\n<div class=\"et_pb_text_2 et_pb_text et_pb_bg_layout_light et_pb_module et_flex_module\"><div class=\"et_pb_text_inner\"><p><strong>Palavras-Chave<\/strong><\/p>\n<p>Estudos Cr\u00edticos do Patrim\u00f3nio; Sustentabilidade; Salvaguarda; Governan\u00e7a; Responsabilidade Social<\/p>\n<\/div><\/div>\n\n<div class=\"et_pb_text_3 et_pb_text et_pb_bg_layout_light et_pb_module et_flex_module\"><div class=\"et_pb_text_inner\"><p><strong>Coordenadores<\/strong><\/p>\n<p><a href=\"https:\/\/www.cienciavitae.pt\/\/pt\/5F10-92AE-D178\" target=\"_blank\" rel=\"noopener\">Alexandre Matos<\/a>, <a href=\"https:\/\/www.cienciavitae.pt\/portal\/pt\/3412-23D4-A26A\" target=\"_blank\" rel=\"noopener\">Alice Semedo<\/a>, <a href=\"https:\/\/www.cienciavitae.pt\/portal\/E811-2F37-FFCD\" target=\"_blank\" rel=\"noopener\">Maria Leonor Botelho<\/a> e <a href=\"https:\/\/www.cienciavitae.pt\/B51A-17DE-16ED\" target=\"_blank\" rel=\"noopener\">Paula Menino Homem<\/a><\/p>\n<\/div><\/div>\n<\/div>\n\n<div class=\"et_pb_column_1 et_pb_column et_pb_column_1_2 et-last-child et_block_column et_pb_css_mix_blend_mode_passthrough\">\n<div class=\"et_pb_image_0 et_pb_image et_animated et_pb_module et_block_module\"><span class=\"et_pb_image_wrap\"><img loading=\"lazy\" decoding=\"async\" src=\"https:\/\/id.letras.up.pt\/geniusloci\/wp-content\/uploads\/2026\/01\/01_gestaopatrimonio.jpeg\" title=\"01_gestaopatrimonio\" width=\"1280\" height=\"960\" srcset=\"https:\/\/id.letras.up.pt\/geniusloci\/wp-content\/uploads\/2026\/01\/01_gestaopatrimonio.jpeg 1280w, https:\/\/id.letras.up.pt\/geniusloci\/wp-content\/uploads\/2026\/01\/01_gestaopatrimonio-980x735.jpeg 980w, https:\/\/id.letras.up.pt\/geniusloci\/wp-content\/uploads\/2026\/01\/01_gestaopatrimonio-480x360.jpeg 480w\" sizes=\"(min-width: 0px) and (max-width: 480px) 480px, (min-width: 481px) and (max-width: 980px) 980px, (min-width: 981px) 1280px, 100vw\" class=\"wp-image-149\" \/><\/span><\/div>\n\n<div class=\"et_pb_image_1 et_pb_image et_animated et_pb_module et_block_module\"><span class=\"et_pb_image_wrap\"><img loading=\"lazy\" decoding=\"async\" src=\"https:\/\/id.letras.up.pt\/geniusloci\/wp-content\/uploads\/2026\/01\/04_gestaopatrimonio.jpeg\" title=\"04_gestaopatrimonio\" width=\"1280\" height=\"960\" srcset=\"https:\/\/id.letras.up.pt\/geniusloci\/wp-content\/uploads\/2026\/01\/04_gestaopatrimonio.jpeg 1280w, https:\/\/id.letras.up.pt\/geniusloci\/wp-content\/uploads\/2026\/01\/04_gestaopatrimonio-980x735.jpeg 980w, https:\/\/id.letras.up.pt\/geniusloci\/wp-content\/uploads\/2026\/01\/04_gestaopatrimonio-480x360.jpeg 480w\" sizes=\"(min-width: 0px) and (max-width: 480px) 480px, (min-width: 481px) and (max-width: 980px) 980px, (min-width: 981px) 1280px, 100vw\" class=\"wp-image-158\" \/><\/span><\/div>\n\n<div class=\"et_pb_image_2 et_pb_image et_animated et_pb_module et_block_module\"><span class=\"et_pb_image_wrap\"><img loading=\"lazy\" decoding=\"async\" src=\"https:\/\/id.letras.up.pt\/geniusloci\/wp-content\/uploads\/2026\/01\/07_gestaopatrimonio.jpg\" title=\"07_gestaopatrimonio\" width=\"1600\" height=\"1066\" srcset=\"https:\/\/id.letras.up.pt\/geniusloci\/wp-content\/uploads\/2026\/01\/07_gestaopatrimonio.jpg 1600w, https:\/\/id.letras.up.pt\/geniusloci\/wp-content\/uploads\/2026\/01\/07_gestaopatrimonio-1280x853.jpg 1280w, https:\/\/id.letras.up.pt\/geniusloci\/wp-content\/uploads\/2026\/01\/07_gestaopatrimonio-980x653.jpg 980w, https:\/\/id.letras.up.pt\/geniusloci\/wp-content\/uploads\/2026\/01\/07_gestaopatrimonio-480x320.jpg 480w\" sizes=\"(min-width: 0px) and (max-width: 480px) 480px, (min-width: 481px) and (max-width: 980px) 980px, (min-width: 981px) and (max-width: 1280px) 1280px, (min-width: 1281px) 1600px, 100vw\" class=\"wp-image-269\" \/><\/span><\/div>\n<\/div>\n<\/div>\n<\/div>\n\n<div class=\"et_pb_section_1 et_pb_section et_section_regular et_block_section\">\n<div class=\"et_pb_row_1 et_pb_row et-vb-row--no-module et_block_row\">\n<div class=\"et_pb_column_2 et_pb_column et_pb_column_4_4 et-last-child et_block_column et_pb_column_empty et_pb_css_mix_blend_mode_passthrough\"><\/div>\n<\/div>\n<\/div>","protected":false},"excerpt":{"rendered":"","protected":false},"author":1,"featured_media":0,"parent":0,"menu_order":0,"comment_status":"closed","ping_status":"closed","template":"","meta":{"footnotes":""},"class_list":["post-154","page","type-page","status-publish","hentry"],"_links":{"self":[{"href":"https:\/\/id.letras.up.pt\/geniusloci\/wp-json\/wp\/v2\/pages\/154","targetHints":{"allow":["GET"]}}],"collection":[{"href":"https:\/\/id.letras.up.pt\/geniusloci\/wp-json\/wp\/v2\/pages"}],"about":[{"href":"https:\/\/id.letras.up.pt\/geniusloci\/wp-json\/wp\/v2\/types\/page"}],"author":[{"embeddable":true,"href":"https:\/\/id.letras.up.pt\/geniusloci\/wp-json\/wp\/v2\/users\/1"}],"replies":[{"embeddable":true,"href":"https:\/\/id.letras.up.pt\/geniusloci\/wp-json\/wp\/v2\/comments?post=154"}],"version-history":[{"count":11,"href":"https:\/\/id.letras.up.pt\/geniusloci\/wp-json\/wp\/v2\/pages\/154\/revisions"}],"predecessor-version":[{"id":366,"href":"https:\/\/id.letras.up.pt\/geniusloci\/wp-json\/wp\/v2\/pages\/154\/revisions\/366"}],"wp:attachment":[{"href":"https:\/\/id.letras.up.pt\/geniusloci\/wp-json\/wp\/v2\/media?parent=154"}],"curies":[{"name":"wp","href":"https:\/\/api.w.org\/{rel}","templated":true}]}}