{"id":169,"date":"2026-01-27T13:51:24","date_gmt":"2026-01-27T13:51:24","guid":{"rendered":"https:\/\/id.letras.up.pt\/geniusloci\/?page_id=169"},"modified":"2026-02-04T11:49:49","modified_gmt":"2026-02-04T11:49:49","slug":"imagens-e-contextos","status":"publish","type":"page","link":"https:\/\/id.letras.up.pt\/geniusloci\/imagens-e-contextos\/","title":{"rendered":"Imagens e Contextos"},"content":{"rendered":"<div class=\"et_pb_section_0 et_pb_section et_section_regular et_block_section\">\n<div class=\"et_pb_row_0 et_pb_row et_block_row\">\n<div class=\"et_pb_column_0 et_pb_column et_pb_column_1_2 et_block_column et_pb_css_mix_blend_mode_passthrough\">\n<div class=\"et_pb_text_0 et_pb_text et_pb_bg_layout_light et_animated et_pb_module et_block_module\"><div class=\"et_pb_text_inner\"><h1>Imagens e Contextos<\/h1>\n<\/div><\/div>\n\n<div class=\"et_pb_divider_0 et_pb_divider et_pb_space et_pb_divider_position_center et_animated et_pb_module\"><div class=\"et_pb_divider_internal\"><\/div><\/div>\n\n<div class=\"et_pb_text_1 et_pb_text et_pb_bg_layout_light et_animated et_pb_module et_block_module\"><div class=\"et_pb_text_inner\"><p>O objetivo principal deste painel consiste em compreender como a integra\u00e7\u00e3o das imagens nos seus diversos suportes, espa\u00e7os e contextos revela pr\u00e1ticas performativas de \u00edndole identit\u00e1ria e comunicativa ao longo de uma ampla cronologia, da Pr\u00e9-Hist\u00f3ria \u00e0 Contemporaneidade. A imagem \u00e9 entendida como ve\u00edculo de ideias que circulam entre diferentes universos socioculturais, permitindo examinar modos de produ\u00e7\u00e3o, rece\u00e7\u00e3o, circula\u00e7\u00e3o e frui\u00e7\u00e3o, bem como as linguagens visuais que da\u00ed emergem e circulam.<\/p>\n<p>A crescente dissemina\u00e7\u00e3o da imagem mediatizada tem originado desafios te\u00f3ricos que impulsionaram v\u00e1rias viragens epistemol\u00f3gicas, ampliando os estudos da cultura visual, em \u00e2mbitos crescentemente diversos, desde os meios digitais \u00e0s conce\u00e7\u00f5es renovadas das materialidades, passando pela vida longa das imagens.<\/p>\n<p>Considerando a imagem como express\u00e3o e documento antropol\u00f3gico, poliss\u00e9mico e multicultural, e reconhecendo a sua centralidade nas ci\u00eancias sociais e humanas na atualidade, este painel convoca abordagens multi-, inter- e transdisciplinares para explorar criticamente o bin\u00f3mio imagens e contextos. <\/p>\n<\/div><\/div>\n\n<div class=\"et_pb_text_2 et_pb_text et_pb_bg_layout_light et_pb_module et_flex_module\"><div class=\"et_pb_text_inner\"><p><strong>Palavras-Chave<\/strong><\/p>\n<p>Imagem; Contexto; Multiculturalismo; Usos e Frui\u00e7\u00f5es; Pr\u00e1ticas Identit\u00e1rias\u00a0<\/p>\n<\/div><\/div>\n\n<div class=\"et_pb_text_3 et_pb_text et_pb_bg_layout_light et_pb_module et_flex_module\"><div class=\"et_pb_text_inner\"><p><strong>Coordenadores<\/strong><\/p>\n<p><a href=\"https:\/\/www.cienciavitae.pt\/7112-E9C3-ADE4\" target=\"_blank\" rel=\"noopener\">Daniela Ferreira<\/a>, <a href=\"https:\/\/www.cienciavitae.pt\/FF10-DA93-F24F\" target=\"_blank\" rel=\"noopener\">Hugo Barreira<\/a> e <a href=\"https:\/\/www.cienciavitae.pt\/2214-01D7-A67A\" target=\"_blank\" rel=\"noopener\">Rui Maia<\/a><\/p>\n<\/div><\/div>\n<\/div>\n\n<div class=\"et_pb_column_1 et_pb_column et_pb_column_1_2 et-last-child et_block_column et_pb_css_mix_blend_mode_passthrough\">\n<div class=\"et_pb_image_0 et_pb_image et_animated et_pb_module et_block_module\"><span class=\"et_pb_image_wrap\"><img loading=\"lazy\" decoding=\"async\" src=\"https:\/\/id.letras.up.pt\/geniusloci\/wp-content\/uploads\/2026\/01\/01_imagenscontextos-scaled.jpg\" title=\"01_imagenscontextos\" width=\"2560\" height=\"1934\" srcset=\"https:\/\/id.letras.up.pt\/geniusloci\/wp-content\/uploads\/2026\/01\/01_imagenscontextos-scaled.jpg 2560w, https:\/\/id.letras.up.pt\/geniusloci\/wp-content\/uploads\/2026\/01\/01_imagenscontextos-1280x967.jpg 1280w, https:\/\/id.letras.up.pt\/geniusloci\/wp-content\/uploads\/2026\/01\/01_imagenscontextos-980x740.jpg 980w, https:\/\/id.letras.up.pt\/geniusloci\/wp-content\/uploads\/2026\/01\/01_imagenscontextos-480x363.jpg 480w\" sizes=\"(min-width: 0px) and (max-width: 480px) 480px, (min-width: 481px) and (max-width: 980px) 980px, (min-width: 981px) and (max-width: 1280px) 1280px, (min-width: 1281px) 2560px, 100vw\" class=\"wp-image-146\" \/><\/span>\n<div class=\"et_pb_text_4 et_pb_text et_pb_bg_layout_light et_pb_module et_flex_module\"><div class=\"et_pb_text_inner\"><p><span>Ant\u00f3nio Laferi - <\/span><i>The Dioscuri [Frontal View]<\/i><span>, gravura, 1546.<\/span><span> <\/span><span lang=\"EN-US\"><a href=\"https:\/\/www.nga.gov\/artworks\/209820-dioscuri-frontal-view\" target=\"_blank\" rel=\"noopener\">National Gallery of Art<\/a>, Washington D.C.<\/span><\/p>\n<\/div><\/div>\n<\/div>\n\n<div class=\"et_pb_image_1 et_pb_image et_animated et_pb_module et_block_module\"><span class=\"et_pb_image_wrap\"><img loading=\"lazy\" decoding=\"async\" src=\"https:\/\/id.letras.up.pt\/geniusloci\/wp-content\/uploads\/2026\/01\/04_imagenscontextos.jpg\" title=\"04_imagenscontextos\" width=\"961\" height=\"1200\" srcset=\"https:\/\/id.letras.up.pt\/geniusloci\/wp-content\/uploads\/2026\/01\/04_imagenscontextos.jpg 961w, https:\/\/id.letras.up.pt\/geniusloci\/wp-content\/uploads\/2026\/01\/04_imagenscontextos-480x599.jpg 480w\" sizes=\"(min-width: 0px) and (max-width: 480px) 480px, (min-width: 481px) 961px, 100vw\" class=\"wp-image-181\" \/><\/span>\n<div class=\"et_pb_text_5 et_pb_text et_pb_bg_layout_light et_pb_module et_flex_module\"><div class=\"et_pb_text_inner\"><p><span lang=\"FR-BE\">Paul S\u00e9rusier - <i>Le Talisman, l'Aven au Bois d'Amour, en 1888<\/i>, \u00f3leo sobre madeira (tampa de caixa de cachimbo), 1888. <\/span><a href=\"Paul%20S\u00e9rusier - Le Talisman, l'Aven au Bois d'Amour, en 1888, \u00f3leo sobre madeira (tampa de caixa de cachimbo), 1888. Mus\u00e9e d\u2019Orsay\" target=\"_blank\" rel=\"noopener\"><span>Mus\u00e9e d\u2019Orsay<\/span><\/a><\/p>\n<\/div><\/div>\n<\/div>\n\n<div class=\"et_pb_image_2 et_pb_image et_animated et_pb_module et_block_module\"><span class=\"et_pb_image_wrap\"><img loading=\"lazy\" decoding=\"async\" src=\"https:\/\/id.letras.up.pt\/geniusloci\/wp-content\/uploads\/2026\/01\/05_imagenscontextos-scaled.jpg\" title=\"05_imagenscontextos\" width=\"2470\" height=\"2560\" srcset=\"https:\/\/id.letras.up.pt\/geniusloci\/wp-content\/uploads\/2026\/01\/05_imagenscontextos-scaled.jpg 2470w, https:\/\/id.letras.up.pt\/geniusloci\/wp-content\/uploads\/2026\/01\/05_imagenscontextos-1280x1327.jpg 1280w, https:\/\/id.letras.up.pt\/geniusloci\/wp-content\/uploads\/2026\/01\/05_imagenscontextos-980x1016.jpg 980w, https:\/\/id.letras.up.pt\/geniusloci\/wp-content\/uploads\/2026\/01\/05_imagenscontextos-480x497.jpg 480w\" sizes=\"(min-width: 0px) and (max-width: 480px) 480px, (min-width: 481px) and (max-width: 980px) 980px, (min-width: 981px) and (max-width: 1280px) 1280px, (min-width: 1281px) 2470px, 100vw\" class=\"wp-image-182\" \/><\/span>\n<div class=\"et_pb_text_6 et_pb_text et_pb_bg_layout_light et_pb_module et_flex_module\"><div class=\"et_pb_text_inner\"><p><span>Cer\u00e2mica \u00e1tica de figuras vermelhas, forma prato de peixes, proveniente da Necr\u00f3pole do Olival do Senhor dos M\u00e1rtires, Alc\u00e1cer do Sal, Portugal. <br \/><\/span><span>\u00a9 Daniela<\/span><span> <\/span><span>Ferreira, 2019<\/span><\/p>\n<\/div><\/div>\n<\/div>\n<\/div>\n<\/div>\n<\/div>\n\n<div class=\"et_pb_section_1 et_pb_section et_section_regular et_block_section\">\n<div class=\"et_pb_row_1 et_pb_row et-vb-row--no-module et_block_row\">\n<div class=\"et_pb_column_2 et_pb_column et_pb_column_4_4 et-last-child et_block_column et_pb_column_empty et_pb_css_mix_blend_mode_passthrough\"><\/div>\n<\/div>\n<\/div>","protected":false},"excerpt":{"rendered":"","protected":false},"author":1,"featured_media":0,"parent":0,"menu_order":0,"comment_status":"closed","ping_status":"closed","template":"","meta":{"footnotes":""},"class_list":["post-169","page","type-page","status-publish","hentry"],"_links":{"self":[{"href":"https:\/\/id.letras.up.pt\/geniusloci\/wp-json\/wp\/v2\/pages\/169","targetHints":{"allow":["GET"]}}],"collection":[{"href":"https:\/\/id.letras.up.pt\/geniusloci\/wp-json\/wp\/v2\/pages"}],"about":[{"href":"https:\/\/id.letras.up.pt\/geniusloci\/wp-json\/wp\/v2\/types\/page"}],"author":[{"embeddable":true,"href":"https:\/\/id.letras.up.pt\/geniusloci\/wp-json\/wp\/v2\/users\/1"}],"replies":[{"embeddable":true,"href":"https:\/\/id.letras.up.pt\/geniusloci\/wp-json\/wp\/v2\/comments?post=169"}],"version-history":[{"count":9,"href":"https:\/\/id.letras.up.pt\/geniusloci\/wp-json\/wp\/v2\/pages\/169\/revisions"}],"predecessor-version":[{"id":353,"href":"https:\/\/id.letras.up.pt\/geniusloci\/wp-json\/wp\/v2\/pages\/169\/revisions\/353"}],"wp:attachment":[{"href":"https:\/\/id.letras.up.pt\/geniusloci\/wp-json\/wp\/v2\/media?parent=169"}],"curies":[{"name":"wp","href":"https:\/\/api.w.org\/{rel}","templated":true}]}}