{"id":184,"date":"2026-01-27T14:02:33","date_gmt":"2026-01-27T14:02:33","guid":{"rendered":"https:\/\/id.letras.up.pt\/geniusloci\/?page_id=184"},"modified":"2026-02-04T14:55:12","modified_gmt":"2026-02-04T14:55:12","slug":"vernacular","status":"publish","type":"page","link":"https:\/\/id.letras.up.pt\/geniusloci\/vernacular\/","title":{"rendered":"Vernacular"},"content":{"rendered":"<div class=\"et_pb_section_0 et_pb_section et_section_regular et_block_section\">\n<div class=\"et_pb_row_0 et_pb_row et_block_row\">\n<div class=\"et_pb_column_0 et_pb_column et_pb_column_1_2 et_block_column et_pb_css_mix_blend_mode_passthrough\">\n<div class=\"et_pb_text_0 et_pb_text et_pb_bg_layout_light et_animated et_pb_module et_block_module\"><div class=\"et_pb_text_inner\"><h1>Vernacular<\/h1>\n<\/div><\/div>\n\n<div class=\"et_pb_divider_0 et_pb_divider et_pb_space et_pb_divider_position_center et_animated et_pb_module\"><div class=\"et_pb_divider_internal\"><\/div><\/div>\n\n<div class=\"et_pb_text_1 et_pb_text et_pb_bg_layout_light et_animated et_pb_module et_block_module\"><div class=\"et_pb_text_inner\"><p>O universo do que classificamos como vernacular \u00e9 ilus\u00f3rio e frequentemente inconsp\u00edcuo: faz parte do nosso quotidiano social, das paisagens que percorremos e onde gravita a nossa vida. Contudo, esta proximidade tende a camufl\u00e1-lo, apenas readquirindo import\u00e2ncia quando amea\u00e7ado de desaparecimento, e soam os alarmes sobre o que estamos prestes a perder.<\/p>\n<p>Faz parte de um passado\/presente que ainda alcan\u00e7amos, mas tende a esfumar-se nas din\u00e2micas do presente, levando com ele parte da nossa identidade cultural. Com efeito, o vernacular \u00e9, sobretudo, identit\u00e1rio, plasmado nas paisagens humanizadas, que Carlos Alberto Ferreira de Almeida classificou como \"sacralizadas\", mas tamb\u00e9m contido em tudo o que faz parte da vida cultural, seja de configura\u00e7\u00e3o material ou imaterial. O espa\u00e7o \u00e9 a \u00e2ncora para a articula\u00e7\u00e3o trinomial com o processo e com o tempo, em torno dos quais se concentra esta sec\u00e7\u00e3o do congresso <em>Genius Loci<\/em>.<\/p>\n<p>O vernacular desdobra-se em amplas e diversificadas frentes tem\u00e1ticas, as quais esta sec\u00e7\u00e3o pretende acolher, em enquadramento cr\u00edtico e multi-disciplinar.<\/p>\n<\/div><\/div>\n\n<div class=\"et_pb_text_2 et_pb_text et_pb_bg_layout_light et_pb_module et_flex_module\"><div class=\"et_pb_text_inner\"><p><strong>Palavras-Chave<\/strong><\/p>\n<p>Cultura; Vernacular;\u00a0Patrim\u00f3nio cultural; Cultura Material; Edifica\u00e7\u00e3o<\/p>\n<\/div><\/div>\n\n<div class=\"et_pb_text_3 et_pb_text et_pb_bg_layout_light et_pb_module et_flex_module\"><div class=\"et_pb_text_inner\"><p><strong>Coordenadores<\/strong><\/p>\n<p><a href=\"https:\/\/www.cienciavitae.pt\/7815-99AB-9135\" target=\"_blank\" rel=\"noopener\">Alice Duarte<\/a> e <a href=\"https:\/\/www.cienciavitae.pt\/0617-DFDC-4B93\" target=\"_blank\" rel=\"noopener\">Francisco Queiroga<\/a><\/p>\n<\/div><\/div>\n<\/div>\n\n<div class=\"et_pb_column_1 et_pb_column et_pb_column_1_2 et-last-child et_block_column et_pb_css_mix_blend_mode_passthrough\">\n<div class=\"et_pb_image_0 et_pb_image et_animated et_pb_module et_block_module\"><span class=\"et_pb_image_wrap\"><img loading=\"lazy\" decoding=\"async\" src=\"https:\/\/id.letras.up.pt\/geniusloci\/wp-content\/uploads\/2026\/01\/02_vernacular.jpg\" title=\"DCF 1.0\" width=\"2560\" height=\"1920\" srcset=\"https:\/\/id.letras.up.pt\/geniusloci\/wp-content\/uploads\/2026\/01\/02_vernacular.jpg 2560w, https:\/\/id.letras.up.pt\/geniusloci\/wp-content\/uploads\/2026\/01\/02_vernacular-1280x960.jpg 1280w, https:\/\/id.letras.up.pt\/geniusloci\/wp-content\/uploads\/2026\/01\/02_vernacular-980x735.jpg 980w, https:\/\/id.letras.up.pt\/geniusloci\/wp-content\/uploads\/2026\/01\/02_vernacular-480x360.jpg 480w\" sizes=\"(min-width: 0px) and (max-width: 480px) 480px, (min-width: 481px) and (max-width: 980px) 980px, (min-width: 981px) and (max-width: 1280px) 1280px, (min-width: 1281px) 2560px, 100vw\" class=\"wp-image-148\" \/><\/span><\/div>\n\n<div class=\"et_pb_image_1 et_pb_image et_animated et_pb_module et_block_module\"><span class=\"et_pb_image_wrap\"><img loading=\"lazy\" decoding=\"async\" src=\"https:\/\/id.letras.up.pt\/geniusloci\/wp-content\/uploads\/2026\/01\/05_vernacular-scaled.jpg\" title=\"05_vernacular\" width=\"2560\" height=\"1696\" srcset=\"https:\/\/id.letras.up.pt\/geniusloci\/wp-content\/uploads\/2026\/01\/05_vernacular-scaled.jpg 2560w, https:\/\/id.letras.up.pt\/geniusloci\/wp-content\/uploads\/2026\/01\/05_vernacular-1280x848.jpg 1280w, https:\/\/id.letras.up.pt\/geniusloci\/wp-content\/uploads\/2026\/01\/05_vernacular-980x649.jpg 980w, https:\/\/id.letras.up.pt\/geniusloci\/wp-content\/uploads\/2026\/01\/05_vernacular-480x318.jpg 480w\" sizes=\"(min-width: 0px) and (max-width: 480px) 480px, (min-width: 481px) and (max-width: 980px) 980px, (min-width: 981px) and (max-width: 1280px) 1280px, (min-width: 1281px) 2560px, 100vw\" class=\"wp-image-190\" \/><\/span><\/div>\n\n<div class=\"et_pb_image_2 et_pb_image et_animated et_pb_module et_block_module\"><span class=\"et_pb_image_wrap\"><img loading=\"lazy\" decoding=\"async\" src=\"https:\/\/id.letras.up.pt\/geniusloci\/wp-content\/uploads\/2026\/01\/06_vernacular.jpg\" title=\"06_vernacular\" width=\"1792\" height=\"1200\" srcset=\"https:\/\/id.letras.up.pt\/geniusloci\/wp-content\/uploads\/2026\/01\/06_vernacular.jpg 1792w, https:\/\/id.letras.up.pt\/geniusloci\/wp-content\/uploads\/2026\/01\/06_vernacular-1280x857.jpg 1280w, https:\/\/id.letras.up.pt\/geniusloci\/wp-content\/uploads\/2026\/01\/06_vernacular-980x656.jpg 980w, https:\/\/id.letras.up.pt\/geniusloci\/wp-content\/uploads\/2026\/01\/06_vernacular-480x321.jpg 480w\" sizes=\"(min-width: 0px) and (max-width: 480px) 480px, (min-width: 481px) and (max-width: 980px) 980px, (min-width: 981px) and (max-width: 1280px) 1280px, (min-width: 1281px) 1792px, 100vw\" class=\"wp-image-191\" \/><\/span><\/div>\n<\/div>\n<\/div>\n<\/div>\n\n<div class=\"et_pb_section_1 et_pb_section et_section_regular et_block_section\">\n<div class=\"et_pb_row_1 et_pb_row et-vb-row--no-module et_block_row\">\n<div class=\"et_pb_column_2 et_pb_column et_pb_column_4_4 et-last-child et_block_column et_pb_column_empty et_pb_css_mix_blend_mode_passthrough\"><\/div>\n<\/div>\n<\/div>","protected":false},"excerpt":{"rendered":"","protected":false},"author":1,"featured_media":0,"parent":0,"menu_order":0,"comment_status":"closed","ping_status":"closed","template":"","meta":{"footnotes":""},"class_list":["post-184","page","type-page","status-publish","hentry"],"_links":{"self":[{"href":"https:\/\/id.letras.up.pt\/geniusloci\/wp-json\/wp\/v2\/pages\/184","targetHints":{"allow":["GET"]}}],"collection":[{"href":"https:\/\/id.letras.up.pt\/geniusloci\/wp-json\/wp\/v2\/pages"}],"about":[{"href":"https:\/\/id.letras.up.pt\/geniusloci\/wp-json\/wp\/v2\/types\/page"}],"author":[{"embeddable":true,"href":"https:\/\/id.letras.up.pt\/geniusloci\/wp-json\/wp\/v2\/users\/1"}],"replies":[{"embeddable":true,"href":"https:\/\/id.letras.up.pt\/geniusloci\/wp-json\/wp\/v2\/comments?post=184"}],"version-history":[{"count":7,"href":"https:\/\/id.letras.up.pt\/geniusloci\/wp-json\/wp\/v2\/pages\/184\/revisions"}],"predecessor-version":[{"id":369,"href":"https:\/\/id.letras.up.pt\/geniusloci\/wp-json\/wp\/v2\/pages\/184\/revisions\/369"}],"wp:attachment":[{"href":"https:\/\/id.letras.up.pt\/geniusloci\/wp-json\/wp\/v2\/media?parent=184"}],"curies":[{"name":"wp","href":"https:\/\/api.w.org\/{rel}","templated":true}]}}