{"id":341,"date":"2026-02-04T11:46:00","date_gmt":"2026-02-04T11:46:00","guid":{"rendered":"https:\/\/id.letras.up.pt\/geniusloci\/?page_id=341"},"modified":"2026-02-04T14:56:05","modified_gmt":"2026-02-04T14:56:05","slug":"contacto","status":"publish","type":"page","link":"https:\/\/id.letras.up.pt\/geniusloci\/contacto\/","title":{"rendered":"Contacto"},"content":{"rendered":"<div class=\"et_pb_section_0 et_pb_section et_section_regular et_block_section\">\n<div class=\"et_pb_row_0 et_pb_row et_block_row\">\n<div class=\"et_pb_column_0 et_pb_column et_pb_column_1_2 et_block_column et_pb_css_mix_blend_mode_passthrough\">\n<div class=\"et_pb_text_0 et_pb_text et_pb_bg_layout_light et_animated et_pb_module et_block_module\"><div class=\"et_pb_text_inner\"><h1>Contate-nos<\/h1>\n<\/div><\/div>\n\n<div class=\"et_pb_divider_0 et_pb_divider et_pb_space et_pb_divider_position_center et_animated et_pb_module\"><div class=\"et_pb_divider_internal\"><\/div><\/div>\n\n<div class=\"et_pb_text_1 et_pb_text et_pb_bg_layout_light et_animated et_pb_module et_block_module\"><div class=\"et_pb_text_inner\"><p>Estamos \u00e0 disposi\u00e7\u00e3o para esclarecer as d\u00favidas que possam ter sobre a confer\u00eancia Genius Loci 2.0: lugares e significados atrav\u00e9s dos contactos que encontra abaixo.<\/p>\n<\/div><\/div>\n<\/div>\n\n<div class=\"et_pb_column_1 et_pb_column et_pb_column_1_2 et-last-child et_block_column et_pb_css_mix_blend_mode_passthrough\">\n<div class=\"et_pb_image_0 et_pb_image et_animated et_pb_module et_block_module\"><span class=\"et_pb_image_wrap\"><img loading=\"lazy\" decoding=\"async\" src=\"https:\/\/id.letras.up.pt\/geniusloci\/wp-content\/uploads\/2026\/01\/redcubetitled.png\" title=\"redcubetitled\" width=\"2000\" height=\"2000\" srcset=\"https:\/\/id.letras.up.pt\/geniusloci\/wp-content\/uploads\/2026\/01\/redcubetitled.png 2000w, https:\/\/id.letras.up.pt\/geniusloci\/wp-content\/uploads\/2026\/01\/redcubetitled-1280x1280.png 1280w, https:\/\/id.letras.up.pt\/geniusloci\/wp-content\/uploads\/2026\/01\/redcubetitled-980x980.png 980w, https:\/\/id.letras.up.pt\/geniusloci\/wp-content\/uploads\/2026\/01\/redcubetitled-480x480.png 480w\" sizes=\"(min-width: 0px) and (max-width: 480px) 480px, (min-width: 481px) and (max-width: 980px) 980px, (min-width: 981px) and (max-width: 1280px) 1280px, (min-width: 1281px) 2000px, 100vw\" class=\"wp-image-85\" \/><\/span><\/div>\n<\/div>\n<\/div>\n<\/div>\n\n<div class=\"et_pb_section_1 et_pb_section et_section_regular et_block_section\">\n<div class=\"et_pb_row_1 et_pb_row et_block_row\">\n<div class=\"et_pb_column_2 et_pb_column et_pb_column_4_4 et-last-child et_block_column et_pb_css_mix_blend_mode_passthrough\">\n<div class=\"et_pb_image_1 et_pb_image et_pb_module et_flex_module\"><a href=\"https:\/\/maps.app.goo.gl\/LYBmcLa7gFry2Dmi7\" target=\"_blank\"><span class=\"et_pb_image_wrap\"><img loading=\"lazy\" decoding=\"async\" src=\"https:\/\/id.letras.up.pt\/geniusloci\/wp-content\/uploads\/2026\/01\/Captura-de-ecra\u0303-2026-01-30-a\u0300s-19.00.58.png\" title=\"Captura de ecra\u0303 2026-01-30, a\u0300s 19.00.58\" width=\"2014\" height=\"1054\" srcset=\"https:\/\/id.letras.up.pt\/geniusloci\/wp-content\/uploads\/2026\/01\/Captura-de-ecra\u0303-2026-01-30-a\u0300s-19.00.58.png 2014w, https:\/\/id.letras.up.pt\/geniusloci\/wp-content\/uploads\/2026\/01\/Captura-de-ecra\u0303-2026-01-30-a\u0300s-19.00.58-300x157.png 300w, https:\/\/id.letras.up.pt\/geniusloci\/wp-content\/uploads\/2026\/01\/Captura-de-ecra\u0303-2026-01-30-a\u0300s-19.00.58-1024x536.png 1024w, https:\/\/id.letras.up.pt\/geniusloci\/wp-content\/uploads\/2026\/01\/Captura-de-ecra\u0303-2026-01-30-a\u0300s-19.00.58-768x402.png 768w, https:\/\/id.letras.up.pt\/geniusloci\/wp-content\/uploads\/2026\/01\/Captura-de-ecra\u0303-2026-01-30-a\u0300s-19.00.58-1536x804.png 1536w, https:\/\/id.letras.up.pt\/geniusloci\/wp-content\/uploads\/2026\/01\/Captura-de-ecra\u0303-2026-01-30-a\u0300s-19.00.58-1080x565.png 1080w, https:\/\/id.letras.up.pt\/geniusloci\/wp-content\/uploads\/2026\/01\/Captura-de-ecra\u0303-2026-01-30-a\u0300s-19.00.58-1280x670.png 1280w, https:\/\/id.letras.up.pt\/geniusloci\/wp-content\/uploads\/2026\/01\/Captura-de-ecra\u0303-2026-01-30-a\u0300s-19.00.58-980x513.png 980w, https:\/\/id.letras.up.pt\/geniusloci\/wp-content\/uploads\/2026\/01\/Captura-de-ecra\u0303-2026-01-30-a\u0300s-19.00.58-480x251.png 480w\" sizes=\"(max-width: 2014px) 100vw, 2014px\" class=\"wp-image-317\" \/><\/span><\/a><\/div>\n<\/div>\n<\/div>\n\n<div class=\"et_pb_row_2 et_pb_row et_pb_gutters2 et_block_row\">\n<div class=\"et_pb_column_3 et_pb_column et_pb_column_1_3 et_block_column et_pb_css_mix_blend_mode_passthrough\">\n<div class=\"et_pb_blurb_0 et_pb_blurb et_pb_bg_layout_light et_pb_text_align_center et_pb_blurb_position_top et_animated et_pb_module et_block_module\"><div class=\"et_pb_blurb_content\"><div class=\"et_pb_main_blurb_image\"><span class=\"et_pb_image_wrap\"><span class=\"et-pb-icon\">\ue076<\/span><\/span><\/div><div class=\"et_pb_blurb_container\"><h4 class=\"et_pb_module_header\">E-mail<\/h4><div class=\"et_pb_blurb_description\"><p>geniusloci@letras.up.pt<\/p>\n<\/div><\/div><\/div><\/div>\n<\/div>\n\n<div class=\"et_pb_column_4 et_pb_column et_pb_column_1_3 et_block_column et_pb_css_mix_blend_mode_passthrough\">\n<div class=\"et_pb_blurb_1 et_pb_blurb et_pb_bg_layout_light et_pb_text_align_center et_pb_blurb_position_top et_animated et_pb_module et_block_module\"><div class=\"et_pb_blurb_content\"><div class=\"et_pb_main_blurb_image\"><span class=\"et_pb_image_wrap\"><span class=\"et-pb-icon\">\ue081<\/span><\/span><\/div><div class=\"et_pb_blurb_container\"><h4 class=\"et_pb_module_header\">Localiza\u00e7\u00e3o<\/h4><div class=\"et_pb_blurb_description\"><p>Porto, Portugal<\/p>\n<\/div><\/div><\/div><\/div>\n<\/div>\n\n<div class=\"et_pb_column_5 et_pb_column et_pb_column_1_3 et-last-child et_block_column et_pb_css_mix_blend_mode_passthrough\">\n<div class=\"et_pb_blurb_2 et_pb_blurb et_pb_bg_layout_light et_pb_text_align_center et_pb_blurb_position_top et_animated et_pb_module et_block_module\"><div class=\"et_pb_blurb_content\"><div class=\"et_pb_main_blurb_image\"><span class=\"et_pb_image_wrap\"><span class=\"et-pb-icon\">\uf292<\/span><\/span><\/div><div class=\"et_pb_blurb_container\"><h4 class=\"et_pb_module_header\">hashtag<\/h4><div class=\"et_pb_blurb_description\"><p>#geniusloci<\/p>\n<\/div><\/div><\/div><\/div>\n<\/div>\n<\/div>\n<\/div>","protected":false},"excerpt":{"rendered":"","protected":false},"author":1,"featured_media":0,"parent":0,"menu_order":0,"comment_status":"closed","ping_status":"closed","template":"","meta":{"footnotes":""},"class_list":["post-341","page","type-page","status-publish","hentry"],"_links":{"self":[{"href":"https:\/\/id.letras.up.pt\/geniusloci\/wp-json\/wp\/v2\/pages\/341","targetHints":{"allow":["GET"]}}],"collection":[{"href":"https:\/\/id.letras.up.pt\/geniusloci\/wp-json\/wp\/v2\/pages"}],"about":[{"href":"https:\/\/id.letras.up.pt\/geniusloci\/wp-json\/wp\/v2\/types\/page"}],"author":[{"embeddable":true,"href":"https:\/\/id.letras.up.pt\/geniusloci\/wp-json\/wp\/v2\/users\/1"}],"replies":[{"embeddable":true,"href":"https:\/\/id.letras.up.pt\/geniusloci\/wp-json\/wp\/v2\/comments?post=341"}],"version-history":[{"count":5,"href":"https:\/\/id.letras.up.pt\/geniusloci\/wp-json\/wp\/v2\/pages\/341\/revisions"}],"predecessor-version":[{"id":359,"href":"https:\/\/id.letras.up.pt\/geniusloci\/wp-json\/wp\/v2\/pages\/341\/revisions\/359"}],"wp:attachment":[{"href":"https:\/\/id.letras.up.pt\/geniusloci\/wp-json\/wp\/v2\/media?parent=341"}],"curies":[{"name":"wp","href":"https:\/\/api.w.org\/{rel}","templated":true}]}}