{"id":370,"date":"2026-02-04T17:36:03","date_gmt":"2026-02-04T17:36:03","guid":{"rendered":"https:\/\/id.letras.up.pt\/geniusloci\/?page_id=370"},"modified":"2026-02-24T11:53:52","modified_gmt":"2026-02-24T11:53:52","slug":"sobre","status":"publish","type":"page","link":"https:\/\/id.letras.up.pt\/geniusloci\/sobre\/","title":{"rendered":"Sobre"},"content":{"rendered":"<div class=\"et_pb_section_0 et_pb_section et_section_regular et_block_section\">\n<div class=\"et_pb_row_0 et_pb_row et_flex_row\">\n<div class=\"et_pb_column_0 et_pb_column et-last-child et_flex_column et_pb_css_mix_blend_mode_passthrough et_flex_column_24_24 et_flex_column_24_24_tablet et_flex_column_24_24_phone\">\n<div class=\"et_pb_text_0 et_pb_text et_pb_bg_layout_light et_pb_module et_flex_module\"><div class=\"et_pb_text_inner\"><p>Volvidos dez anos da realiza\u00e7\u00e3o do Congresso Internacional <em>Genius Loci<\/em>: <em>lugares e significados<\/em> (2016) e cientes das transforma\u00e7\u00f5es que o mundo conheceu durante esse per\u00edodo de tempo, o <a href=\"https:\/\/sigarra.up.pt\/flup\/pt\/UNI_GERAL.UNIDADE_VIEW?pv_unidade=36\">DCTP<\/a> - <a href=\"https:\/\/sigarra.up.pt\/flup\/pt\/web_page.Inicial\">Faculdade de Letras da Universidade do Porto<\/a> relan\u00e7a, em 2026, este Encontro Cient\u00edfico, numa edi\u00e7\u00e3o atualizada e consciente dos desafios e necessidades que se levantam \u00e0s ci\u00eancias sociais na atualidade. O evento persiste, no entanto, na celebra\u00e7\u00e3o das tr\u00eas d\u00e9cadas de ensino especializado e investiga\u00e7\u00e3o nas \u00e1reas cient\u00edficas da <strong>Arqueologia<\/strong>, <strong>Hist<\/strong><strong>\u00f3<\/strong><strong>ria da Arte<\/strong> e <strong>Museologia<\/strong> desenvolvidas no DCTP, bem como na promo\u00e7\u00e3o e interven\u00e7\u00e3o patrimonial.<\/p>\n<p>Nesta edi\u00e7\u00e3o 2.0 do <em>Genius Loci<\/em> esperam-se contributos que atendam aos avan\u00e7os conceptuais, epistemol\u00f3gicos e tecnol\u00f3gicos que marcam a investiga\u00e7\u00e3o cient\u00edfica das Ci\u00eancias e T\u00e9cnicas do Patrim\u00f3nio no nosso tempo. Enquadrado no plano estrat\u00e9gico do CITCEM 2025-29, centrado no tema \u201cEncontrar comunidades e ampliar di\u00e1logos\u201d, o <em>Genius Loci 2.0: lugares e significados<\/em> acolhe propostas que apresentem abordagens multi-, inter- e transdisciplinares, enquadradas numa das seguintes sec\u00e7\u00f5es tem\u00e1ticas:<\/p>\n<ul>\n<li><strong>Arquiteturas<\/strong><\/li>\n<li><strong>Espa<\/strong><strong>\u00e7<\/strong><strong>os sacros<\/strong><\/li>\n<li><strong>Gest<\/strong><strong>\u00e3<\/strong><strong>o do patrim<\/strong><strong>\u00f3<\/strong><strong>nio<\/strong><\/li>\n<li><strong>Imagens e contextos<\/strong><\/li>\n<li><strong>Mundos de transi<\/strong><strong>\u00e7\u00e3<\/strong><strong>o<\/strong><\/li>\n<li><strong>Vernacular<\/strong><\/li>\n<li><strong>Paisagens, territ\u00f3rios &amp; mobilidades<\/strong><\/li>\n<\/ul>\n<p>Cada uma das Sec\u00e7\u00f5es integrar\u00e1 confer\u00eancias proferidas por prestigiados especialistas convidados (40 minutos), seguidas de comunica\u00e7\u00f5es (20 minutos). Ser\u00e1 igualmente poss\u00edvel a participa\u00e7\u00e3o atrav\u00e9s da apresenta\u00e7\u00e3o de posters, os quais dever\u00e3o enquadrar-se nas tem\u00e1ticas das respetivas Sec\u00e7\u00f5es.<\/p>\n<p><span>O <\/span><a href=\"https:\/\/www.up.pt\/flup\/pt\/departamento-de-ci%C3%AAncias-e-t%C3%A9cnicas-do-patrim%C3%B3nio\/\">Departamento de Ci\u00eancias e T\u00e9cnicas do Patrim\u00f3nio da Faculdade de Letras da Universidade do Porto<\/a><span> e o <\/span><a href=\"https:\/\/citcem.org\/\">CITCEM \u2013 Centro de Investiga\u00e7\u00e3o Transdisciplinar \u00abCultura, Espa\u00e7o e Mem\u00f3ria\u00bb<\/a><span> convocam todos os interessados a participar com comunica\u00e7\u00f5es e artigos no Congresso Internacional que ter\u00e1 lugar no Porto (FLUP), dias 4, 5 e 6 de novembro de 2026.<\/span><\/p>\n<p><span>Todas as informa\u00e7\u00f5es sobre a chamada para resumos est\u00e3o dispon\u00edveis na seguinte <a href=\"https:\/\/id.letras.up.pt\/geniusloci\/chamada-para-resumos\/\">p\u00e1gina<\/a>.<\/span><span><\/span><span><\/span><\/p>\n<p>&nbsp;<\/p>\n<\/div><\/div>\n\n<div class=\"et_pb_divider_0 et_pb_divider et_pb_space et_pb_divider_position_top et_pb_module\"><div class=\"et_pb_divider_internal\"><\/div><\/div>\n<\/div>\n<\/div>\n\n<div class=\"et_pb_row_1 et_pb_row et_flex_row\">\n<div class=\"et_pb_column_1 et_pb_column et-last-child et_flex_column et_pb_css_mix_blend_mode_passthrough et_flex_column_24_24 et_flex_column_24_24_tablet et_flex_column_24_24_phone\">\n<div class=\"et_pb_text_1 et_pb_text et_pb_bg_layout_light et_pb_module et_flex_module\"><div class=\"et_pb_text_inner\"><h4><strong>Comiss\u00e3o Cient\u00edfica<\/strong><\/h4>\n<p><span>Alexandre Matos<br \/>Alice Duarte<br \/>Alice Semedo<br \/>Ana Cristina Sousa<br \/>Ana Vale<br \/>Andreia Arezes<br \/>Daniela Ferreira<br \/>Diana Fel\u00edcia<br \/>Francisco Queiroga<br \/>Hugo Barreira<br \/>Manuel Joaquim Rocha<br \/>Maria de Jesus Sanches<br \/>Maria Leonor Botelho<br \/>M\u00e1rio Barroca<br \/>Marisa Santos<br \/>Nuno Resende<br \/>Paula Menino Homem<br \/>Rui Maia<br \/>Rui Morais<br \/>S\u00e9rgio Monteiro Rodrigues<\/span><\/p>\n<h4><strong>Comiss\u00e3o Organizadora<\/strong><\/h4>\n<p><span>Alexandre Matos<br \/><\/span><span>Ana Cristina Sousa<br \/>Daniela Ferreira<br \/>Diana Fel\u00edcia<br \/><\/span><span>Maria Leonor Botelho<br \/>Marisa Santos<\/span><\/p>\n<\/div><\/div>\n<\/div>\n<\/div>\n\n<div class=\"et_pb_row_2 et_pb_row et_flex_row\">\n<div class=\"et_pb_column_2 et_pb_column et-last-child et_flex_column et_pb_css_mix_blend_mode_passthrough et_flex_column_24_24 et_flex_column_24_24_tablet et_flex_column_24_24_phone\">\n<div class=\"et_pb_text_2 et_pb_text et_pb_bg_layout_light et_pb_module et_flex_module\"><\/div>\n<\/div>\n<\/div>\n<\/div>\n\n<div class=\"et_pb_section_1 et_pb_section et_section_regular et_block_section\">\n<div class=\"et_pb_row_3 et_pb_row et_block_row\">\n<div class=\"et_pb_column_3 et_pb_column et_pb_column_4_4 et-last-child et_block_column et_pb_css_mix_blend_mode_passthrough\">\n<div class=\"et_pb_gallery_0 et_pb_gallery et_pb_bg_layout_light et_pb_gallery_grid et_pb_module\" data-auto-rotate=\"off\" data-auto-rotate-speed=\"\"><div class=\"et_pb_gallery_items et_post_gallery clearfix et_grid_module\" data-per_page=\"4\"><div class=\"et_pb_gallery_item et_pb_grid_item et_pb_gallery_item_0_0\"><div class=\"et_pb_gallery_image landscape\" data-per_page=\"4\"><a href=\"https:\/\/id.letras.up.pt\/geniusloci\/wp-content\/uploads\/2026\/01\/06_vernacular.jpg\" title=\"06_vernacular\"><img loading=\"lazy\" decoding=\"async\" width=\"400\" height=\"284\" src=\"https:\/\/id.letras.up.pt\/geniusloci\/wp-content\/uploads\/2026\/01\/06_vernacular-400x284.jpg\" alt=\"\" class=\"wp-image-191\" srcset=\"https:\/\/id.letras.up.pt\/geniusloci\/wp-content\/uploads\/2026\/01\/06_vernacular.jpg 479w, https:\/\/id.letras.up.pt\/geniusloci\/wp-content\/uploads\/2026\/01\/06_vernacular-400x284.jpg 480w\" sizes=\"(max-width:479px) 479px, 100vw\" \/><span class=\"et_overlay\" data-icon=\"\" data-icon-tablet=\"\" data-icon-phone=\"\"><\/span><\/a><\/div><\/div><div class=\"et_pb_gallery_item et_pb_grid_item et_pb_gallery_item_0_1\"><div class=\"et_pb_gallery_image landscape\" data-per_page=\"4\"><a href=\"https:\/\/id.letras.up.pt\/geniusloci\/wp-content\/uploads\/2026\/01\/05_vernacular-scaled.jpg\" title=\"05_vernacular\"><img loading=\"lazy\" decoding=\"async\" width=\"400\" height=\"284\" src=\"https:\/\/id.letras.up.pt\/geniusloci\/wp-content\/uploads\/2026\/01\/05_vernacular-400x284.jpg\" alt=\"\" class=\"wp-image-190\" srcset=\"https:\/\/id.letras.up.pt\/geniusloci\/wp-content\/uploads\/2026\/01\/05_vernacular-scaled.jpg 479w, https:\/\/id.letras.up.pt\/geniusloci\/wp-content\/uploads\/2026\/01\/05_vernacular-400x284.jpg 480w\" sizes=\"(max-width:479px) 479px, 100vw\" \/><span class=\"et_overlay\" data-icon=\"\" data-icon-tablet=\"\" data-icon-phone=\"\"><\/span><\/a><\/div><\/div><div class=\"et_pb_gallery_item et_pb_grid_item et_pb_gallery_item_0_2\"><div class=\"et_pb_gallery_image landscape\" data-per_page=\"4\"><a href=\"https:\/\/id.letras.up.pt\/geniusloci\/wp-content\/uploads\/2026\/01\/07_gestaopatrimonio.jpg\" title=\"07_gestaopatrimonio\"><img loading=\"lazy\" decoding=\"async\" width=\"400\" height=\"284\" src=\"https:\/\/id.letras.up.pt\/geniusloci\/wp-content\/uploads\/2026\/01\/07_gestaopatrimonio-400x284.jpg\" alt=\"\" class=\"wp-image-269\" srcset=\"https:\/\/id.letras.up.pt\/geniusloci\/wp-content\/uploads\/2026\/01\/07_gestaopatrimonio.jpg 479w, https:\/\/id.letras.up.pt\/geniusloci\/wp-content\/uploads\/2026\/01\/07_gestaopatrimonio-400x284.jpg 480w\" sizes=\"(max-width:479px) 479px, 100vw\" \/><span class=\"et_overlay\" data-icon=\"\" data-icon-tablet=\"\" data-icon-phone=\"\"><\/span><\/a><\/div><\/div><div class=\"et_pb_gallery_item et_pb_grid_item et_pb_gallery_item_0_3\"><div class=\"et_pb_gallery_image landscape\" data-per_page=\"4\"><a href=\"https:\/\/id.letras.up.pt\/geniusloci\/wp-content\/uploads\/2026\/01\/07_paisagens.png\" title=\"07_paisagens\"><img loading=\"lazy\" decoding=\"async\" width=\"400\" height=\"284\" src=\"https:\/\/id.letras.up.pt\/geniusloci\/wp-content\/uploads\/2026\/01\/07_paisagens-400x284.png\" alt=\"\" class=\"wp-image-202\" srcset=\"https:\/\/id.letras.up.pt\/geniusloci\/wp-content\/uploads\/2026\/01\/07_paisagens.png 479w, https:\/\/id.letras.up.pt\/geniusloci\/wp-content\/uploads\/2026\/01\/07_paisagens-400x284.png 480w\" sizes=\"(max-width:479px) 479px, 100vw\" \/><span class=\"et_overlay\" data-icon=\"\" data-icon-tablet=\"\" data-icon-phone=\"\"><\/span><\/a><\/div><\/div><div class=\"et_pb_gallery_item et_pb_grid_item et_pb_gallery_item_0_4\"><div class=\"et_pb_gallery_image landscape\" data-per_page=\"4\"><a href=\"https:\/\/id.letras.up.pt\/geniusloci\/wp-content\/uploads\/2026\/01\/05_paisagens.jpg\" title=\"05_paisagens\"><img loading=\"lazy\" decoding=\"async\" width=\"400\" height=\"284\" src=\"https:\/\/id.letras.up.pt\/geniusloci\/wp-content\/uploads\/2026\/01\/05_paisagens-400x284.jpg\" alt=\"\" class=\"wp-image-200\" srcset=\"https:\/\/id.letras.up.pt\/geniusloci\/wp-content\/uploads\/2026\/01\/05_paisagens.jpg 479w, https:\/\/id.letras.up.pt\/geniusloci\/wp-content\/uploads\/2026\/01\/05_paisagens-400x284.jpg 480w\" sizes=\"(max-width:479px) 479px, 100vw\" \/><span class=\"et_overlay\" data-icon=\"\" data-icon-tablet=\"\" data-icon-phone=\"\"><\/span><\/a><\/div><\/div><div class=\"et_pb_gallery_item et_pb_grid_item et_pb_gallery_item_0_5\"><div class=\"et_pb_gallery_image landscape\" data-per_page=\"4\"><a href=\"https:\/\/id.letras.up.pt\/geniusloci\/wp-content\/uploads\/2026\/01\/03_vernacular.jpg\" title=\"EPSON DSC picture\"><img loading=\"lazy\" decoding=\"async\" width=\"400\" height=\"284\" src=\"https:\/\/id.letras.up.pt\/geniusloci\/wp-content\/uploads\/2026\/01\/03_vernacular-400x284.jpg\" alt=\"\" class=\"wp-image-188\" srcset=\"https:\/\/id.letras.up.pt\/geniusloci\/wp-content\/uploads\/2026\/01\/03_vernacular.jpg 479w, https:\/\/id.letras.up.pt\/geniusloci\/wp-content\/uploads\/2026\/01\/03_vernacular-400x284.jpg 480w\" sizes=\"(max-width:479px) 479px, 100vw\" \/><span class=\"et_overlay\" data-icon=\"\" data-icon-tablet=\"\" data-icon-phone=\"\"><\/span><\/a><\/div><\/div><div class=\"et_pb_gallery_item et_pb_grid_item et_pb_gallery_item_0_6\"><div class=\"et_pb_gallery_image landscape\" data-per_page=\"4\"><a href=\"https:\/\/id.letras.up.pt\/geniusloci\/wp-content\/uploads\/2026\/01\/01_vernacular-scaled.jpg\" title=\"01_vernacular\"><img loading=\"lazy\" decoding=\"async\" width=\"400\" height=\"284\" src=\"https:\/\/id.letras.up.pt\/geniusloci\/wp-content\/uploads\/2026\/01\/01_vernacular-400x284.jpg\" alt=\"\" class=\"wp-image-187\" srcset=\"https:\/\/id.letras.up.pt\/geniusloci\/wp-content\/uploads\/2026\/01\/01_vernacular-scaled.jpg 479w, https:\/\/id.letras.up.pt\/geniusloci\/wp-content\/uploads\/2026\/01\/01_vernacular-400x284.jpg 480w\" sizes=\"(max-width:479px) 479px, 100vw\" \/><span class=\"et_overlay\" data-icon=\"\" data-icon-tablet=\"\" data-icon-phone=\"\"><\/span><\/a><\/div><\/div><div class=\"et_pb_gallery_item et_pb_grid_item et_pb_gallery_item_0_7\"><div class=\"et_pb_gallery_image landscape\" data-per_page=\"4\"><a href=\"https:\/\/id.letras.up.pt\/geniusloci\/wp-content\/uploads\/2026\/01\/02_imagenscontextos-scaled.jpg\" title=\"02_imagenscontextos\"><img loading=\"lazy\" decoding=\"async\" width=\"400\" height=\"284\" src=\"https:\/\/id.letras.up.pt\/geniusloci\/wp-content\/uploads\/2026\/01\/02_imagenscontextos-400x284.jpg\" alt=\"\" class=\"wp-image-179\" srcset=\"https:\/\/id.letras.up.pt\/geniusloci\/wp-content\/uploads\/2026\/01\/02_imagenscontextos-scaled.jpg 479w, https:\/\/id.letras.up.pt\/geniusloci\/wp-content\/uploads\/2026\/01\/02_imagenscontextos-400x284.jpg 480w\" sizes=\"(max-width:479px) 479px, 100vw\" \/><span class=\"et_overlay\" data-icon=\"\" data-icon-tablet=\"\" data-icon-phone=\"\"><\/span><\/a><\/div><\/div><div class=\"et_pb_gallery_item et_pb_grid_item et_pb_gallery_item_0_8\"><div class=\"et_pb_gallery_image landscape\" data-per_page=\"4\"><a href=\"https:\/\/id.letras.up.pt\/geniusloci\/wp-content\/uploads\/2026\/01\/03_mundostransicao.jpeg\" title=\"03_mundostransicao\"><img loading=\"lazy\" decoding=\"async\" width=\"400\" height=\"284\" src=\"https:\/\/id.letras.up.pt\/geniusloci\/wp-content\/uploads\/2026\/01\/03_mundostransicao-400x284.jpeg\" alt=\"\" class=\"wp-image-176\" srcset=\"https:\/\/id.letras.up.pt\/geniusloci\/wp-content\/uploads\/2026\/01\/03_mundostransicao.jpeg 479w, https:\/\/id.letras.up.pt\/geniusloci\/wp-content\/uploads\/2026\/01\/03_mundostransicao-400x284.jpeg 480w\" sizes=\"(max-width:479px) 479px, 100vw\" \/><span class=\"et_overlay\" data-icon=\"\" data-icon-tablet=\"\" data-icon-phone=\"\"><\/span><\/a><\/div><\/div><div class=\"et_pb_gallery_item et_pb_grid_item et_pb_gallery_item_0_9\"><div class=\"et_pb_gallery_image landscape\" data-per_page=\"4\"><a href=\"https:\/\/id.letras.up.pt\/geniusloci\/wp-content\/uploads\/2026\/01\/02_mundostransicao.jpeg\" title=\"02_mundostransicao\"><img loading=\"lazy\" decoding=\"async\" width=\"400\" height=\"284\" src=\"https:\/\/id.letras.up.pt\/geniusloci\/wp-content\/uploads\/2026\/01\/02_mundostransicao-400x284.jpeg\" alt=\"\" class=\"wp-image-175\" srcset=\"https:\/\/id.letras.up.pt\/geniusloci\/wp-content\/uploads\/2026\/01\/02_mundostransicao.jpeg 479w, https:\/\/id.letras.up.pt\/geniusloci\/wp-content\/uploads\/2026\/01\/02_mundostransicao-400x284.jpeg 480w\" sizes=\"(max-width:479px) 479px, 100vw\" \/><span class=\"et_overlay\" data-icon=\"\" data-icon-tablet=\"\" data-icon-phone=\"\"><\/span><\/a><\/div><\/div><div class=\"et_pb_gallery_item et_pb_grid_item et_pb_gallery_item_0_10\"><div class=\"et_pb_gallery_image landscape\" data-per_page=\"4\"><a href=\"https:\/\/id.letras.up.pt\/geniusloci\/wp-content\/uploads\/2026\/01\/02_gestaopatrimonio.jpeg\" title=\"02_gestaopatrimonio\"><img loading=\"lazy\" decoding=\"async\" width=\"400\" height=\"284\" src=\"https:\/\/id.letras.up.pt\/geniusloci\/wp-content\/uploads\/2026\/01\/02_gestaopatrimonio-400x284.jpeg\" alt=\"\" class=\"wp-image-156\" srcset=\"https:\/\/id.letras.up.pt\/geniusloci\/wp-content\/uploads\/2026\/01\/02_gestaopatrimonio.jpeg 479w, https:\/\/id.letras.up.pt\/geniusloci\/wp-content\/uploads\/2026\/01\/02_gestaopatrimonio-400x284.jpeg 480w\" sizes=\"(max-width:479px) 479px, 100vw\" \/><span class=\"et_overlay\" data-icon=\"\" data-icon-tablet=\"\" data-icon-phone=\"\"><\/span><\/a><\/div><\/div><div class=\"et_pb_gallery_item et_pb_grid_item et_pb_gallery_item_0_11\"><div class=\"et_pb_gallery_image landscape\" data-per_page=\"4\"><a href=\"https:\/\/id.letras.up.pt\/geniusloci\/wp-content\/uploads\/2026\/01\/01_gestaopatrimonio.jpeg\" title=\"01_gestaopatrimonio\"><img loading=\"lazy\" decoding=\"async\" width=\"400\" height=\"284\" src=\"https:\/\/id.letras.up.pt\/geniusloci\/wp-content\/uploads\/2026\/01\/01_gestaopatrimonio-400x284.jpeg\" alt=\"\" class=\"wp-image-149\" srcset=\"https:\/\/id.letras.up.pt\/geniusloci\/wp-content\/uploads\/2026\/01\/01_gestaopatrimonio.jpeg 479w, https:\/\/id.letras.up.pt\/geniusloci\/wp-content\/uploads\/2026\/01\/01_gestaopatrimonio-400x284.jpeg 480w\" sizes=\"(max-width:479px) 479px, 100vw\" \/><span class=\"et_overlay\" data-icon=\"\" data-icon-tablet=\"\" data-icon-phone=\"\"><\/span><\/a><\/div><\/div><div class=\"et_pb_gallery_item et_pb_grid_item et_pb_gallery_item_0_12\"><div class=\"et_pb_gallery_image landscape\" data-per_page=\"4\"><a href=\"https:\/\/id.letras.up.pt\/geniusloci\/wp-content\/uploads\/2026\/01\/02_vernacular.jpg\" title=\"DCF 1.0\"><img loading=\"lazy\" decoding=\"async\" width=\"400\" height=\"284\" src=\"https:\/\/id.letras.up.pt\/geniusloci\/wp-content\/uploads\/2026\/01\/02_vernacular-400x284.jpg\" alt=\"\" class=\"wp-image-148\" srcset=\"https:\/\/id.letras.up.pt\/geniusloci\/wp-content\/uploads\/2026\/01\/02_vernacular.jpg 479w, https:\/\/id.letras.up.pt\/geniusloci\/wp-content\/uploads\/2026\/01\/02_vernacular-400x284.jpg 480w\" sizes=\"(max-width:479px) 479px, 100vw\" \/><span class=\"et_overlay\" data-icon=\"\" data-icon-tablet=\"\" data-icon-phone=\"\"><\/span><\/a><\/div><\/div><div class=\"et_pb_gallery_item et_pb_grid_item et_pb_gallery_item_0_13\"><div class=\"et_pb_gallery_image landscape\" data-per_page=\"4\"><a href=\"https:\/\/id.letras.up.pt\/geniusloci\/wp-content\/uploads\/2026\/01\/01_mundostransicao-scaled.jpg\" title=\"01_mundostransicao\"><img loading=\"lazy\" decoding=\"async\" width=\"400\" height=\"284\" src=\"https:\/\/id.letras.up.pt\/geniusloci\/wp-content\/uploads\/2026\/01\/01_mundostransicao-400x284.jpg\" alt=\"\" class=\"wp-image-147\" srcset=\"https:\/\/id.letras.up.pt\/geniusloci\/wp-content\/uploads\/2026\/01\/01_mundostransicao-scaled.jpg 479w, https:\/\/id.letras.up.pt\/geniusloci\/wp-content\/uploads\/2026\/01\/01_mundostransicao-400x284.jpg 480w\" sizes=\"(max-width:479px) 479px, 100vw\" \/><span class=\"et_overlay\" data-icon=\"\" data-icon-tablet=\"\" data-icon-phone=\"\"><\/span><\/a><\/div><\/div><div class=\"et_pb_gallery_item et_pb_grid_item et_pb_gallery_item_0_14\"><div class=\"et_pb_gallery_image landscape\" data-per_page=\"4\"><a href=\"https:\/\/id.letras.up.pt\/geniusloci\/wp-content\/uploads\/2026\/01\/01_imagenscontextos-scaled.jpg\" title=\"01_imagenscontextos\"><img loading=\"lazy\" decoding=\"async\" width=\"400\" height=\"284\" src=\"https:\/\/id.letras.up.pt\/geniusloci\/wp-content\/uploads\/2026\/01\/01_imagenscontextos-400x284.jpg\" alt=\"\" class=\"wp-image-146\" srcset=\"https:\/\/id.letras.up.pt\/geniusloci\/wp-content\/uploads\/2026\/01\/01_imagenscontextos-scaled.jpg 479w, https:\/\/id.letras.up.pt\/geniusloci\/wp-content\/uploads\/2026\/01\/01_imagenscontextos-400x284.jpg 480w\" sizes=\"(max-width:479px) 479px, 100vw\" \/><span class=\"et_overlay\" data-icon=\"\" data-icon-tablet=\"\" data-icon-phone=\"\"><\/span><\/a><\/div><\/div><div class=\"et_pb_gallery_item et_pb_grid_item et_pb_gallery_item_0_15\"><div class=\"et_pb_gallery_image landscape\" data-per_page=\"4\"><a href=\"https:\/\/id.letras.up.pt\/geniusloci\/wp-content\/uploads\/2026\/01\/03_EspacosSacros-scaled.jpg\" title=\"03_EspacosSacros\"><img loading=\"lazy\" decoding=\"async\" width=\"400\" height=\"284\" src=\"https:\/\/id.letras.up.pt\/geniusloci\/wp-content\/uploads\/2026\/01\/03_EspacosSacros-400x284.jpg\" alt=\"\" class=\"wp-image-116\" srcset=\"https:\/\/id.letras.up.pt\/geniusloci\/wp-content\/uploads\/2026\/01\/03_EspacosSacros-scaled.jpg 479w, https:\/\/id.letras.up.pt\/geniusloci\/wp-content\/uploads\/2026\/01\/03_EspacosSacros-400x284.jpg 480w\" sizes=\"(max-width:479px) 479px, 100vw\" \/><span class=\"et_overlay\" data-icon=\"\" data-icon-tablet=\"\" data-icon-phone=\"\"><\/span><\/a><\/div><\/div><div class=\"et_pb_gallery_item et_pb_grid_item et_pb_gallery_item_0_16\"><div class=\"et_pb_gallery_image landscape\" data-per_page=\"4\"><a href=\"https:\/\/id.letras.up.pt\/geniusloci\/wp-content\/uploads\/2026\/01\/04_arquiteturas.jpg\" title=\"04_arquiteturas\"><img loading=\"lazy\" decoding=\"async\" width=\"400\" height=\"284\" src=\"https:\/\/id.letras.up.pt\/geniusloci\/wp-content\/uploads\/2026\/01\/04_arquiteturas-400x284.jpg\" alt=\"\" class=\"wp-image-107\" srcset=\"https:\/\/id.letras.up.pt\/geniusloci\/wp-content\/uploads\/2026\/01\/04_arquiteturas.jpg 479w, https:\/\/id.letras.up.pt\/geniusloci\/wp-content\/uploads\/2026\/01\/04_arquiteturas-400x284.jpg 480w\" sizes=\"(max-width:479px) 479px, 100vw\" \/><span class=\"et_overlay\" data-icon=\"\" data-icon-tablet=\"\" data-icon-phone=\"\"><\/span><\/a><\/div><\/div><div class=\"et_pb_gallery_item et_pb_grid_item et_pb_gallery_item_0_17\"><div class=\"et_pb_gallery_image landscape\" data-per_page=\"4\"><a href=\"https:\/\/id.letras.up.pt\/geniusloci\/wp-content\/uploads\/2026\/01\/01_EspacosSacros-scaled.jpg\" title=\"01_EspacosSacros\"><img loading=\"lazy\" decoding=\"async\" width=\"400\" height=\"284\" src=\"https:\/\/id.letras.up.pt\/geniusloci\/wp-content\/uploads\/2026\/01\/01_EspacosSacros-400x284.jpg\" alt=\"\" class=\"wp-image-114\" srcset=\"https:\/\/id.letras.up.pt\/geniusloci\/wp-content\/uploads\/2026\/01\/01_EspacosSacros-scaled.jpg 479w, https:\/\/id.letras.up.pt\/geniusloci\/wp-content\/uploads\/2026\/01\/01_EspacosSacros-400x284.jpg 480w\" sizes=\"(max-width:479px) 479px, 100vw\" \/><span class=\"et_overlay\" data-icon=\"\" data-icon-tablet=\"\" data-icon-phone=\"\"><\/span><\/a><\/div><\/div><div class=\"et_pb_gallery_item et_pb_grid_item et_pb_gallery_item_0_18\"><div class=\"et_pb_gallery_image landscape\" data-per_page=\"4\"><a href=\"https:\/\/id.letras.up.pt\/geniusloci\/wp-content\/uploads\/2026\/01\/02_EspacosSacros-scaled.jpg\" title=\"02_EspacosSacros\"><img loading=\"lazy\" decoding=\"async\" width=\"400\" height=\"284\" src=\"https:\/\/id.letras.up.pt\/geniusloci\/wp-content\/uploads\/2026\/01\/02_EspacosSacros-400x284.jpg\" alt=\"\" class=\"wp-image-115\" srcset=\"https:\/\/id.letras.up.pt\/geniusloci\/wp-content\/uploads\/2026\/01\/02_EspacosSacros-scaled.jpg 479w, https:\/\/id.letras.up.pt\/geniusloci\/wp-content\/uploads\/2026\/01\/02_EspacosSacros-400x284.jpg 480w\" sizes=\"(max-width:479px) 479px, 100vw\" \/><span class=\"et_overlay\" data-icon=\"\" data-icon-tablet=\"\" data-icon-phone=\"\"><\/span><\/a><\/div><\/div><\/div><div class=\"et_pb_gallery_pagination\"><\/div><\/div>\n<\/div>\n<\/div>\n<\/div>","protected":false},"excerpt":{"rendered":"","protected":false},"author":1,"featured_media":0,"parent":0,"menu_order":0,"comment_status":"closed","ping_status":"closed","template":"","meta":{"footnotes":""},"class_list":["post-370","page","type-page","status-publish","hentry"],"_links":{"self":[{"href":"https:\/\/id.letras.up.pt\/geniusloci\/wp-json\/wp\/v2\/pages\/370","targetHints":{"allow":["GET"]}}],"collection":[{"href":"https:\/\/id.letras.up.pt\/geniusloci\/wp-json\/wp\/v2\/pages"}],"about":[{"href":"https:\/\/id.letras.up.pt\/geniusloci\/wp-json\/wp\/v2\/types\/page"}],"author":[{"embeddable":true,"href":"https:\/\/id.letras.up.pt\/geniusloci\/wp-json\/wp\/v2\/users\/1"}],"replies":[{"embeddable":true,"href":"https:\/\/id.letras.up.pt\/geniusloci\/wp-json\/wp\/v2\/comments?post=370"}],"version-history":[{"count":6,"href":"https:\/\/id.letras.up.pt\/geniusloci\/wp-json\/wp\/v2\/pages\/370\/revisions"}],"predecessor-version":[{"id":386,"href":"https:\/\/id.letras.up.pt\/geniusloci\/wp-json\/wp\/v2\/pages\/370\/revisions\/386"}],"wp:attachment":[{"href":"https:\/\/id.letras.up.pt\/geniusloci\/wp-json\/wp\/v2\/media?parent=370"}],"curies":[{"name":"wp","href":"https:\/\/api.w.org\/{rel}","templated":true}]}}