{"id":7,"date":"2025-11-21T10:49:45","date_gmt":"2025-11-21T10:49:45","guid":{"rendered":"https:\/\/id.letras.up.pt\/geniusloci\/?page_id=7"},"modified":"2026-03-15T18:19:51","modified_gmt":"2026-03-15T18:19:51","slug":"7-2","status":"publish","type":"page","link":"https:\/\/id.letras.up.pt\/geniusloci\/","title":{"rendered":"Home"},"content":{"rendered":"<div class=\"et_pb_section_0 et_pb_section et_section_regular et_block_section\">\n<div class=\"et_pb_row_0 et_pb_row et_pb_equal_columns et_block_row\">\n<div class=\"et_pb_column_0 et_pb_column et_pb_column_4_4 et_block_column et_pb_css_mix_blend_mode_passthrough\">\n<div class=\"et_pb_text_0 et_pb_text et_pb_bg_layout_dark et_animated et_pb_module et_block_module\"><div class=\"et_pb_text_inner\"><h1>Genius Loci 2.0<\/h1>\n<\/div><\/div>\n\n<div class=\"et_pb_text_1 et_pb_text et_pb_bg_layout_dark et_animated et_pb_module et_block_module\"><div class=\"et_pb_text_inner\"><p>4 - 6 novembro de 2026, Porto<br \/>Faculdade de Letras da Universidade do Porto<\/p>\n<\/div><\/div>\n\n<div class=\"et_pb_divider_0 et_pb_divider et_pb_space et_pb_divider_position_center et_animated et_pb_module\"><div class=\"et_pb_divider_internal\"><\/div><\/div>\n\n<div class=\"et_pb_text_2 et_pb_text et_pb_bg_layout_dark et_animated et_pb_module et_block_module\"><div class=\"et_pb_text_inner\"><p>O <a href=\"https:\/\/www.up.pt\/flup\/pt\/departamento-de-ci%C3%AAncias-e-t%C3%A9cnicas-do-patrim%C3%B3nio\/\">Departamento de Ci\u00eancias e T\u00e9cnicas do Patrim\u00f3nio da Faculdade de Letras da Universidade do Porto<\/a> e o <a href=\"https:\/\/citcem.org\/\">CITCEM \u2013 Centro de Investiga\u00e7\u00e3o Transdisciplinar \u00abCultura, Espa\u00e7o e Mem\u00f3ria\u00bb<\/a> convocam todos os interessados a participar com comunica\u00e7\u00f5es e artigos no Congresso Internacional que ter\u00e1 lugar no Porto (FLUP), dias 4, 5 e 6 de novembro de 2026.<\/p>\n<\/div><\/div>\n\n<div class=\"et_pb_module et_pb_button_module_wrapper et_pb_button_0_wrapper\"><a class=\"et_pb_button_0 et_pb_button et_pb_bg_layout_dark et_animated et_pb_module et_block_module\" href=\"https:\/\/indico.global\/e\/geniusloci2\" target=\"_blank\" data-icon=\"$\">Submiss\u00e3o de resumos<\/a><\/div>\n<\/div>\n\n<div class=\"et_pb_column_1 et_pb_column et_pb_column_4_4 et-last-child et_block_column et_pb_css_mix_blend_mode_passthrough\">\n<div class=\"et_pb_image_0 et_pb_image et_pb_image_sticky et_animated et_pb_module et_block_module\"><span class=\"et_pb_image_wrap\"><img loading=\"lazy\" decoding=\"async\" src=\"https:\/\/id.letras.up.pt\/geniusloci\/wp-content\/uploads\/2026\/01\/TITLEWhiteOUTLINE-scaled.png\" title=\"TITLEWhiteOUTLINE\" width=\"2560\" height=\"2560\" srcset=\"https:\/\/id.letras.up.pt\/geniusloci\/wp-content\/uploads\/2026\/01\/TITLEWhiteOUTLINE-scaled.png 2560w, https:\/\/id.letras.up.pt\/geniusloci\/wp-content\/uploads\/2026\/01\/TITLEWhiteOUTLINE-1280x1280.png 1280w, https:\/\/id.letras.up.pt\/geniusloci\/wp-content\/uploads\/2026\/01\/TITLEWhiteOUTLINE-980x980.png 980w, https:\/\/id.letras.up.pt\/geniusloci\/wp-content\/uploads\/2026\/01\/TITLEWhiteOUTLINE-480x480.png 480w\" sizes=\"(min-width: 0px) and (max-width: 480px) 480px, (min-width: 481px) and (max-width: 980px) 980px, (min-width: 981px) and (max-width: 1280px) 1280px, (min-width: 1281px) 2560px, 100vw\" class=\"wp-image-135\" \/><\/span><\/div>\n<\/div>\n<\/div>\n<\/div>\n\n<div class=\"et_pb_section_1 et_pb_section et_section_regular et_block_section\">\n<div class=\"et_pb_row_1 et_pb_row et_flex_row\">\n<div class=\"et_pb_column_2 et_pb_column et-last-child et_grid_column et_pb_css_mix_blend_mode_passthrough et_flex_column_24_24 et_flex_column_24_24_tablet et_flex_column_24_24_phone\">\n<div class=\"et_pb_text_3 et_pb_text et_pb_bg_layout_light et_pb_module et_block_module\"><div class=\"et_pb_text_inner\"><h2>Sobre o<\/h2>\n<h2><span style=\"color: #4646c4;\">Genius Loci 2.0: lugares e significados<\/span><\/h2>\n<\/div><\/div>\n\n<div class=\"et_pb_divider_1 et_pb_divider et_pb_space et_pb_divider_position_center et_pb_module\"><div class=\"et_pb_divider_internal\"><\/div><\/div>\n\n<div class=\"et_pb_text_4 et_pb_text et_pb_bg_layout_light et_pb_module et_block_module\"><div class=\"et_pb_text_inner\"><p>Volvidos dez anos da realiza\u00e7\u00e3o do Congresso Internacional Genius Loci: lugares e significados (2016) e cientes das transforma\u00e7\u00f5es que o mundo conheceu durante esse per\u00edodo de tempo, o DCTP relan\u00e7a, em 2026, este Encontro Cient\u00edfico, numa edi\u00e7\u00e3o atualizada e consciente dos desafios e necessidades que se levantam \u00e0s ci\u00eancias sociais na atualidade. O evento persiste, no entanto, na celebra\u00e7\u00e3o das tr\u00eas d\u00e9cadas de ensino especializado e investiga\u00e7\u00e3o nas \u00e1reas cient\u00edficas da Arqueologia, Hist\u00f3ria da Arte e Museologia desenvolvidas no DCTP, bem como na promo\u00e7\u00e3o e interven\u00e7\u00e3o patrimonial. Neste sentido, convoca-se, mais uma vez, o legado cient\u00edfico e pedag\u00f3gico de Carlos Alberto Ferreira de Almeida (1934-1996), o primeiro subscritor do departamento precocemente desaparecido.<\/p>\n<p>Nesta edi\u00e7\u00e3o 2.0 do Genius Loci esperam-se contributos que atendam aos avan\u00e7os conceptuais, epistemol\u00f3gicos e tecnol\u00f3gicos que marcam a investiga\u00e7\u00e3o cient\u00edfica das Ci\u00eancias e T\u00e9cnicas do Patrim\u00f3nio no nosso tempo. Enquadrado no plano estrat\u00e9gico do CITCEM 2025-29, centrado no tema \u201cEncontrar comunidades e ampliar di\u00e1logos\u201d, o Genius Loci 2.0: lugares e significados acolhe propostas que apresentem abordagens multi-, inter- e transdisciplinares, enquadradas numa das seguintes sec\u00e7\u00f5es tem\u00e1ticas:<\/p>\n<p>&nbsp;<\/p>\n<\/div><\/div>\n<\/div>\n<\/div>\n\n<div class=\"et_pb_row_2 et_pb_row et_flex_row\">\n<div class=\"et_pb_column_3 et_pb_column et-last-child et_flex_column et_pb_css_mix_blend_mode_passthrough et_flex_column_24_24 et_flex_column_24_24_tablet et_flex_column_24_24_phone\">\n<div class=\"et_pb_divider_2 et_pb_divider et_pb_space et_pb_divider_position_top et_pb_module\"><div class=\"et_pb_divider_internal\"><\/div><\/div>\n<\/div>\n<\/div>\n\n<div class=\"et_pb_row_3 et_pb_row et_pb_gutters1 et_block_row\">\n<div class=\"et_pb_column_4 et_pb_column et_pb_column_1_2 et_block_column et_pb_css_mix_blend_mode_passthrough\">\n<div class=\"et_pb_image_1 et_pb_image et_animated et_pb_module et_block_module\"><span class=\"et_pb_image_wrap\"><img loading=\"lazy\" decoding=\"async\" src=\"https:\/\/id.letras.up.pt\/geniusloci\/wp-content\/uploads\/2026\/01\/02_arquiteturas-scaled.jpg\" title=\"02_arquiteturas\" width=\"2560\" height=\"1707\" srcset=\"https:\/\/id.letras.up.pt\/geniusloci\/wp-content\/uploads\/2026\/01\/02_arquiteturas-scaled.jpg 2560w, https:\/\/id.letras.up.pt\/geniusloci\/wp-content\/uploads\/2026\/01\/02_arquiteturas-1280x854.jpg 1280w, https:\/\/id.letras.up.pt\/geniusloci\/wp-content\/uploads\/2026\/01\/02_arquiteturas-980x653.jpg 980w, https:\/\/id.letras.up.pt\/geniusloci\/wp-content\/uploads\/2026\/01\/02_arquiteturas-480x320.jpg 480w\" sizes=\"(min-width: 0px) and (max-width: 480px) 480px, (min-width: 481px) and (max-width: 980px) 980px, (min-width: 981px) and (max-width: 1280px) 1280px, (min-width: 1281px) 2560px, 100vw\" class=\"wp-image-105\" \/><\/span><\/div>\n<\/div>\n\n<div class=\"et_pb_column_5 et_pb_column et_pb_column_1_2 et-last-child et_block_column et_pb_css_mix_blend_mode_passthrough\">\n<div class=\"et_pb_text_5 et_pb_text et_pb_bg_layout_light et_animated et_pb_module et_block_module\"><div class=\"et_pb_text_inner\"><h4>Arquiteturas<\/h4>\n<p>Esta sec\u00e7\u00e3o pretende refletir a pluralidade de materializa\u00e7\u00f5es da Arquitetura desde a Idade M\u00e9dia at\u00e9 \u00e0 \u00c9poca Contempor\u00e2nea, com particular incid\u00eancia no contexto Ib\u00e9rico e Europeu. Convocam-se, assim, os mais amplos contributos focados em realidades regionais, estudos de s\u00edntese ou os estudos de caso dos mais significativos exemplos de arquiteturas.<\/p>\n<p>&nbsp;<\/p>\n<\/div><\/div>\n\n<div class=\"et_pb_module et_pb_button_module_wrapper et_pb_button_1_wrapper\"><a class=\"et_pb_button_1 et_pb_button et_pb_bg_layout_light et_pb_module et_flex_module\" href=\"https:\/\/id.letras.up.pt\/geniusloci\/arquiteturas\/\">Ver mais<\/a><\/div>\n<\/div>\n<\/div>\n\n<div class=\"et_pb_row_4 et_pb_row et_pb_gutters1 et_block_row\">\n<div class=\"et_pb_column_6 et_pb_column et_pb_column_1_2 et_block_column et_pb_css_mix_blend_mode_passthrough\">\n<div class=\"et_pb_text_6 et_pb_text et_pb_bg_layout_light et_animated et_pb_module et_block_module\"><div class=\"et_pb_text_inner\"><h4>Espa\u00e7os Sacros<\/h4>\n<p>Os Espa\u00e7os Sacros s\u00e3o realidades vivas e mut\u00e1veis, sujeitas ao devir. Estes lugares naturais e\/ou constru\u00eddos, que recebem rituais programados, conferem significado a uma comunidade e materializam a liga\u00e7\u00e3o entre o tempo terreno e o tempo da transcend\u00eancia.<\/p>\n<\/div><\/div>\n\n<div class=\"et_pb_module et_pb_button_module_wrapper et_pb_button_2_wrapper\"><a class=\"et_pb_button_2 et_pb_button et_pb_bg_layout_light et_pb_module et_flex_module\" href=\"https:\/\/id.letras.up.pt\/geniusloci\/espacos_sacros\/\">Ver mais<\/a><\/div>\n<\/div>\n\n<div class=\"et_pb_column_7 et_pb_column et_pb_column_1_2 et-last-child et_block_column et_pb_css_mix_blend_mode_passthrough\">\n<div class=\"et_pb_image_2 et_pb_image et_animated et_pb_module et_block_module\"><span class=\"et_pb_image_wrap\"><img loading=\"lazy\" decoding=\"async\" src=\"https:\/\/id.letras.up.pt\/geniusloci\/wp-content\/uploads\/2026\/01\/01_EspacosSacros-scaled.jpg\" title=\"01_EspacosSacros\" width=\"2560\" height=\"1707\" srcset=\"https:\/\/id.letras.up.pt\/geniusloci\/wp-content\/uploads\/2026\/01\/01_EspacosSacros-scaled.jpg 2560w, https:\/\/id.letras.up.pt\/geniusloci\/wp-content\/uploads\/2026\/01\/01_EspacosSacros-1280x854.jpg 1280w, https:\/\/id.letras.up.pt\/geniusloci\/wp-content\/uploads\/2026\/01\/01_EspacosSacros-980x653.jpg 980w, https:\/\/id.letras.up.pt\/geniusloci\/wp-content\/uploads\/2026\/01\/01_EspacosSacros-480x320.jpg 480w\" sizes=\"(min-width: 0px) and (max-width: 480px) 480px, (min-width: 481px) and (max-width: 980px) 980px, (min-width: 981px) and (max-width: 1280px) 1280px, (min-width: 1281px) 2560px, 100vw\" class=\"wp-image-114\" \/><\/span><\/div>\n<\/div>\n<\/div>\n\n<div class=\"et_pb_row_5 et_pb_row et_pb_gutters1 et_block_row\">\n<div class=\"et_pb_column_8 et_pb_column et_pb_column_1_2 et_block_column et_pb_css_mix_blend_mode_passthrough\">\n<div class=\"et_pb_image_3 et_pb_image et_animated et_pb_module et_block_module\"><span class=\"et_pb_image_wrap\"><img loading=\"lazy\" decoding=\"async\" src=\"https:\/\/id.letras.up.pt\/geniusloci\/wp-content\/uploads\/2026\/01\/01_gestaopatrimonio.jpeg\" title=\"01_gestaopatrimonio\" width=\"1280\" height=\"960\" srcset=\"https:\/\/id.letras.up.pt\/geniusloci\/wp-content\/uploads\/2026\/01\/01_gestaopatrimonio.jpeg 1280w, https:\/\/id.letras.up.pt\/geniusloci\/wp-content\/uploads\/2026\/01\/01_gestaopatrimonio-980x735.jpeg 980w, https:\/\/id.letras.up.pt\/geniusloci\/wp-content\/uploads\/2026\/01\/01_gestaopatrimonio-480x360.jpeg 480w\" sizes=\"(min-width: 0px) and (max-width: 480px) 480px, (min-width: 481px) and (max-width: 980px) 980px, (min-width: 981px) 1280px, 100vw\" class=\"wp-image-149\" \/><\/span><\/div>\n<\/div>\n\n<div class=\"et_pb_column_9 et_pb_column et_pb_column_1_2 et-last-child et_block_column et_pb_css_mix_blend_mode_passthrough\">\n<div class=\"et_pb_text_7 et_pb_text et_pb_bg_layout_light et_animated et_pb_module et_block_module\"><div class=\"et_pb_text_inner\"><h4>Gest\u00e3o do Patrim\u00f3nio<\/h4>\n<p>Num contexto de crescente complexidade social, cultural e ambiental, a gest\u00e3o do patrim\u00f3nio \u00e9 entendida como um processo din\u00e2mico e situado, que articula conhecimento cient\u00edfico, enquadramentos institucionais, pol\u00edticas p\u00fablicas e pr\u00e1ticas sociais.<\/p>\n<\/div><\/div>\n\n<div class=\"et_pb_module et_pb_button_module_wrapper et_pb_button_3_wrapper\"><a class=\"et_pb_button_3 et_pb_button et_pb_bg_layout_light et_pb_module et_flex_module\" href=\"https:\/\/id.letras.up.pt\/geniusloci\/gestao-do-patrimonio\/\">Ver mais<\/a><\/div>\n<\/div>\n<\/div>\n\n<div class=\"et_pb_row_6 et_pb_row et_pb_gutters1 et_block_row\">\n<div class=\"et_pb_column_10 et_pb_column et_pb_column_1_2 et_block_column et_pb_css_mix_blend_mode_passthrough\">\n<div class=\"et_pb_text_8 et_pb_text et_pb_bg_layout_light et_animated et_pb_module et_block_module\"><div class=\"et_pb_text_inner\"><h4>Imagens e Contextos<\/h4>\n<p>O objetivo principal deste painel consiste em compreender como a integra\u00e7\u00e3o das imagens nos seus diversos suportes, espa\u00e7os e contextos revela pr\u00e1ticas performativas de \u00edndole identit\u00e1ria e comunicativa ao longo de uma ampla cronologia, da Pr\u00e9-Hist\u00f3ria \u00e0 Contemporaneidade.\u00a0<\/p>\n<\/div><\/div>\n\n<div class=\"et_pb_module et_pb_button_module_wrapper et_pb_button_4_wrapper\"><a class=\"et_pb_button_4 et_pb_button et_pb_bg_layout_light et_pb_module et_flex_module\" href=\"https:\/\/id.letras.up.pt\/geniusloci\/imagens-e-contextos\/\">Ver mais<\/a><\/div>\n<\/div>\n\n<div class=\"et_pb_column_11 et_pb_column et_pb_column_1_2 et-last-child et_block_column et_pb_css_mix_blend_mode_passthrough\">\n<div class=\"et_pb_image_4 et_pb_image et_animated et_pb_module et_block_module\"><span class=\"et_pb_image_wrap\"><img loading=\"lazy\" decoding=\"async\" src=\"https:\/\/id.letras.up.pt\/geniusloci\/wp-content\/uploads\/2026\/01\/01_imagenscontextos-scaled.jpg\" title=\"01_imagenscontextos\" width=\"2560\" height=\"1934\" srcset=\"https:\/\/id.letras.up.pt\/geniusloci\/wp-content\/uploads\/2026\/01\/01_imagenscontextos-scaled.jpg 2560w, https:\/\/id.letras.up.pt\/geniusloci\/wp-content\/uploads\/2026\/01\/01_imagenscontextos-1280x967.jpg 1280w, https:\/\/id.letras.up.pt\/geniusloci\/wp-content\/uploads\/2026\/01\/01_imagenscontextos-980x740.jpg 980w, https:\/\/id.letras.up.pt\/geniusloci\/wp-content\/uploads\/2026\/01\/01_imagenscontextos-480x363.jpg 480w\" sizes=\"(min-width: 0px) and (max-width: 480px) 480px, (min-width: 481px) and (max-width: 980px) 980px, (min-width: 981px) and (max-width: 1280px) 1280px, (min-width: 1281px) 2560px, 100vw\" class=\"wp-image-146\" \/><\/span><\/div>\n<\/div>\n<\/div>\n\n<div class=\"et_pb_row_7 et_pb_row et_pb_gutters1 et_block_row\">\n<div class=\"et_pb_column_12 et_pb_column et_pb_column_1_2 et_block_column et_pb_css_mix_blend_mode_passthrough\">\n<div class=\"et_pb_image_5 et_pb_image et_animated et_pb_module et_block_module\"><span class=\"et_pb_image_wrap\"><img loading=\"lazy\" decoding=\"async\" src=\"https:\/\/id.letras.up.pt\/geniusloci\/wp-content\/uploads\/2026\/01\/01_mundostransicao-scaled.jpg\" title=\"01_mundostransicao\" width=\"2560\" height=\"1937\" srcset=\"https:\/\/id.letras.up.pt\/geniusloci\/wp-content\/uploads\/2026\/01\/01_mundostransicao-scaled.jpg 2560w, https:\/\/id.letras.up.pt\/geniusloci\/wp-content\/uploads\/2026\/01\/01_mundostransicao-1280x969.jpg 1280w, https:\/\/id.letras.up.pt\/geniusloci\/wp-content\/uploads\/2026\/01\/01_mundostransicao-980x742.jpg 980w, https:\/\/id.letras.up.pt\/geniusloci\/wp-content\/uploads\/2026\/01\/01_mundostransicao-480x363.jpg 480w\" sizes=\"(min-width: 0px) and (max-width: 480px) 480px, (min-width: 481px) and (max-width: 980px) 980px, (min-width: 981px) and (max-width: 1280px) 1280px, (min-width: 1281px) 2560px, 100vw\" class=\"wp-image-147\" \/><\/span><\/div>\n<\/div>\n\n<div class=\"et_pb_column_13 et_pb_column et_pb_column_1_2 et-last-child et_block_column et_pb_css_mix_blend_mode_passthrough\">\n<div class=\"et_pb_text_9 et_pb_text et_pb_bg_layout_light et_animated et_pb_module et_block_module\"><div class=\"et_pb_text_inner\"><h4>Mundos de transi\u00e7\u00e3o<\/h4>\n<p>A Hist\u00f3ria da Humanidade, numa vis\u00e3o c\u00edclica, \u00e9 pontuada por momentos de mudan\u00e7a que geram ruturas culturais e sociais de alcances diversos. Estas transi\u00e7\u00f5es promovem a transforma\u00e7\u00e3o de estruturas, tecnologias, modos de vida e identidades.<\/p>\n<\/div><\/div>\n\n<div class=\"et_pb_module et_pb_button_module_wrapper et_pb_button_5_wrapper\"><a class=\"et_pb_button_5 et_pb_button et_pb_bg_layout_light et_pb_module et_flex_module\" href=\"https:\/\/id.letras.up.pt\/geniusloci\/mundos-de-transicao\/\">Ver mais<\/a><\/div>\n<\/div>\n<\/div>\n\n<div class=\"et_pb_row_8 et_pb_row et_pb_gutters1 et_block_row\">\n<div class=\"et_pb_column_14 et_pb_column et_pb_column_1_2 et_block_column et_pb_css_mix_blend_mode_passthrough\">\n<div class=\"et_pb_text_10 et_pb_text et_pb_bg_layout_light et_animated et_pb_module et_block_module\"><div class=\"et_pb_text_inner\"><h4>Vernacular<\/h4>\n<p>O universo do que classificamos como vernacular \u00e9 ilus\u00f3rio e frequentemente inconsp\u00edcuo: faz parte do nosso quotidiano social, das paisagens que percorremos e onde gravita a nossa vida. Contudo, esta proximidade tende a camufl\u00e1-lo, apenas readquirindo import\u00e2ncia quando amea\u00e7ado de desaparecimento, e soam os alarmes sobre o que estamos prestes a perder.<\/p>\n<\/div><\/div>\n\n<div class=\"et_pb_module et_pb_button_module_wrapper et_pb_button_6_wrapper\"><a class=\"et_pb_button_6 et_pb_button et_pb_bg_layout_light et_pb_module et_flex_module\" href=\"https:\/\/id.letras.up.pt\/geniusloci\/vernacular\/\">Ver mais<\/a><\/div>\n<\/div>\n\n<div class=\"et_pb_column_15 et_pb_column et_pb_column_1_2 et-last-child et_block_column et_pb_css_mix_blend_mode_passthrough\">\n<div class=\"et_pb_image_6 et_pb_image et_animated et_pb_module et_block_module\"><span class=\"et_pb_image_wrap\"><img loading=\"lazy\" decoding=\"async\" src=\"https:\/\/id.letras.up.pt\/geniusloci\/wp-content\/uploads\/2026\/01\/02_vernacular.jpg\" title=\"DCF 1.0\" width=\"2560\" height=\"1920\" srcset=\"https:\/\/id.letras.up.pt\/geniusloci\/wp-content\/uploads\/2026\/01\/02_vernacular.jpg 2560w, https:\/\/id.letras.up.pt\/geniusloci\/wp-content\/uploads\/2026\/01\/02_vernacular-1280x960.jpg 1280w, https:\/\/id.letras.up.pt\/geniusloci\/wp-content\/uploads\/2026\/01\/02_vernacular-980x735.jpg 980w, https:\/\/id.letras.up.pt\/geniusloci\/wp-content\/uploads\/2026\/01\/02_vernacular-480x360.jpg 480w\" sizes=\"(min-width: 0px) and (max-width: 480px) 480px, (min-width: 481px) and (max-width: 980px) 980px, (min-width: 981px) and (max-width: 1280px) 1280px, (min-width: 1281px) 2560px, 100vw\" class=\"wp-image-148\" \/><\/span><\/div>\n<\/div>\n<\/div>\n\n<div class=\"et_pb_row_9 et_pb_row et_pb_gutters1 et_block_row\">\n<div class=\"et_pb_column_16 et_pb_column et_pb_column_1_2 et_block_column et_pb_css_mix_blend_mode_passthrough\">\n<div class=\"et_pb_image_7 et_pb_image et_animated et_pb_module et_block_module\"><span class=\"et_pb_image_wrap\"><img loading=\"lazy\" decoding=\"async\" src=\"https:\/\/id.letras.up.pt\/geniusloci\/wp-content\/uploads\/2026\/01\/02_paisagens-scaled.jpg\" title=\"02_paisagens\" width=\"2560\" height=\"1155\" srcset=\"https:\/\/id.letras.up.pt\/geniusloci\/wp-content\/uploads\/2026\/01\/02_paisagens-scaled.jpg 2560w, https:\/\/id.letras.up.pt\/geniusloci\/wp-content\/uploads\/2026\/01\/02_paisagens-1280x578.jpg 1280w, https:\/\/id.letras.up.pt\/geniusloci\/wp-content\/uploads\/2026\/01\/02_paisagens-980x442.jpg 980w, https:\/\/id.letras.up.pt\/geniusloci\/wp-content\/uploads\/2026\/01\/02_paisagens-480x217.jpg 480w\" sizes=\"(min-width: 0px) and (max-width: 480px) 480px, (min-width: 481px) and (max-width: 980px) 980px, (min-width: 981px) and (max-width: 1280px) 1280px, (min-width: 1281px) 2560px, 100vw\" class=\"wp-image-197\" \/><\/span><\/div>\n<\/div>\n\n<div class=\"et_pb_column_17 et_pb_column et_pb_column_1_2 et-last-child et_block_column et_pb_css_mix_blend_mode_passthrough\">\n<div class=\"et_pb_text_11 et_pb_text et_pb_bg_layout_light et_animated et_pb_module et_block_module\"><div class=\"et_pb_text_inner\"><h4>Paisagens, territ\u00f3rios &amp; mobilidades<\/h4>\n<p>A mobilidade articula-se com a apreens\u00e3o da paisagem e a produ\u00e7\u00e3o de representa\u00e7\u00f5es do territ\u00f3rio. Os percursos e meios de comunica\u00e7\u00e3o guiam o movimento e ancoram-no em pontos fixos ou semi-fixos, assumindo formas diversas conforme os tempos hist\u00f3ricos e pr\u00e9-hist\u00f3ricos.<\/p>\n<\/div><\/div>\n\n<div class=\"et_pb_module et_pb_button_module_wrapper et_pb_button_7_wrapper\"><a class=\"et_pb_button_7 et_pb_button et_pb_bg_layout_light et_pb_module et_flex_module\" href=\"https:\/\/id.letras.up.pt\/geniusloci\/paisagens-territorios-mobilidades\/\">Ver mais<\/a><\/div>\n<\/div>\n<\/div>\n<\/div>\n\n<div class=\"et_pb_section_2 et_pb_section et_section_regular et_block_section\">\n<div class=\"et_pb_row_10 et_pb_row et_block_row\">\n<div class=\"et_pb_column_18 et_pb_column et_pb_column_4_4 et-last-child et_block_column et_pb_css_mix_blend_mode_passthrough\">\n<div class=\"et_pb_text_12 et_pb_text et_pb_bg_layout_light et_pb_module et_block_module\"><div class=\"et_pb_text_inner\"><h2>Inscri\u00e7\u00f5es &amp;\u00a0 <span style=\"color: #4646c4;\">Informa\u00e7\u00f5es<\/span><\/h2>\n<\/div><\/div>\n\n<div class=\"et_pb_text_13 et_pb_text et_pb_bg_layout_light et_pb_module et_block_module\"><div class=\"et_pb_text_inner\"><p>As inscri\u00e7\u00f5es para o Genius Loci 2.0 ser\u00e3o abertas a todos os interessados a partir de 12 de maio de 2026. A <a href=\"https:\/\/id.letras.up.pt\/geniusloci\/chamada-para-resumos\/\">submiss\u00e3o de comunica\u00e7\u00f5es ou posters<\/a> est\u00e1 aberta at\u00e9 10 de abril de 2026.<\/p>\n<\/div><\/div>\n<\/div>\n<\/div>\n\n<div class=\"et_pb_row_11 et_pb_row et_block_row\">\n<div class=\"et_pb_column_19 et_pb_column et_pb_column_4_4 et-last-child et_block_column et_pb_css_mix_blend_mode_passthrough\">\n<div class=\"et_pb_module et_pb_button_module_wrapper et_pb_button_8_wrapper\"><a class=\"et_pb_button_8 et_pb_button et_pb_bg_layout_light et_pb_module et_flex_module\" href=\"https:\/\/id.letras.up.pt\/geniusloci\/inscricoes\/\">Mais informa\u00e7\u00f5es<\/a><\/div>\n<\/div>\n<\/div>\n<\/div>\n\n<div class=\"et_pb_section_3 et_pb_section et_section_regular et_flex_section\">\n<div class=\"et_pb_row_12 et_pb_row et_flex_row\">\n<div class=\"et_pb_column_20 et_pb_column et-last-child et_flex_column et_pb_css_mix_blend_mode_passthrough et_flex_column_24_24 et_flex_column_24_24_tablet et_flex_column_24_24_phone\">\n<div class=\"et_pb_row_13 et_pb_row et-vb-row--no-module et_pb_row_nested et_flex_row\">\n<div class=\"et_pb_column_21 et_pb_column et-last-child et_block_column et_pb_column_empty et_pb_css_mix_blend_mode_passthrough et_flex_column_24_24 et_flex_column_24_24_tablet et_flex_column_24_24_phone\"><\/div>\n<\/div>\n\n<div class=\"et_pb_text_14 et_pb_text et_pb_bg_layout_light et_pb_module et_block_module\"><div class=\"et_pb_text_inner\"><h2>Organiza\u00e7\u00e3o<\/h2>\n<\/div><\/div>\n\n<div class=\"et_pb_image_8 et_pb_image et_animated et_pb_module et_block_module\"><span class=\"et_pb_image_wrap\"><img loading=\"lazy\" decoding=\"async\" src=\"https:\/\/id.letras.up.pt\/geniusloci\/wp-content\/uploads\/2026\/03\/CITCEMFCTFLUPRP_preto-scaled.png\" title=\"CITCEM+FCT+FLUP+RP_preto\" width=\"2560\" height=\"170\" srcset=\"https:\/\/id.letras.up.pt\/geniusloci\/wp-content\/uploads\/2026\/03\/CITCEMFCTFLUPRP_preto-scaled.png 2560w, https:\/\/id.letras.up.pt\/geniusloci\/wp-content\/uploads\/2026\/03\/CITCEMFCTFLUPRP_preto-1280x85.png 1280w, https:\/\/id.letras.up.pt\/geniusloci\/wp-content\/uploads\/2026\/03\/CITCEMFCTFLUPRP_preto-980x65.png 980w, https:\/\/id.letras.up.pt\/geniusloci\/wp-content\/uploads\/2026\/03\/CITCEMFCTFLUPRP_preto-480x32.png 480w\" sizes=\"(min-width: 0px) and (max-width: 480px) 480px, (min-width: 481px) and (max-width: 980px) 980px, (min-width: 981px) and (max-width: 1280px) 1280px, (min-width: 1281px) 2560px, 100vw\" class=\"wp-image-393\" \/><\/span><\/div>\n<\/div>\n<\/div>\n\n<div class=\"et_pb_row_14 et_pb_row et_flex_row\">\n<div class=\"et_pb_column_22 et_pb_column et-last-child et_flex_column et_pb_css_mix_blend_mode_passthrough et_flex_column_24_24 et_flex_column_24_24_tablet et_flex_column_24_24_phone\">\n<div class=\"et_pb_text_15 et_pb_text et_pb_bg_layout_light et_pb_module et_block_module\"><div class=\"et_pb_text_inner\"><h2>Apoios e <span style=\"color: #4646c4;\">Parcerias<\/span><\/h2>\n<\/div><\/div>\n<\/div>\n<\/div>\n\n<div class=\"et_pb_row_15 et_pb_row et_flex_row\">\n<div class=\"et_pb_column_23 et_pb_column et-last-child et_flex_column et_pb_css_mix_blend_mode_passthrough et_flex_column_24_24 et_flex_column_24_24_tablet et_flex_column_24_24_phone\">\n<div class=\"et_pb_row_16 et_pb_row et_pb_row_nested et_flex_row\">\n<div class=\"et_pb_column_24 et_pb_column et_flex_column et_pb_css_mix_blend_mode_passthrough et_flex_column_8_24 et_flex_column_8_24_tablet et_flex_column_24_24_phone\">\n<div class=\"et_pb_image_9 et_pb_image et_pb_module et_flex_module\"><span class=\"et_pb_image_wrap\"><img loading=\"lazy\" decoding=\"async\" src=\"https:\/\/id.letras.up.pt\/geniusloci\/wp-content\/uploads\/2026\/03\/1920x1080-LOGO-ECI_sem-fundo.png\" title=\"1920x1080 LOGO ECI_sem fundo\" width=\"1920\" height=\"1080\" srcset=\"https:\/\/id.letras.up.pt\/geniusloci\/wp-content\/uploads\/2026\/03\/1920x1080-LOGO-ECI_sem-fundo.png 1920w, https:\/\/id.letras.up.pt\/geniusloci\/wp-content\/uploads\/2026\/03\/1920x1080-LOGO-ECI_sem-fundo-1280x720.png 1280w, https:\/\/id.letras.up.pt\/geniusloci\/wp-content\/uploads\/2026\/03\/1920x1080-LOGO-ECI_sem-fundo-980x551.png 980w, https:\/\/id.letras.up.pt\/geniusloci\/wp-content\/uploads\/2026\/03\/1920x1080-LOGO-ECI_sem-fundo-480x270.png 480w\" sizes=\"(min-width: 0px) and (max-width: 480px) 480px, (min-width: 481px) and (max-width: 980px) 980px, (min-width: 981px) and (max-width: 1280px) 1280px, (min-width: 1281px) 1920px, 100vw\" class=\"wp-image-395\" \/><\/span><\/div>\n<\/div>\n\n<div class=\"et_pb_column_25 et_pb_column et_flex_column et_pb_column_empty et_pb_css_mix_blend_mode_passthrough et_flex_column_8_24 et_flex_column_8_24_tablet et_flex_column_24_24_phone\"><\/div>\n\n<div class=\"et_pb_column_26 et_pb_column et-last-child et_flex_column et_pb_column_empty et_pb_css_mix_blend_mode_passthrough et_flex_column_8_24 et_flex_column_8_24_tablet et_flex_column_24_24_phone\"><\/div>\n<\/div>\n<\/div>\n<\/div>\n<\/div>\n\n<div class=\"et_pb_section_4 et_pb_section et_section_regular et_block_section et_animated\"><\/div>","protected":false},"excerpt":{"rendered":"","protected":false},"author":1,"featured_media":0,"parent":0,"menu_order":0,"comment_status":"closed","ping_status":"closed","template":"","meta":{"footnotes":""},"class_list":["post-7","page","type-page","status-publish","hentry"],"_links":{"self":[{"href":"https:\/\/id.letras.up.pt\/geniusloci\/wp-json\/wp\/v2\/pages\/7","targetHints":{"allow":["GET"]}}],"collection":[{"href":"https:\/\/id.letras.up.pt\/geniusloci\/wp-json\/wp\/v2\/pages"}],"about":[{"href":"https:\/\/id.letras.up.pt\/geniusloci\/wp-json\/wp\/v2\/types\/page"}],"author":[{"embeddable":true,"href":"https:\/\/id.letras.up.pt\/geniusloci\/wp-json\/wp\/v2\/users\/1"}],"replies":[{"embeddable":true,"href":"https:\/\/id.letras.up.pt\/geniusloci\/wp-json\/wp\/v2\/comments?post=7"}],"version-history":[{"count":69,"href":"https:\/\/id.letras.up.pt\/geniusloci\/wp-json\/wp\/v2\/pages\/7\/revisions"}],"predecessor-version":[{"id":397,"href":"https:\/\/id.letras.up.pt\/geniusloci\/wp-json\/wp\/v2\/pages\/7\/revisions\/397"}],"wp:attachment":[{"href":"https:\/\/id.letras.up.pt\/geniusloci\/wp-json\/wp\/v2\/media?parent=7"}],"curies":[{"name":"wp","href":"https:\/\/api.w.org\/{rel}","templated":true}]}}