{"id":16,"date":"2022-10-27T14:28:54","date_gmt":"2022-10-27T14:28:54","guid":{"rendered":"http:\/\/id.letras.up.pt\/hlabacp\/?page_id=16"},"modified":"2024-09-18T15:12:28","modified_gmt":"2024-09-18T15:12:28","slug":"equipamento-disponivel-na-biblioteca","status":"publish","type":"page","link":"https:\/\/id.letras.up.pt\/hlabacp\/index.php\/equipamento\/equipamento-disponivel-na-biblioteca\/","title":{"rendered":"Equipamento dispon\u00edvel na Biblioteca"},"content":{"rendered":"\n<p>O American Corner da FLUP tem dispon\u00edvel, para utiliza\u00e7\u00e3o, equipamento inform\u00e1tico com caracter\u00edsticas espec\u00edficas que permitem desenvolver atividades relevantes e complementar os<br>m\u00e9todos de estudo e investiga\u00e7\u00e3o, uma vez que s\u00e3o m\u00faltiplas as fun\u00e7\u00f5es a que se destina.<br>No balc\u00e3o de atendimento da Biblioteca s\u00e3o fornecidas aos utilizadores as informa\u00e7\u00f5es de que necessitarem.<br>Equipamento que poder\u00e1 ser utilizado:<br>1. APPLE IMAC 27\u2019\u2019 I5-3 2GHz\/8GB\/1TB\/GT755M (ME088) \u2013 4<br>2. APPLE MACBOOK AIR 13\u2019\u2019 I5-1,6GHz\/8GB\/128GB \u2013 12<br>3. APPLE IPAD MINI BLACK 16GB HI-FI \u2013 8<br>4. APPLE LIGHTNING DIGITAL AV ADAPTER \u2013 2<\/p>\n\n\n\n<p>Os 4 APPLE IMAC 5K 15-3 2\/8\/IF\/R9 MK472 27\u2019\u2019, que se encontram \u00e0 disposi\u00e7\u00e3o, podem ser utilizados mediante requisi\u00e7\u00e3o dos respetivos teclados.<br>Tanto os 12 APPLE MACBOOK AIR 13\u2019\u2019 I5-1,6GHz\/8GB\/128GB, como os 8 APPLE IPAD MINI BLACK 16GB WIFI devem ser previamente requisitados no balc\u00e3o da Biblioteca.<br><br><\/p>\n\n\n\n<p><\/p>\n\n\n\n<p><\/p>\n","protected":false},"excerpt":{"rendered":"<p>O American Corner da FLUP tem dispon\u00edvel, para utiliza\u00e7\u00e3o, equipamento inform\u00e1tico com caracter\u00edsticas espec\u00edficas que permitem desenvolver atividades relevantes e complementar osm\u00e9todos de estudo e<\/p>\n","protected":false},"author":1,"featured_media":0,"parent":18,"menu_order":1,"comment_status":"closed","ping_status":"closed","template":"","meta":{"footnotes":""},"class_list":["post-16","page","type-page","status-publish","hentry"],"jetpack_sharing_enabled":true,"_links":{"self":[{"href":"https:\/\/id.letras.up.pt\/hlabacp\/index.php\/wp-json\/wp\/v2\/pages\/16","targetHints":{"allow":["GET"]}}],"collection":[{"href":"https:\/\/id.letras.up.pt\/hlabacp\/index.php\/wp-json\/wp\/v2\/pages"}],"about":[{"href":"https:\/\/id.letras.up.pt\/hlabacp\/index.php\/wp-json\/wp\/v2\/types\/page"}],"author":[{"embeddable":true,"href":"https:\/\/id.letras.up.pt\/hlabacp\/index.php\/wp-json\/wp\/v2\/users\/1"}],"replies":[{"embeddable":true,"href":"https:\/\/id.letras.up.pt\/hlabacp\/index.php\/wp-json\/wp\/v2\/comments?post=16"}],"version-history":[{"count":4,"href":"https:\/\/id.letras.up.pt\/hlabacp\/index.php\/wp-json\/wp\/v2\/pages\/16\/revisions"}],"predecessor-version":[{"id":526,"href":"https:\/\/id.letras.up.pt\/hlabacp\/index.php\/wp-json\/wp\/v2\/pages\/16\/revisions\/526"}],"up":[{"embeddable":true,"href":"https:\/\/id.letras.up.pt\/hlabacp\/index.php\/wp-json\/wp\/v2\/pages\/18"}],"wp:attachment":[{"href":"https:\/\/id.letras.up.pt\/hlabacp\/index.php\/wp-json\/wp\/v2\/media?parent=16"}],"curies":[{"name":"wp","href":"https:\/\/api.w.org\/{rel}","templated":true}]}}