{"id":18,"date":"2022-10-27T14:30:56","date_gmt":"2022-10-27T14:30:56","guid":{"rendered":"http:\/\/id.letras.up.pt\/hlabacp\/?page_id=18"},"modified":"2022-11-15T10:30:50","modified_gmt":"2022-11-15T10:30:50","slug":"equipamento","status":"publish","type":"page","link":"https:\/\/id.letras.up.pt\/hlabacp\/index.php\/equipamento\/","title":{"rendered":"Equipamento"},"content":{"rendered":"\n<p>Para consultar o equipamento que o dispon\u00edvel dever\u00e1 consultar estes links<\/p>\n\n\n\n<p><a href=\"http:\/\/id.letras.up.pt\/hlabacp\/index.php\/equipamento\/equipamento-disponivel-na-biblioteca\/\">Equipamento dispon\u00edvel na biblioteca central<\/a><\/p>\n\n\n\n<p><a href=\"http:\/\/id.letras.up.pt\/hlabacp\/index.php\/equipamento\/equipamento-audiovisual\/\">Equipamento audiovisual<\/a><\/p>\n\n\n\n<p><a href=\"http:\/\/id.letras.up.pt\/hlabacp\/index.php\/equipamento\/impressora-3d\/\">Impressora 3D<\/a><\/p>\n","protected":false},"excerpt":{"rendered":"<p>Para consultar o equipamento que o dispon\u00edvel dever\u00e1 consultar estes links Equipamento dispon\u00edvel na biblioteca central Equipamento audiovisual Impressora 3D<\/p>\n","protected":false},"author":1,"featured_media":0,"parent":0,"menu_order":3,"comment_status":"closed","ping_status":"closed","template":"","meta":{"footnotes":""},"class_list":["post-18","page","type-page","status-publish","hentry"],"jetpack_sharing_enabled":true,"_links":{"self":[{"href":"https:\/\/id.letras.up.pt\/hlabacp\/index.php\/wp-json\/wp\/v2\/pages\/18","targetHints":{"allow":["GET"]}}],"collection":[{"href":"https:\/\/id.letras.up.pt\/hlabacp\/index.php\/wp-json\/wp\/v2\/pages"}],"about":[{"href":"https:\/\/id.letras.up.pt\/hlabacp\/index.php\/wp-json\/wp\/v2\/types\/page"}],"author":[{"embeddable":true,"href":"https:\/\/id.letras.up.pt\/hlabacp\/index.php\/wp-json\/wp\/v2\/users\/1"}],"replies":[{"embeddable":true,"href":"https:\/\/id.letras.up.pt\/hlabacp\/index.php\/wp-json\/wp\/v2\/comments?post=18"}],"version-history":[{"count":2,"href":"https:\/\/id.letras.up.pt\/hlabacp\/index.php\/wp-json\/wp\/v2\/pages\/18\/revisions"}],"predecessor-version":[{"id":204,"href":"https:\/\/id.letras.up.pt\/hlabacp\/index.php\/wp-json\/wp\/v2\/pages\/18\/revisions\/204"}],"wp:attachment":[{"href":"https:\/\/id.letras.up.pt\/hlabacp\/index.php\/wp-json\/wp\/v2\/media?parent=18"}],"curies":[{"name":"wp","href":"https:\/\/api.w.org\/{rel}","templated":true}]}}