{"id":596,"date":"2025-01-17T15:26:30","date_gmt":"2025-01-17T15:26:30","guid":{"rendered":"https:\/\/id.letras.up.pt\/hlabacp\/?page_id=596"},"modified":"2025-01-17T15:52:56","modified_gmt":"2025-01-17T15:52:56","slug":"podcast","status":"publish","type":"page","link":"https:\/\/id.letras.up.pt\/hlabacp\/index.php\/podcast\/","title":{"rendered":"Podcast"},"content":{"rendered":"\n<p>Podcasts gravados no est\u00fadio do Humanities Lab:<\/p>\n\n\n\n<p><a href=\"https:\/\/www.youtube.com\/@FLUPGeci\/podcasts\" data-type=\"link\" data-id=\"https:\/\/www.youtube.com\/@FLUPGeci\/podcasts\" target=\"_blank\" rel=\"noreferrer noopener\">LIVRE <\/a>&#8211; Liga\u00e7\u00e3o Interativa de Vozes e Reflex\u00f5es. Um projeto Podcast da Biblioteca Central da Faculdade de Letras da Universidade do Porto, no \u00e2mbito do Humanities Lab Power by American Corners Portugal.<\/p>\n\n\n\n<p><a href=\"https:\/\/linktr.ee\/pontasquietas__podcast\" target=\"_blank\" rel=\"noreferrer noopener\">Pontas Quietas<\/a> &#8211; Um Podcast dedicado ao futebol e ao desporto, criado por Diogo Sousa e Jos\u00e9 Gomes<\/p>\n\n\n\n<p><a href=\"https:\/\/glosaordinaria.podbean.com\/page\/2\/\" data-type=\"link\" data-id=\"https:\/\/glosaordinaria.podbean.com\/page\/2\/\" target=\"_blank\" rel=\"noreferrer noopener\">Glosa Ordinaria <\/a>&#8211; Um podcast s\u00e9rio sobre assuntos mais ou menos s\u00e9rios para debater hist\u00f3ria, literatura e cultura medievais, sempre de olho em outras cronologias. Falamos sobre temas cient\u00edficos mas tamb\u00e9m sobre quem trabalha nestes universos e os desafios que encontramos. Levantamos um pouco do v\u00e9u sobre o trabalho acad\u00e9mico, mas aqui ningu\u00e9m fala de c\u00e1tedra.<\/p>\n\n\n\n<p><\/p>\n\n\n\n<p><\/p>\n","protected":false},"excerpt":{"rendered":"<p>Podcasts gravados no est\u00fadio do Humanities Lab: LIVRE &#8211; Liga\u00e7\u00e3o Interativa de Vozes e Reflex\u00f5es. Um projeto Podcast da Biblioteca Central da Faculdade de Letras<\/p>\n","protected":false},"author":1,"featured_media":0,"parent":0,"menu_order":0,"comment_status":"closed","ping_status":"closed","template":"","meta":{"footnotes":""},"class_list":["post-596","page","type-page","status-publish","hentry"],"jetpack_sharing_enabled":true,"_links":{"self":[{"href":"https:\/\/id.letras.up.pt\/hlabacp\/index.php\/wp-json\/wp\/v2\/pages\/596","targetHints":{"allow":["GET"]}}],"collection":[{"href":"https:\/\/id.letras.up.pt\/hlabacp\/index.php\/wp-json\/wp\/v2\/pages"}],"about":[{"href":"https:\/\/id.letras.up.pt\/hlabacp\/index.php\/wp-json\/wp\/v2\/types\/page"}],"author":[{"embeddable":true,"href":"https:\/\/id.letras.up.pt\/hlabacp\/index.php\/wp-json\/wp\/v2\/users\/1"}],"replies":[{"embeddable":true,"href":"https:\/\/id.letras.up.pt\/hlabacp\/index.php\/wp-json\/wp\/v2\/comments?post=596"}],"version-history":[{"count":1,"href":"https:\/\/id.letras.up.pt\/hlabacp\/index.php\/wp-json\/wp\/v2\/pages\/596\/revisions"}],"predecessor-version":[{"id":597,"href":"https:\/\/id.letras.up.pt\/hlabacp\/index.php\/wp-json\/wp\/v2\/pages\/596\/revisions\/597"}],"wp:attachment":[{"href":"https:\/\/id.letras.up.pt\/hlabacp\/index.php\/wp-json\/wp\/v2\/media?parent=596"}],"curies":[{"name":"wp","href":"https:\/\/api.w.org\/{rel}","templated":true}]}}