{"id":73,"date":"2022-10-28T14:00:32","date_gmt":"2022-10-28T14:00:32","guid":{"rendered":"http:\/\/id.letras.up.pt\/hlabacp\/?page_id=73"},"modified":"2024-10-01T09:46:19","modified_gmt":"2024-10-01T09:46:19","slug":"sobre-o-american-corner-na-flup","status":"publish","type":"page","link":"https:\/\/id.letras.up.pt\/hlabacp\/index.php\/home\/sobre-o-american-corner-na-flup\/","title":{"rendered":"Sobre o American Corner na FLUP"},"content":{"rendered":"\n<p><strong>American Corner (AC) da FLUP<\/strong><\/p>\n\n\n\n<p>&nbsp;O AC da FLUP, integrado num programa de a\u00e7\u00e3o diplom\u00e1tica gizado pelo Departamento de Estado Norte \u2013 Americano, faz parte de um vasto conjunto de American Spaces espalhados pelo Mundo.<\/p>\n\n\n\n<p>No dia 18 de janeiro de 2011, teve lugar, na Biblioteca da FLUP, a cerim\u00f3nia de assinatura de um protocolo celebrado entre a Embaixada dos EUA e a FLUP. Passou, assim, a existir o segundo American Corner em Portugal.<\/p>\n\n\n\n<p>Desde ent\u00e3o, outros ACs foram sendo criados no nosso pa\u00eds. Hoje, s\u00e3o seis. No continente h\u00e1 cinco:&nbsp; no Porto, o AC est\u00e1 na Biblioteca da FLUP; em Aveiro, encontra-se nos SDI da UA; em Lisboa, existem em tr\u00eas bibliotecas \u2013 na do IST, na da FLUL e na da FCSH da UNL.&nbsp; Nos A\u00e7ores, existe um na Biblioteca da UAC, em Ponta Delgada.<\/p>\n\n\n\n<p>Assim, todos os American Spaces portugueses est\u00e3o instalados em bibliotecas universit\u00e1rias, tendo adotado o nome de American Corners.<\/p>\n\n\n\n<p>De uma maneira geral, a exist\u00eancia deste acordo tem permitido apoiar, em vertentes v\u00e1rias, o ensino e a investiga\u00e7\u00e3o desenrolados nas universidades portuguesas. A difus\u00e3o da l\u00edngua inglesa, a divulga\u00e7\u00e3o da&nbsp; cultura, hist\u00f3ria e literatura americanas, bem como da ci\u00eancia e da tecnologia desenvolvidas nos EUA s\u00e3o os principais objetivos da a\u00e7\u00e3o diplom\u00e1tica do Departamento de Estado, atrav\u00e9s da sua Embaixada.<\/p>\n\n\n\n<p>Nos protocolos assinados \u00e9 definida a concess\u00e3o de uma verba anual para apoiar a realiza\u00e7\u00e3o de atividades v\u00e1rias (confer\u00eancias, congressos, exposi\u00e7\u00f5es, etc), para manter apetrechados os espa\u00e7os adstritos aos ACs e adquirir equipamento tecnol\u00f3gico para ser utilizado pelos estudantes, nomeadamente em projetos e trabalhos.<\/p>\n\n\n\n<p>O acesso totalmente gratuito \u00e0 eLibraryUSA e aos seus conte\u00fados \u00e9, tamb\u00e9m, garantido atrav\u00e9s desta parceria, o que representa uma not\u00e1vel vantagem.<\/p>\n\n\n\n<p>A Embaixada dos EUA tem, ainda, por h\u00e1bito trazer ao nosso pa\u00eds distintos vultos das letras, das artes, das ci\u00eancias e das tecnologias, sobretudo ligados a tem\u00e1ticas de interesse alargado, em ciclos de confer\u00eancias organizados em parceria com os ACs.<\/p>\n\n\n\n<p>Cada AC tem um coordenador que se encarrega de periodicamente reportar \u00e0 Embaixada a programa\u00e7\u00e3o desenvolvida, sendo o elo de liga\u00e7\u00e3o entre esta e a sua pr\u00f3pria universidade. &nbsp;<\/p>\n\n\n\n<p>Na FLUP, onde est\u00e1 sediado o \u00fanico American Corner do Norte do pa\u00eds, existem 3 espa\u00e7os AC: na Biblioteca est\u00e3o o American Corner 1 (uma sala virada a sul, no piso 0); o American Corner 2 (um espa\u00e7o virado a poente, devidamente identificado na sala de leitura do piso 0). O Humanities Lab (Piso 0, junto ao anfiteatro nobre), inaugurado em outubro de 2023, assenta num novo conceito e \u00e9 atualmente o principal espa\u00e7o do AC da FLUP. <\/p>\n","protected":false},"excerpt":{"rendered":"<p>American Corner (AC) da FLUP &nbsp;O AC da FLUP, integrado num programa de a\u00e7\u00e3o diplom\u00e1tica gizado pelo Departamento de Estado Norte \u2013 Americano, faz parte<\/p>\n","protected":false},"author":1,"featured_media":0,"parent":7,"menu_order":1,"comment_status":"closed","ping_status":"closed","template":"","meta":{"footnotes":""},"class_list":["post-73","page","type-page","status-publish","hentry"],"jetpack_sharing_enabled":true,"_links":{"self":[{"href":"https:\/\/id.letras.up.pt\/hlabacp\/index.php\/wp-json\/wp\/v2\/pages\/73","targetHints":{"allow":["GET"]}}],"collection":[{"href":"https:\/\/id.letras.up.pt\/hlabacp\/index.php\/wp-json\/wp\/v2\/pages"}],"about":[{"href":"https:\/\/id.letras.up.pt\/hlabacp\/index.php\/wp-json\/wp\/v2\/types\/page"}],"author":[{"embeddable":true,"href":"https:\/\/id.letras.up.pt\/hlabacp\/index.php\/wp-json\/wp\/v2\/users\/1"}],"replies":[{"embeddable":true,"href":"https:\/\/id.letras.up.pt\/hlabacp\/index.php\/wp-json\/wp\/v2\/comments?post=73"}],"version-history":[{"count":3,"href":"https:\/\/id.letras.up.pt\/hlabacp\/index.php\/wp-json\/wp\/v2\/pages\/73\/revisions"}],"predecessor-version":[{"id":529,"href":"https:\/\/id.letras.up.pt\/hlabacp\/index.php\/wp-json\/wp\/v2\/pages\/73\/revisions\/529"}],"up":[{"embeddable":true,"href":"https:\/\/id.letras.up.pt\/hlabacp\/index.php\/wp-json\/wp\/v2\/pages\/7"}],"wp:attachment":[{"href":"https:\/\/id.letras.up.pt\/hlabacp\/index.php\/wp-json\/wp\/v2\/media?parent=73"}],"curies":[{"name":"wp","href":"https:\/\/api.w.org\/{rel}","templated":true}]}}