{"id":12,"date":"2026-04-01T10:36:49","date_gmt":"2026-04-01T10:36:49","guid":{"rendered":"https:\/\/id.letras.up.pt\/illich\/?page_id=12"},"modified":"2026-04-23T08:48:01","modified_gmt":"2026-04-23T08:48:01","slug":"calendario-provisorio","status":"publish","type":"page","link":"https:\/\/id.letras.up.pt\/illich\/calendario-provisorio\/","title":{"rendered":"Calend\u00e1rio"},"content":{"rendered":"\n<p>(Provis\u00f3rio)<\/p>\n\n\n\n<figure class=\"wp-block-table\"><table class=\"has-fixed-layout\"><tbody><tr><td>16 de Abril<\/td><td>Confer\u00eancia Daniel C\u00e9r\u00e9zuelle<\/td><td>PARCAUTO<\/td><\/tr><tr><td>28 de Abril<\/td><td>Roda de conversa ou c\u00edrculo de leitura sa\u00fade\/medicina&nbsp;<\/td><td>CCOP&nbsp;<\/td><\/tr><tr><td>Maio\u00a0<\/td><td>Call para exposi\u00e7\u00e3o na FBAUP<\/td><td>online<\/td><\/tr><tr><td>data a definir<\/td><td>Mesa-redonda ecologia\/decrescimento<\/td><td>Espa\u00e7o Musas<\/td><\/tr><tr><td>data a definir<\/td><td>Conversa\/mesa-redonda sobre educa\u00e7\u00e3o<\/td><td>Jardins da FPCEUP<\/td><\/tr><tr><td>12 &#8211; 24 de out<\/td><td>Exposi\u00e7\u00e3o art\u00edstica<\/td><td>FBAUP<\/td><\/tr><tr><td>15\/16 out<\/td><td>Confer\u00eancia 100 anos&nbsp;<\/td><td>FLUP<\/td><\/tr><tr><td>18 de Novembro<\/td><td>Editatona &#8211; maratona de edi\u00e7\u00e3o<\/td><td>FLUP<\/td><\/tr><\/tbody><\/table><\/figure>\n","protected":false},"excerpt":{"rendered":"<p>(Provis\u00f3rio) 16 de Abril Confer\u00eancia Daniel C\u00e9r\u00e9zuelle PARCAUTO 28 de Abril Roda de conversa ou c\u00edrculo de leitura sa\u00fade\/medicina&nbsp; CCOP&nbsp; Maio\u00a0 Call para exposi\u00e7\u00e3o na FBAUP online data a definir Mesa-redonda ecologia\/decrescimento Espa\u00e7o Musas data a definir Conversa\/mesa-redonda sobre educa\u00e7\u00e3o Jardins da FPCEUP 12 &#8211; 24 de out Exposi\u00e7\u00e3o art\u00edstica FBAUP 15\/16 out Confer\u00eancia 100 [&hellip;]<\/p>\n","protected":false},"author":1,"featured_media":0,"parent":0,"menu_order":0,"comment_status":"closed","ping_status":"closed","template":"","meta":{"footnotes":""},"class_list":["post-12","page","type-page","status-publish","hentry"],"_links":{"self":[{"href":"https:\/\/id.letras.up.pt\/illich\/wp-json\/wp\/v2\/pages\/12","targetHints":{"allow":["GET"]}}],"collection":[{"href":"https:\/\/id.letras.up.pt\/illich\/wp-json\/wp\/v2\/pages"}],"about":[{"href":"https:\/\/id.letras.up.pt\/illich\/wp-json\/wp\/v2\/types\/page"}],"author":[{"embeddable":true,"href":"https:\/\/id.letras.up.pt\/illich\/wp-json\/wp\/v2\/users\/1"}],"replies":[{"embeddable":true,"href":"https:\/\/id.letras.up.pt\/illich\/wp-json\/wp\/v2\/comments?post=12"}],"version-history":[{"count":3,"href":"https:\/\/id.letras.up.pt\/illich\/wp-json\/wp\/v2\/pages\/12\/revisions"}],"predecessor-version":[{"id":40,"href":"https:\/\/id.letras.up.pt\/illich\/wp-json\/wp\/v2\/pages\/12\/revisions\/40"}],"wp:attachment":[{"href":"https:\/\/id.letras.up.pt\/illich\/wp-json\/wp\/v2\/media?parent=12"}],"curies":[{"name":"wp","href":"https:\/\/api.w.org\/{rel}","templated":true}]}}