{"id":489,"date":"2026-01-21T09:53:31","date_gmt":"2026-01-21T09:53:31","guid":{"rendered":"https:\/\/id.letras.up.pt\/mon2b\/?page_id=489"},"modified":"2026-02-09T16:28:04","modified_gmt":"2026-02-09T16:28:04","slug":"research","status":"publish","type":"page","link":"https:\/\/id.letras.up.pt\/mon2b\/research\/","title":{"rendered":"Research"},"content":{"rendered":"\n<h1 class=\"wp-block-heading\">Research Projects<\/h1>\n\n\n\n<hr class=\"wp-block-separator has-alpha-channel-opacity\"\/>\n\n\n\n<p><strong>Latest research projects of the team members on Military Orders:<\/strong><\/p>\n\n\n\n<ul class=\"wp-block-list\">\n<li><strong>2024-2027<\/strong>. <em>Las memorias del Temple y del Hospital en la Corona de Arag\u00f3n y Navarra (siglos XII-XV). Construcciones, funciones e im\u00e1genes<\/em> (PID2023-152674NB-I00). Ministerio de Ciencia, Innovaci\u00f3n y Universidades. (1 septiembre 2024-31 agosto 2027). Entidad solicitante: Universidad de Navarra. 2023 Proyectos I+D+i Programa Generaci\u00f3n de Conocimiento. Investigadoras principales: Julia Pav\u00f3n y Mar\u00eda Bonet. Site:\u00a0<a href=\"https:\/\/www.unav.edu\/web\/instituto-cultura-y-sociedad\/proyectos\/memorias-temple-hospital-corona-aragon-navarra\">https:\/\/<\/a><a href=\"https:\/\/www.unav.edu\/web\/instituto-cultura-y-sociedad\/proyectos\/memorias-temple-hospital-corona-aragon-navarra\" target=\"_blank\" rel=\"noreferrer noopener\">www.unav.edu<\/a><a href=\"https:\/\/www.unav.edu\/web\/instituto-cultura-y-sociedad\/proyectos\/memorias-temple-hospital-corona-aragon-navarra\">\/web\/instituto-cultura-y-sociedad\/proyectos\/memorias-temple-hospital-corona-aragon-navarra<\/a><\/li>\n<\/ul>\n\n\n\n<ul class=\"wp-block-list\">\n<li><strong>2023-2026<\/strong>.&nbsp;<em>\u00d3rdenes militares y fen\u00f3menos socio-religiosos en perspectiva comparada (siglos XII-1\/2 XVI). Estudio desde la arqueolog\u00eda y la documentaci\u00f3n escrita<\/em> (Referencia:<strong>&nbsp;<\/strong>PID2022-138803NB-I00).&nbsp;Investigadores principales: Jes\u00fas Manuel Molero Garc\u00eda y Raquel Torres Jim\u00e9nez, Universidad de Castilla-La Mancha.&nbsp;Entidad financiadora<em>:&nbsp;<\/em>Ministerio de Ciencia e Innovaci\u00f3n. Proyectos de Generaci\u00f3n de Conocimiento, Agencia Estatal de Investigaci\u00f3n (AEI) y Fondo Europeo de Desarrollo Regional (FEDER). Plan Estatal de Investigaci\u00f3n Cient\u00edfica y T\u00e9cnica y de Innovaci\u00f3n 2021-2023. Desde el 1-9-2023 hasta el 31-8-2026).&nbsp;Financiado por MCIN\/AEI\/10.13039\/501100011033\/FEDER, EU.<\/li>\n<\/ul>\n\n\n\n<ul class=\"wp-block-list\">\n<li><strong>2021-2024<\/strong>. <em>The Hospital and the Temple in the Crown of Aragon and the Kingdom of Navarre (12th-13th centuries): European institutions as an engine for the transformation of social networks and religiosity<\/em> (Referencia: PID2020-117519GB-I00) financiado pelo Ministerio de Ciencia y Educaci\u00f3n de Espa\u00f1a. Proyectos de I+D+i &#8211; PGC Tipo B, convocatoria 2020. Investigadoras principais: Julia Pav\u00f3n Benito e Maria Bonet Donato, das universidades de Navarra e Rovira i Virgili. Investigadores de Espanha, Israel e Portugal (1 de setembro de 2021 \u2013 30 de agosto de 2024).&nbsp;<a href=\"https:\/\/www.unav.edu\/web\/instituto-cultura-y-sociedad\/proyectos\/hospital-y-temple-en-corona-aragon-y-reino-navarra\" target=\"_blank\" rel=\"noreferrer noopener\">https:\/\/www.unav.edu\/web\/instituto-cultura-y-sociedad\/proyectos\/hospital-y-temple-en-corona-aragon-y-reino-navarra<\/a><\/li>\n<\/ul>\n\n\n\n<ul class=\"wp-block-list\">\n<li><strong>2020-2023<\/strong>. <em>La dimensi\u00f3n religiosa de las \u00f3rdenes militares a partir de fuentes documentales y arqueol\u00f3gicas: La Mancha, Portugal, Francia y Tierra Santa (siglos XII-1\/2 XVI)<\/em>\u201d, Refer\u00eancia:&nbsp;SBPLY\/19\/180501\/000071.&nbsp;Entidad financiadora<em>:<\/em><strong><em>&nbsp;<\/em><\/strong>Junta de Comunidades de Castilla-La Mancha y Fondo Europeo de Desarrollo Regional (FEDER).&nbsp;&nbsp;PROYECTOS DE INVESTIGACI\u00d3N CIENT\u00cdFICA Y TRANSFERENCIA DE TECNOLOG\u00cdA. CONVOCATORIA 2018.&nbsp;Investigadores principales: Jes\u00fas-Manuel Molero Garc\u00eda y Raquel Torres Jim\u00e9nez.&nbsp;<a href=\"https:\/\/blog.uclm.es\/ordenesmilitaresyreligiosidad\/\" target=\"_blank\" rel=\"noreferrer noopener\">https:\/\/blog.uclm.es\/ordenesmilitaresyreligiosidad\/<\/a>.<\/li>\n<\/ul>\n\n\n\n<ul class=\"wp-block-list\">\n<li><strong>2019-2022<\/strong>. <em>\u00d3rdenes Militares y Religiosidad en el Occidente Medieval y el Oriente Latino (Siglos XII-1\/2 XVI). Ideologia, Memoria y Cultura Material.<\/em>&nbsp;Referencia<strong>:&nbsp;<\/strong>PGC2018-096531-B-I00.&nbsp;Entidad<strong> financiadora<em>:&nbsp;<\/em><\/strong>Ministerio de Ciencia, Innovaci\u00f3n y Universidades. Proyecto de investigaci\u00f3n cient\u00edfica y transferencia de tecnolog\u00eda financiado por la JCCM\/FEDER, UE&nbsp;(SBPLY\/19\/180501\/000071). Investigadores principales: Jes\u00fas Manuel Molero Garc\u00eda y Raquel Torres Jim\u00e9nez, Universidad de Castilla-La Mancha. <a href=\"https:\/\/blog.uclm.es\/ordenesmilitaresyreligiosidad\/el-proyecto-2\/\" target=\"_blank\" rel=\"noreferrer noopener\">https:\/\/blog.uclm.es\/ordenesmilitaresyreligiosidad\/el-proyecto-2\/<\/a><\/li>\n<\/ul>\n\n\n\n<p><\/p>\n","protected":false},"excerpt":{"rendered":"<p>Research Projects Latest research projects of the team members on Military Orders:<\/p>\n","protected":false},"author":1,"featured_media":0,"parent":0,"menu_order":0,"comment_status":"closed","ping_status":"closed","template":"","meta":{"footnotes":""},"class_list":["post-489","page","type-page","status-publish","hentry"],"_links":{"self":[{"href":"https:\/\/id.letras.up.pt\/mon2b\/wp-json\/wp\/v2\/pages\/489","targetHints":{"allow":["GET"]}}],"collection":[{"href":"https:\/\/id.letras.up.pt\/mon2b\/wp-json\/wp\/v2\/pages"}],"about":[{"href":"https:\/\/id.letras.up.pt\/mon2b\/wp-json\/wp\/v2\/types\/page"}],"author":[{"embeddable":true,"href":"https:\/\/id.letras.up.pt\/mon2b\/wp-json\/wp\/v2\/users\/1"}],"replies":[{"embeddable":true,"href":"https:\/\/id.letras.up.pt\/mon2b\/wp-json\/wp\/v2\/comments?post=489"}],"version-history":[{"count":8,"href":"https:\/\/id.letras.up.pt\/mon2b\/wp-json\/wp\/v2\/pages\/489\/revisions"}],"predecessor-version":[{"id":508,"href":"https:\/\/id.letras.up.pt\/mon2b\/wp-json\/wp\/v2\/pages\/489\/revisions\/508"}],"wp:attachment":[{"href":"https:\/\/id.letras.up.pt\/mon2b\/wp-json\/wp\/v2\/media?parent=489"}],"curies":[{"name":"wp","href":"https:\/\/api.w.org\/{rel}","templated":true}]}}